{"id":14461,"date":"2026-04-29T20:59:53","date_gmt":"2026-04-29T18:59:53","guid":{"rendered":"https:\/\/weinhundert.com\/?page_id=14461"},"modified":"2026-04-29T20:59:53","modified_gmt":"2026-04-29T18:59:53","slug":"generelle-vilkaar-og-betingelser-2","status":"publish","type":"page","link":"https:\/\/weinhundert.com\/da\/generelle-vilkaar-og-betingelser-2\/","title":{"rendered":"Generelle vilk\u00e5r og betingelser"},"content":{"rendered":"<p>[et_pb_section fb_built=&#8221;1&#8243; custom_padding_last_edited=&#8221;on|phone&#8221; module_class=&#8221;woo-landing-hero-section&#8221; _builder_version=&#8221;4.27.4&#8243; _module_preset=&#8221;default&#8221; background_color=&#8221;gcid-2364a8b1-6ac0-4f28-9c30-dfd357b4c44e&#8221; custom_margin=&#8221;||||false|false&#8221; custom_padding=&#8221;242px||0px||false|false&#8221; custom_padding_tablet=&#8221;195px||0px||false|false&#8221; custom_padding_phone=&#8221;150px||0px||false|false&#8221; background_last_edited=&#8221;on|phone&#8221; use_background_color_gradient_phone=&#8221;off&#8221; locked=&#8221;off&#8221; global_colors_info=&#8221;{%22gcid-2364a8b1-6ac0-4f28-9c30-dfd357b4c44e%22:%91%22background_color%22%93}&#8221;][et_pb_row use_custom_gutter=&#8221;on&#8221; gutter_width=&#8221;1&#8243; module_class=&#8221;woo-landing&#8221; _builder_version=&#8221;4.27.4&#8243; _module_preset=&#8221;default&#8221; custom_padding=&#8221;0px||0px||true|false&#8221; global_colors_info=&#8221;{}&#8221;][et_pb_column type=&#8221;4_4&#8243; _builder_version=&#8221;4.27.4&#8243; _module_preset=&#8221;default&#8221; global_colors_info=&#8221;{}&#8221;][et_pb_text admin_label=&#8221;AGB&#8221; module_class=&#8221;h1&#8243; _builder_version=&#8221;4.27.4&#8243; _module_preset=&#8221;default&#8221; text_font=&#8221;|||on|||||&#8221; header_font=&#8221;Inter|600|||||||&#8221; text_orientation=&#8221;center&#8221; custom_margin=&#8221;||9px||false|false&#8221; custom_margin_tablet=&#8221;||0px||false|false&#8221; custom_margin_phone=&#8221;||0px||false|false&#8221; custom_margin_last_edited=&#8221;on|tablet&#8221; animation_style=&#8221;slide&#8221; animation_direction=&#8221;bottom&#8221; animation_intensity_slide=&#8221;5%&#8221; global_colors_info=&#8221;{}&#8221;]<\/p>\n<h1>GTC<\/h1>\n<p>[\/et_pb_text][\/et_pb_column][\/et_pb_row][\/et_pb_section][et_pb_section fb_built=&#8221;1&#8243; custom_padding_last_edited=&#8221;on|tablet&#8221; module_class=&#8221;agb-content&#8221; _builder_version=&#8221;4.27.4&#8243; _module_preset=&#8221;default&#8221; background_color=&#8221;gcid-2364a8b1-6ac0-4f28-9c30-dfd357b4c44e&#8221; custom_padding=&#8221;60px||141px||false|false&#8221; custom_padding_tablet=&#8221;33px||72px||false|false&#8221; custom_padding_phone=&#8221;16px||52px||false|false&#8221; global_colors_info=&#8221;{%22gcid-2364a8b1-6ac0-4f28-9c30-dfd357b4c44e%22:%91%22background_color%22%93}&#8221;][et_pb_row use_custom_gutter=&#8221;on&#8221; gutter_width=&#8221;1&#8243; make_equal=&#8221;on&#8221; custom_padding_last_edited=&#8221;on|tablet&#8221; _builder_version=&#8221;4.27.4&#8243; _module_preset=&#8221;default&#8221; width=&#8221;90%&#8221; width_tablet=&#8221;80%&#8221; width_phone=&#8221;80%&#8221; width_last_edited=&#8221;on|phone&#8221; max_width=&#8221;90%&#8221; max_width_tablet=&#8221;80%&#8221; max_width_phone=&#8221;80%&#8221; max_width_last_edited=&#8221;on|tablet&#8221; custom_padding=&#8221;0px||0px||false|false&#8221; custom_padding_tablet=&#8221;0px||0px||false|false&#8221; custom_padding_phone=&#8221;0px||||false|false&#8221; border_color_bottom=&#8221;gcid-secondary-color&#8221; global_colors_info=&#8221;{%22gcid-secondary-color%22:%91%22border_color_bottom%22%93}&#8221;][et_pb_column type=&#8221;4_4&#8243; _builder_version=&#8221;4.23.1&#8243; _module_preset=&#8221;default&#8221; global_colors_info=&#8221;{}&#8221;][et_pb_text admin_label=&#8221;Complete AGB Content&#8221; _builder_version=&#8221;4.27.4&#8243; _module_preset=&#8221;default&#8221; header_2_font=&#8221;|600|||||||&#8221; header_2_font_size=&#8221;30px&#8221; header_2_line_height=&#8221;36px&#8221; header_4_font=&#8221;|600|||||||&#8221; custom_margin=&#8221;||0px||false|false&#8221; custom_padding=&#8221;||||false|false&#8221; locked=&#8221;off&#8221; global_colors_info=&#8221;{}&#8221;]<\/p>\n<p>af Weinhundert GmbH<br \/>Rote Stra\u00dfe 12, 24937 Flensburg<br \/>Status: juli 2025<\/p>\n<h2>1. Anvendelsesomr\u00e5de<\/h2>\n<p>Disse generelle vilk\u00e5r og betingelser (GTC) g\u00e6lder for alle ordrer, der afgives af forbrugere (\u00a7 13 BGB) via Weinhundert GmbH&#8217;s online shop p\u00e5 www.weinhundert.de i den version, der er gyldig p\u00e5 ordretidspunktet.<\/p>\n<h2>2. kontraktpartner<\/h2>\n<p>K\u00f8bsaftalen indg\u00e5s med:<br \/>Weinhundert GmbH<br \/>Rote Stra\u00dfe 12<br \/>24937 Flensburg<br \/>E-mail: <a href=\"mailto:shop@weinhundert.de\">shop@weinhundert.de<\/a><br \/>Handelsregister: [inds\u00e6t hvis tilg\u00e6ngelig]<br \/>Direkt\u00f8r: [inds\u00e6t navn].<\/p>\n<h2>3. Tilbud og indg\u00e5else af kontrakt<\/h2>\n<p>Pr\u00e6sentationen af produkterne i onlinebutikken udg\u00f8r ikke et juridisk bindende tilbud, men en opfordring til at bestille. Kontrakten er indg\u00e5et, n\u00e5r vi accepterer din ordre med en ordrebekr\u00e6ftelse via e-mail eller sender varerne. <\/p>\n<h2>4. Beskyttelse af mindre\u00e5rige<\/h2>\n<p>Alkoholiske drikkevarer s\u00e6lges kun til myndige personer (18 \u00e5r og derover). Ved at indsende bestillingen bekr\u00e6fter kunden, at han\/hun er myndig. Digital aldersbekr\u00e6ftelse udf\u00f8res som en del af bestillingsprocessen. Weinhundert GmbH forbeholder sig ret til at foretage en yderligere alderskontrol ved udlevering af varerne.   <\/p>\n<h2>5. Digitale produkter<\/h2>\n<p>Ud over fysiske produkter (vin, spiritus, tilbeh\u00f8r) tilbyder Weinhundert GmbH digitale produkter s\u00e5som e-vouchers og digitale eventbilletter. For digitalt indhold udl\u00f8ber fortrydelsesretten ved starten af ydelsen, hvis kunden udtrykkeligt har givet sit samtykke og var klar over, at fortrydelsesretten dermed ville udl\u00f8be (\u00a7 356, stk. 5, BGB). <\/p>\n<h2>6. Priser og forsendelsesomkostninger<\/h2>\n<p>Alle priser er i euro og inkluderer moms. Ud over de angivne priser opkr\u00e6ver vi forsendelsesomkostninger. Disse vil blive tydeligt kommunikeret under bestillingsprocessen.  <\/p>\n<h2>7. Betalingsbetingelser<\/h2>\n<p>Betaling kan ske via:<\/p>\n<ul>\n<li>Forudbetaling<\/li>\n<li>PayPal<\/li>\n<li>Kreditkort<\/li>\n<li>Faktura (kun for eksisterende kunder)<\/li>\n<\/ul>\n<p>Betaling sker via en sikker SSL-forbindelse. Der er ingen ret til en bestemt betalingsmetode. <\/p>\n<h2>8 Levering og afsendelse<\/h2>\n<p>Levering sker med DHL i Tyskland og i udlandet. Leveringstider og tilg\u00e6ngelighed kan findes i den respektive produktbeskrivelse.<br \/>Forsendelsespartner: DHL<br \/>Risikoen for utilsigtet tab overg\u00e5r til kunden, n\u00e5r varerne overdrages. <\/p>\n<h2>9. Minimumsordrev\u00e6rdi og m\u00e6ngderabatter<\/h2>\n<p>En minimumsordrev\u00e6rdi eller m\u00e6ngderabatter kan blive indf\u00f8rt i fremtiden og vil blive vist i overensstemmelse hermed p\u00e5 hjemmesiden. Betingelserne p\u00e5 bestillingstidspunktet g\u00e6lder. <\/p>\n<h2>10. Fortrydelsesret<\/h2>\n<p>Forbrugere har en lovbestemt fortrydelsesret. Afbestillingsinstruktioner og et eksempel p\u00e5 en afbestillingsformular kan findes i slutningen af disse GTC.<br \/>Kunden b\u00e6rer de direkte omkostninger ved returnering af varerne. <\/p>\n<p><strong>Undtagelser fra fortrydelsesretten:<\/strong><\/p>\n<ul>\n<li>Forseglede varer, der ikke er egnet til at blive returneret af hensyn til sundhedsbeskyttelse eller hygiejne, hvis forseglingen er blevet fjernet efter levering.<\/li>\n<li>Digitalt indhold, s\u00e5 snart udf\u00f8relsen er begyndt (se punkt 5).<\/li>\n<\/ul>\n<h2>11. Forbehold for ejendomsret<\/h2>\n<p>Varerne forbliver Weinhundert GmbH&#8217;s ejendom, indtil den fulde betaling er foretaget.<\/p>\n<h2>12. Garanti<\/h2>\n<p>Det lovbestemte ansvar for mangler g\u00e6lder.<\/p>\n<h2>13. L\u00f8sning af tvister<\/h2>\n<p>Europa-Kommissionen stiller en platform til r\u00e5dighed for online tvistbil\u00e6ggelse (OS):<br \/><a href=\"https:\/\/ec.europa.eu\/consumers\/odr\/\" target=\"_blank\" rel=\"noopener nofollow\">https:\/\/ec.europa.eu\/consumers\/odr\/<\/a><br \/>Vi er ikke forpligtet til og ikke villige til at deltage i tvistbil\u00e6ggelsesprocedurer ved et forbrugervoldgiftsn\u00e6vn.<\/p>\n<h2>14. Afsluttende bestemmelser<\/h2>\n<p>Tysk lov g\u00e6lder under udelukkelse af FN&#8217;s konvention om aftaler om internationalt salg af varer.<br \/>Hvis enkelte bestemmelser i disse GTC er ugyldige, forbliver gyldigheden af de resterende bestemmelser up\u00e5virket.<\/p>\n<h2>Politik for afbestilling<\/h2>\n<p>Fortrydelsesret<strong>:<\/strong><br \/>Du har ret til at fortryde denne kontrakt inden for fjorten dage uden at angive nogen grund.<br \/>Fortrydelsesfristen er fjorten dage fra den dag, hvor du eller en tredjepart, der er udpeget af dig, modtog varerne.<\/p>\n<p>For at g\u00f8re brug af fortrydelsesretten skal du informere os (Weinhundert GmbH, Rote Stra\u00dfe 12, 24937 Flensburg, e-mail: <a href=\"mailto:shop@weinhundert.de\">shop@weinhundert.de)<\/a> om din beslutning ved en tydelig erkl\u00e6ring (f.eks. et brev sendt med posten eller en e-mail).<\/p>\n<p><strong>Konsekvenser<\/strong> af fortrydelse:<br \/>Hvis du fortryder denne aftale, refunderer vi alle betalinger, herunder leveringsomkostninger (med undtagelse af ekstra omkostninger som f\u00f8lge af, at du har valgt en anden type levering), med det samme og senest 14 dage fra den dag, hvor vi har modtaget meddelelse om din fortrydelse.<\/p>\n<p>Ved tilbagebetaling benytter vi samme betalingsmiddel, som du benyttede ved den oprindelige transaktion. Vi kan n\u00e6gte at refundere dig, indtil vi har modtaget varerne tilbage, eller du har fremlagt bevis for, at du har returneret varerne. <\/p>\n<p>Du b\u00e6rer de direkte omkostninger ved at returnere varerne.<\/p>\n<p>[\/et_pb_text][\/et_pb_column][\/et_pb_row][\/et_pb_section]<\/p>\n","protected":false},"excerpt":{"rendered":"<p>GTCaf Weinhundert GmbHRote Stra\u00dfe 12, 24937 FlensburgStatus: juli 2025 1. Anvendelsesomr\u00e5de Disse generelle vilk\u00e5r og betingelser (GTC) g\u00e6lder for alle ordrer, der afgives af forbrugere (\u00a7 13 BGB) via Weinhundert [&hellip;]<\/p>\n","protected":false},"author":1,"featured_media":0,"parent":0,"menu_order":0,"comment_status":"closed","ping_status":"closed","template":"","meta":{"_acf_changed":false,"_et_pb_use_builder":"on","_et_pb_old_content":"","_et_gb_content_width":"","inline_featured_image":false,"_price":"","_stock":"","_tribe_ticket_header":"","_tribe_default_ticket_provider":"","_tribe_ticket_capacity":"0","_ticket_start_date":"","_ticket_end_date":"","_tribe_ticket_show_description":"","_tribe_ticket_show_not_going":false,"_tribe_ticket_use_global_stock":"","_tribe_ticket_global_stock_level":"","_global_stock_mode":"","_global_stock_cap":"","_tribe_rsvp_for_event":"","_tribe_ticket_going_count":"","_tribe_ticket_not_going_count":"","_tribe_tickets_list":"[]","_tribe_ticket_has_attendee_info_fields":false,"footnotes":""},"class_list":["post-14461","page","type-page","status-publish","hentry"],"acf":[],"_links":{"self":[{"href":"https:\/\/weinhundert.com\/da\/wp-json\/wp\/v2\/pages\/14461","targetHints":{"allow":["GET"]}}],"collection":[{"href":"https:\/\/weinhundert.com\/da\/wp-json\/wp\/v2\/pages"}],"about":[{"href":"https:\/\/weinhundert.com\/da\/wp-json\/wp\/v2\/types\/page"}],"author":[{"embeddable":true,"href":"https:\/\/weinhundert.com\/da\/wp-json\/wp\/v2\/users\/1"}],"replies":[{"embeddable":true,"href":"https:\/\/weinhundert.com\/da\/wp-json\/wp\/v2\/comments?post=14461"}],"version-history":[{"count":0,"href":"https:\/\/weinhundert.com\/da\/wp-json\/wp\/v2\/pages\/14461\/revisions"}],"wp:attachment":[{"href":"https:\/\/weinhundert.com\/da\/wp-json\/wp\/v2\/media?parent=14461"}],"curies":[{"name":"wp","href":"https:\/\/api.w.org\/{rel}","templated":true}]}}