{"id":11441,"date":"2026-03-31T21:00:24","date_gmt":"2026-03-31T19:00:24","guid":{"rendered":"https:\/\/weinhundert.com\/produkt\/la-braccesca-merlot-1999-075-l\/"},"modified":"2026-04-02T13:14:02","modified_gmt":"2026-04-02T11:14:02","slug":"la-braccesca-merlot-1999-075-l","status":"publish","type":"product","link":"https:\/\/weinhundert.com\/da\/produkt\/la-braccesca-merlot-1999-075-l\/","title":{"rendered":"La Braccesca Merlot  1999 0,75 l"},"content":{"rendered":"<p>Dieser toskanische Merlot aus dem Hause Antinori zeigt, wie gut die Rebsorte in Italien funktioniert \u2013 volle Frucht, aber mit einer sch\u00f6nen W\u00fcrze, die ihn von den klassischen Interpretationen unterscheidet. Der 1999er hat \u00fcber die Jahre an Tiefe gewonnen und pr\u00e4sentiert sich jetzt mit reifen Beerennoten, die mit feinen Kr\u00e4utert\u00f6nen spielen. Das Ganze sitzt auf einer stabilen Struktur, die ihm Charakter und Grip verleiht. Passt hervorragend zu kr\u00e4ftigen Pasta-Gerichten, Wildragout oder reifem K\u00e4se.<\/p>\n","protected":false},"excerpt":{"rendered":"<p>Reifer italienischer Klassiker mit Biss \u2013 w\u00fcrziger Merlot aus der Toskana mit feinen Beerennoten.<\/p>\n","protected":false},"featured_media":11442,"comment_status":"open","ping_status":"closed","template":"","meta":{"_acf_changed":false,"_et_pb_use_builder":"","_et_pb_old_content":"","_et_gb_content_width":"","inline_featured_image":false,"_price":"30.00","_stock":"4","_tribe_ticket_header":"","_tribe_default_ticket_provider":"","_tribe_ticket_capacity":"","_ticket_start_date":"","_ticket_end_date":"","_tribe_ticket_show_description":"","_tribe_ticket_show_not_going":false,"_tribe_ticket_use_global_stock":"","_tribe_ticket_global_stock_level":"","_global_stock_mode":"","_global_stock_cap":"","_tribe_rsvp_for_event":"","_tribe_ticket_going_count":"","_tribe_ticket_not_going_count":"","_tribe_tickets_list":"[]","_tribe_ticket_has_attendee_info_fields":false,"_tec_slr_enabled":"","_tec_slr_layout":""},"product_brand":[],"product_cat":[124],"product_tag":[],"class_list":{"0":"post-11441","1":"product","2":"type-product","3":"status-publish","4":"has-post-thumbnail","6":"product_cat-rotwein","8":"first","9":"instock","10":"taxable","11":"shipping-taxable","12":"purchasable","13":"product-type-simple"},"acf":[],"_links":{"self":[{"href":"https:\/\/weinhundert.com\/da\/wp-json\/wp\/v2\/product\/11441","targetHints":{"allow":["GET"]}}],"collection":[{"href":"https:\/\/weinhundert.com\/da\/wp-json\/wp\/v2\/product"}],"about":[{"href":"https:\/\/weinhundert.com\/da\/wp-json\/wp\/v2\/types\/product"}],"replies":[{"embeddable":true,"href":"https:\/\/weinhundert.com\/da\/wp-json\/wp\/v2\/comments?post=11441"}],"wp:featuredmedia":[{"embeddable":true,"href":"https:\/\/weinhundert.com\/da\/wp-json\/wp\/v2\/media\/11442"}],"wp:attachment":[{"href":"https:\/\/weinhundert.com\/da\/wp-json\/wp\/v2\/media?parent=11441"}],"wp:term":[{"taxonomy":"product_brand","embeddable":true,"href":"https:\/\/weinhundert.com\/da\/wp-json\/wp\/v2\/product_brand?post=11441"},{"taxonomy":"product_cat","embeddable":true,"href":"https:\/\/weinhundert.com\/da\/wp-json\/wp\/v2\/product_cat?post=11441"},{"taxonomy":"product_tag","embeddable":true,"href":"https:\/\/weinhundert.com\/da\/wp-json\/wp\/v2\/product_tag?post=11441"}],"curies":[{"name":"wp","href":"https:\/\/api.w.org\/{rel}","templated":true}]}}