{"id":11443,"date":"2026-03-31T21:00:42","date_gmt":"2026-03-31T19:00:42","guid":{"rendered":"https:\/\/weinhundert.com\/produkt\/ziegler-waldhimbeergeist-070-l\/"},"modified":"2026-04-02T13:14:06","modified_gmt":"2026-04-02T11:14:06","slug":"ziegler-waldhimbeergeist-070-l","status":"publish","type":"product","link":"https:\/\/weinhundert.com\/da\/produkt\/ziegler-waldhimbeergeist-070-l\/","title":{"rendered":"Ziegler Waldhimbeergeist 0,70 l"},"content":{"rendered":"<p>Dieser Waldhimbeergeist aus dem Hause Ziegler bringt dir das intensive Aroma frisch gepfl\u00fcckter Waldhimbeeren direkt ins Glas \u2013 ohne Schnickschnack, einfach nur pures Frucht-Vergn\u00fcgen. Mit 43% Alkohol hat er eine w\u00e4rmende Kraft, die perfekt in den gem\u00fctlichen Abend passt. Die Br\u00fcder aus Freudenberg wissen, wie man Klassiker macht: bodenst\u00e4ndig und unmittelbar. Du kannst ihn pur genie\u00dfen, mit ein paar Eisw\u00fcrfeln oder auch kreativ im Cocktail einsetzen. Zu Desserts mit Beeren oder als Digestif nach dem Essen \u2013 er macht immer eine gute Figur.<\/p>\n","protected":false},"excerpt":{"rendered":"<p>Intensive Waldhimbeeren aus Freudenberg, pur oder im Cocktail unschlagbar. 43% pures Genussvergn\u00fcgen.<\/p>\n","protected":false},"featured_media":11444,"comment_status":"open","ping_status":"closed","template":"","meta":{"_acf_changed":false,"_et_pb_use_builder":"","_et_pb_old_content":"","_et_gb_content_width":"","inline_featured_image":false,"_price":"49.90","_stock":"-1","_tribe_ticket_header":"","_tribe_default_ticket_provider":"","_tribe_ticket_capacity":"","_ticket_start_date":"","_ticket_end_date":"","_tribe_ticket_show_description":"","_tribe_ticket_show_not_going":false,"_tribe_ticket_use_global_stock":"","_tribe_ticket_global_stock_level":"","_global_stock_mode":"","_global_stock_cap":"","_tribe_rsvp_for_event":"","_tribe_ticket_going_count":"","_tribe_ticket_not_going_count":"","_tribe_tickets_list":"[]","_tribe_ticket_has_attendee_info_fields":false,"_tec_slr_enabled":"","_tec_slr_layout":""},"product_brand":[],"product_cat":[127],"product_tag":[],"class_list":{"0":"post-11443","1":"product","2":"type-product","3":"status-publish","4":"has-post-thumbnail","6":"product_cat-spirituosen","8":"first","9":"outofstock","10":"taxable","11":"shipping-taxable","12":"purchasable","13":"product-type-simple"},"acf":[],"_links":{"self":[{"href":"https:\/\/weinhundert.com\/da\/wp-json\/wp\/v2\/product\/11443","targetHints":{"allow":["GET"]}}],"collection":[{"href":"https:\/\/weinhundert.com\/da\/wp-json\/wp\/v2\/product"}],"about":[{"href":"https:\/\/weinhundert.com\/da\/wp-json\/wp\/v2\/types\/product"}],"replies":[{"embeddable":true,"href":"https:\/\/weinhundert.com\/da\/wp-json\/wp\/v2\/comments?post=11443"}],"wp:featuredmedia":[{"embeddable":true,"href":"https:\/\/weinhundert.com\/da\/wp-json\/wp\/v2\/media\/11444"}],"wp:attachment":[{"href":"https:\/\/weinhundert.com\/da\/wp-json\/wp\/v2\/media?parent=11443"}],"wp:term":[{"taxonomy":"product_brand","embeddable":true,"href":"https:\/\/weinhundert.com\/da\/wp-json\/wp\/v2\/product_brand?post=11443"},{"taxonomy":"product_cat","embeddable":true,"href":"https:\/\/weinhundert.com\/da\/wp-json\/wp\/v2\/product_cat?post=11443"},{"taxonomy":"product_tag","embeddable":true,"href":"https:\/\/weinhundert.com\/da\/wp-json\/wp\/v2\/product_tag?post=11443"}],"curies":[{"name":"wp","href":"https:\/\/api.w.org\/{rel}","templated":true}]}}