{"id":11445,"date":"2026-03-31T21:01:02","date_gmt":"2026-03-31T19:01:02","guid":{"rendered":"https:\/\/weinhundert.com\/produkt\/ziegler-obstbrand-070-l\/"},"modified":"2026-04-02T13:14:10","modified_gmt":"2026-04-02T11:14:10","slug":"ziegler-obstbrand-070-l","status":"publish","type":"product","link":"https:\/\/weinhundert.com\/da\/produkt\/ziegler-obstbrand-070-l\/","title":{"rendered":"Ziegler Obstbrand 0,70 l"},"content":{"rendered":"<p>Dieser Obstbrand aus dem Hause Ziegler ist eine echte \u00dcberraschung f\u00fcr alle, die ihren Schnaps lieber fruchtig und unkompliziert m\u00f6gen. Mit Apfel und Birne aus bester deutscher Ernte gebrannt, schmeckt er erfrischend authentisch \u2013 nicht zu s\u00fc\u00df, nicht zu hart, sondern einfach ehrlich gut. Bei 43 Prozent Alkohol hat er eine angenehme W\u00e4rmung im Bauch, ohne dich zu \u00fcberw\u00e4ltigen. Perfekt pur im Schnapsglas als Digestif nach einer guten Mahlzeit, oder du versuchst ihn mal in deinem n\u00e4chsten Cocktail.<\/p>\n","protected":false},"excerpt":{"rendered":"<p>Fruchtiger Klassiker aus Franken: Apfel und Birne in 43 Prozent purer Genuss. Pur oder im Cocktail \u2013 authentisch und ehrlich gut.<\/p>\n","protected":false},"featured_media":11446,"comment_status":"open","ping_status":"closed","template":"","meta":{"_acf_changed":false,"_et_pb_use_builder":"","_et_pb_old_content":"","_et_gb_content_width":"","inline_featured_image":false,"_price":"26.90","_stock":"-1","_tribe_ticket_header":"","_tribe_default_ticket_provider":"","_tribe_ticket_capacity":"","_ticket_start_date":"","_ticket_end_date":"","_tribe_ticket_show_description":"","_tribe_ticket_show_not_going":false,"_tribe_ticket_use_global_stock":"","_tribe_ticket_global_stock_level":"","_global_stock_mode":"","_global_stock_cap":"","_tribe_rsvp_for_event":"","_tribe_ticket_going_count":"","_tribe_ticket_not_going_count":"","_tribe_tickets_list":"[]","_tribe_ticket_has_attendee_info_fields":false,"_tec_slr_enabled":"","_tec_slr_layout":""},"product_brand":[],"product_cat":[127],"product_tag":[],"class_list":{"0":"post-11445","1":"product","2":"type-product","3":"status-publish","4":"has-post-thumbnail","6":"product_cat-spirituosen","8":"first","9":"outofstock","10":"taxable","11":"shipping-taxable","12":"purchasable","13":"product-type-simple"},"acf":[],"_links":{"self":[{"href":"https:\/\/weinhundert.com\/da\/wp-json\/wp\/v2\/product\/11445","targetHints":{"allow":["GET"]}}],"collection":[{"href":"https:\/\/weinhundert.com\/da\/wp-json\/wp\/v2\/product"}],"about":[{"href":"https:\/\/weinhundert.com\/da\/wp-json\/wp\/v2\/types\/product"}],"replies":[{"embeddable":true,"href":"https:\/\/weinhundert.com\/da\/wp-json\/wp\/v2\/comments?post=11445"}],"wp:featuredmedia":[{"embeddable":true,"href":"https:\/\/weinhundert.com\/da\/wp-json\/wp\/v2\/media\/11446"}],"wp:attachment":[{"href":"https:\/\/weinhundert.com\/da\/wp-json\/wp\/v2\/media?parent=11445"}],"wp:term":[{"taxonomy":"product_brand","embeddable":true,"href":"https:\/\/weinhundert.com\/da\/wp-json\/wp\/v2\/product_brand?post=11445"},{"taxonomy":"product_cat","embeddable":true,"href":"https:\/\/weinhundert.com\/da\/wp-json\/wp\/v2\/product_cat?post=11445"},{"taxonomy":"product_tag","embeddable":true,"href":"https:\/\/weinhundert.com\/da\/wp-json\/wp\/v2\/product_tag?post=11445"}],"curies":[{"name":"wp","href":"https:\/\/api.w.org\/{rel}","templated":true}]}}