{"id":11449,"date":"2026-03-31T21:01:39","date_gmt":"2026-03-31T19:01:39","guid":{"rendered":"https:\/\/weinhundert.com\/produkt\/nonino-grappa-il-moscato-070-l\/"},"modified":"2026-04-02T13:14:18","modified_gmt":"2026-04-02T11:14:18","slug":"nonino-grappa-il-moscato-070-l","status":"publish","type":"product","link":"https:\/\/weinhundert.com\/da\/produkt\/nonino-grappa-il-moscato-070-l\/","title":{"rendered":"Nonino Grappa il Moscato 0,70 l"},"content":{"rendered":"<p>Diese Grappa aus dem Friaul ist wie fl\u00fcssige Moscato-Traube in ihrer reinsten Form \u2013 intensiv aromatisch und wunderbar fruchtig. Nonino hat hier Traubenvollendung in die Flasche gebracht und l\u00e4sst dich direkt in die s\u00fc\u00dflich-blumige Welt des Moscato eintauchen. Die 41% machen sich dabei angenehm bemerkbar, ohne dabei aufdringlich zu wirken. Das Zeug passt hervorragend zu w\u00fcrzigen Desserts, intensiven K\u00e4sesorten oder einfach pur als Digestif nach dem Essen.<\/p>\n","protected":false},"excerpt":{"rendered":"<p>Fruchtbombe aus Italien: Moscato-Grappa mit intensivem Aroma und 41% Power \u2013 perfekt zum Genie\u00dfen.<\/p>\n","protected":false},"featured_media":11450,"comment_status":"open","ping_status":"closed","template":"","meta":{"_acf_changed":false,"_et_pb_use_builder":"","_et_pb_old_content":"","_et_gb_content_width":"","inline_featured_image":false,"_price":"23.90","_stock":"8","_tribe_ticket_header":"","_tribe_default_ticket_provider":"","_tribe_ticket_capacity":"","_ticket_start_date":"","_ticket_end_date":"","_tribe_ticket_show_description":"","_tribe_ticket_show_not_going":false,"_tribe_ticket_use_global_stock":"","_tribe_ticket_global_stock_level":"","_global_stock_mode":"","_global_stock_cap":"","_tribe_rsvp_for_event":"","_tribe_ticket_going_count":"","_tribe_ticket_not_going_count":"","_tribe_tickets_list":"[]","_tribe_ticket_has_attendee_info_fields":false,"_tec_slr_enabled":"","_tec_slr_layout":""},"product_brand":[],"product_cat":[127],"product_tag":[],"class_list":{"0":"post-11449","1":"product","2":"type-product","3":"status-publish","4":"has-post-thumbnail","6":"product_cat-spirituosen","8":"first","9":"instock","10":"taxable","11":"shipping-taxable","12":"purchasable","13":"product-type-simple"},"acf":[],"_links":{"self":[{"href":"https:\/\/weinhundert.com\/da\/wp-json\/wp\/v2\/product\/11449","targetHints":{"allow":["GET"]}}],"collection":[{"href":"https:\/\/weinhundert.com\/da\/wp-json\/wp\/v2\/product"}],"about":[{"href":"https:\/\/weinhundert.com\/da\/wp-json\/wp\/v2\/types\/product"}],"replies":[{"embeddable":true,"href":"https:\/\/weinhundert.com\/da\/wp-json\/wp\/v2\/comments?post=11449"}],"wp:featuredmedia":[{"embeddable":true,"href":"https:\/\/weinhundert.com\/da\/wp-json\/wp\/v2\/media\/11450"}],"wp:attachment":[{"href":"https:\/\/weinhundert.com\/da\/wp-json\/wp\/v2\/media?parent=11449"}],"wp:term":[{"taxonomy":"product_brand","embeddable":true,"href":"https:\/\/weinhundert.com\/da\/wp-json\/wp\/v2\/product_brand?post=11449"},{"taxonomy":"product_cat","embeddable":true,"href":"https:\/\/weinhundert.com\/da\/wp-json\/wp\/v2\/product_cat?post=11449"},{"taxonomy":"product_tag","embeddable":true,"href":"https:\/\/weinhundert.com\/da\/wp-json\/wp\/v2\/product_tag?post=11449"}],"curies":[{"name":"wp","href":"https:\/\/api.w.org\/{rel}","templated":true}]}}