{"id":11451,"date":"2026-03-31T21:01:56","date_gmt":"2026-03-31T19:01:56","guid":{"rendered":"https:\/\/weinhundert.com\/produkt\/nonoino-grappa-chardonnay-070-l\/"},"modified":"2026-04-02T13:14:22","modified_gmt":"2026-04-02T11:14:22","slug":"nonoino-grappa-chardonnay-070-l","status":"publish","type":"product","link":"https:\/\/weinhundert.com\/da\/produkt\/nonoino-grappa-chardonnay-070-l\/","title":{"rendered":"Nonoino Grappa Chardonnay 0,70 l"},"content":{"rendered":"<p>Diese Grappa aus dem Friaul ist ein echtes Handwerk der italienischen Destillerie Nonino \u2013 gemacht aus Chardonnay-Trauber, die mit viel Fingerspitzengef\u00fchl gebrannt werden. Das Ergebnis schmeckt nach reifen Birnen, feinen Bl\u00fctennoten und einer w\u00e4rmenden, w\u00fcrzigen Note, die dir sofort zeigt: hier hat einer gewusst, was er tut. Mit 41 Prozent Alkohol sitzt sie kraftvoll im Glas, aber nie brutal \u2013 eher wie ein selbstbewusster Typ, der nicht laut sein muss. Perfekt als Verdauungsschnaps nach einem reichhaltigen Essen oder pur genossen, um den Abend gem\u00fctlich ausklingen zu lassen.<\/p>\n","protected":false},"excerpt":{"rendered":"<p>Vollmundige Chardonnay-Grappa aus dem Friaul mit Birnen- und Bl\u00fctenaromen. Kraftvoll, handwerklich perfekt, italienische Destillierkunst pur.<\/p>\n","protected":false},"featured_media":11452,"comment_status":"open","ping_status":"closed","template":"","meta":{"_acf_changed":false,"_et_pb_use_builder":"","_et_pb_old_content":"","_et_gb_content_width":"","inline_featured_image":false,"_price":"24.90","_stock":"-1","_tribe_ticket_header":"","_tribe_default_ticket_provider":"","_tribe_ticket_capacity":"","_ticket_start_date":"","_ticket_end_date":"","_tribe_ticket_show_description":"","_tribe_ticket_show_not_going":false,"_tribe_ticket_use_global_stock":"","_tribe_ticket_global_stock_level":"","_global_stock_mode":"","_global_stock_cap":"","_tribe_rsvp_for_event":"","_tribe_ticket_going_count":"","_tribe_ticket_not_going_count":"","_tribe_tickets_list":"[]","_tribe_ticket_has_attendee_info_fields":false,"_tec_slr_enabled":"","_tec_slr_layout":""},"product_brand":[],"product_cat":[127],"product_tag":[],"class_list":{"0":"post-11451","1":"product","2":"type-product","3":"status-publish","4":"has-post-thumbnail","6":"product_cat-spirituosen","8":"first","9":"outofstock","10":"taxable","11":"shipping-taxable","12":"purchasable","13":"product-type-simple"},"acf":[],"_links":{"self":[{"href":"https:\/\/weinhundert.com\/da\/wp-json\/wp\/v2\/product\/11451","targetHints":{"allow":["GET"]}}],"collection":[{"href":"https:\/\/weinhundert.com\/da\/wp-json\/wp\/v2\/product"}],"about":[{"href":"https:\/\/weinhundert.com\/da\/wp-json\/wp\/v2\/types\/product"}],"replies":[{"embeddable":true,"href":"https:\/\/weinhundert.com\/da\/wp-json\/wp\/v2\/comments?post=11451"}],"wp:featuredmedia":[{"embeddable":true,"href":"https:\/\/weinhundert.com\/da\/wp-json\/wp\/v2\/media\/11452"}],"wp:attachment":[{"href":"https:\/\/weinhundert.com\/da\/wp-json\/wp\/v2\/media?parent=11451"}],"wp:term":[{"taxonomy":"product_brand","embeddable":true,"href":"https:\/\/weinhundert.com\/da\/wp-json\/wp\/v2\/product_brand?post=11451"},{"taxonomy":"product_cat","embeddable":true,"href":"https:\/\/weinhundert.com\/da\/wp-json\/wp\/v2\/product_cat?post=11451"},{"taxonomy":"product_tag","embeddable":true,"href":"https:\/\/weinhundert.com\/da\/wp-json\/wp\/v2\/product_tag?post=11451"}],"curies":[{"name":"wp","href":"https:\/\/api.w.org\/{rel}","templated":true}]}}