{"id":11459,"date":"2026-03-31T21:03:14","date_gmt":"2026-03-31T19:03:14","guid":{"rendered":"https:\/\/weinhundert.com\/produkt\/chateau-ste-michelle-col-solare-2011-075-l\/"},"modified":"2026-04-02T13:14:38","modified_gmt":"2026-04-02T11:14:38","slug":"chateau-ste-michelle-col-solare-2011-075-l","status":"publish","type":"product","link":"https:\/\/weinhundert.com\/da\/produkt\/chateau-ste-michelle-col-solare-2011-075-l\/","title":{"rendered":"Chateau Ste. Michelle Col Solare 2011 0,75 l"},"content":{"rendered":"<p>Dieser Washington Rotwein zeigt dir, was die amerikanische Westk\u00fcste draufhat \u2013 kraftvoll, aber mit echtem Charakter. Die Mischung aus Cabernet Sauvignon, Cabernet Franc, Merlot und Syrah bringt dir dunkle Fr\u00fcchte, w\u00fcrzige Noten und ein sch\u00f6nes Mundgef\u00fchl, das nicht aufdringlich wirkt. Mit 14 Prozent Alkohol sitzt er perfekt im Gleichgewicht. Der 2011er Jahrgang ist reif zum Trinken und macht sich wunderbar zu gegrilltem Roastbeef, Pasta mit Fleischsauce oder intensiven K\u00e4sevariationen.<\/p>\n","protected":false},"excerpt":{"rendered":"<p>Kraftvoller Washington Blend: Cabernet, Merlot und Syrah mit w\u00fcrziger Tiefe und echtem Fleischbegleiter-Potenzial.<\/p>\n","protected":false},"featured_media":11460,"comment_status":"open","ping_status":"closed","template":"","meta":{"_acf_changed":false,"_et_pb_use_builder":"","_et_pb_old_content":"","_et_gb_content_width":"","inline_featured_image":false,"_price":"69.90","_stock":"-1","_tribe_ticket_header":"","_tribe_default_ticket_provider":"","_tribe_ticket_capacity":"","_ticket_start_date":"","_ticket_end_date":"","_tribe_ticket_show_description":"","_tribe_ticket_show_not_going":false,"_tribe_ticket_use_global_stock":"","_tribe_ticket_global_stock_level":"","_global_stock_mode":"","_global_stock_cap":"","_tribe_rsvp_for_event":"","_tribe_ticket_going_count":"","_tribe_ticket_not_going_count":"","_tribe_tickets_list":"[]","_tribe_ticket_has_attendee_info_fields":false,"_tec_slr_enabled":"","_tec_slr_layout":""},"product_brand":[],"product_cat":[124],"product_tag":[],"class_list":{"0":"post-11459","1":"product","2":"type-product","3":"status-publish","4":"has-post-thumbnail","6":"product_cat-rotwein","8":"first","9":"outofstock","10":"taxable","11":"shipping-taxable","12":"purchasable","13":"product-type-simple"},"acf":[],"_links":{"self":[{"href":"https:\/\/weinhundert.com\/da\/wp-json\/wp\/v2\/product\/11459","targetHints":{"allow":["GET"]}}],"collection":[{"href":"https:\/\/weinhundert.com\/da\/wp-json\/wp\/v2\/product"}],"about":[{"href":"https:\/\/weinhundert.com\/da\/wp-json\/wp\/v2\/types\/product"}],"replies":[{"embeddable":true,"href":"https:\/\/weinhundert.com\/da\/wp-json\/wp\/v2\/comments?post=11459"}],"wp:featuredmedia":[{"embeddable":true,"href":"https:\/\/weinhundert.com\/da\/wp-json\/wp\/v2\/media\/11460"}],"wp:attachment":[{"href":"https:\/\/weinhundert.com\/da\/wp-json\/wp\/v2\/media?parent=11459"}],"wp:term":[{"taxonomy":"product_brand","embeddable":true,"href":"https:\/\/weinhundert.com\/da\/wp-json\/wp\/v2\/product_brand?post=11459"},{"taxonomy":"product_cat","embeddable":true,"href":"https:\/\/weinhundert.com\/da\/wp-json\/wp\/v2\/product_cat?post=11459"},{"taxonomy":"product_tag","embeddable":true,"href":"https:\/\/weinhundert.com\/da\/wp-json\/wp\/v2\/product_tag?post=11459"}],"curies":[{"name":"wp","href":"https:\/\/api.w.org\/{rel}","templated":true}]}}