{"id":11461,"date":"2026-03-31T21:03:28","date_gmt":"2026-03-31T19:03:28","guid":{"rendered":"https:\/\/weinhundert.com\/produkt\/argiano-solengo-2005-075-l\/"},"modified":"2026-04-02T13:14:42","modified_gmt":"2026-04-02T11:14:42","slug":"argiano-solengo-2005-075-l","status":"publish","type":"product","link":"https:\/\/weinhundert.com\/da\/produkt\/argiano-solengo-2005-075-l\/","title":{"rendered":"Argiano Solengo  2005 0,75 l"},"content":{"rendered":"<p>Dieser Argiano aus dem Jahr 2005 ist ein echter Charakter-Kerl aus der Toskana, der dir zeigt, was ein klassischer Rotwein-Mix draufhat. Cabernet, Merlot und Syrah tanzen hier gemeinsam und bringen dir Tiefe, Kraft und eine feine W\u00fcrzigkeit ins Glas \u2013 mit 14 Prozent Alkohol bleibt er dabei v\u00f6llig im Gleichgewicht. Nach fast zwei Dekaden im Keller hat dieser Typ jetzt genau die richtige Geduld hinter sich und wartet darauf, dass du ihn endlich \u00f6ffnest. Perfekt zu kr\u00e4ftiger Pasta mit Rag\u00f9, gegrilltem Fleisch oder einem guten Steak.<\/p>\n","protected":false},"excerpt":{"rendered":"<p>S\u00fcditalienischer Klassiker aus 2005: Cabernet, Merlot und Syrah in perfekter Reife.<\/p>\n","protected":false},"featured_media":11462,"comment_status":"open","ping_status":"closed","template":"","meta":{"_acf_changed":false,"_et_pb_use_builder":"","_et_pb_old_content":"","_et_gb_content_width":"","inline_featured_image":false,"_price":"47.90","_stock":"-1","_tribe_ticket_header":"","_tribe_default_ticket_provider":"","_tribe_ticket_capacity":"","_ticket_start_date":"","_ticket_end_date":"","_tribe_ticket_show_description":"","_tribe_ticket_show_not_going":false,"_tribe_ticket_use_global_stock":"","_tribe_ticket_global_stock_level":"","_global_stock_mode":"","_global_stock_cap":"","_tribe_rsvp_for_event":"","_tribe_ticket_going_count":"","_tribe_ticket_not_going_count":"","_tribe_tickets_list":"[]","_tribe_ticket_has_attendee_info_fields":false,"_tec_slr_enabled":"","_tec_slr_layout":""},"product_brand":[],"product_cat":[124],"product_tag":[],"class_list":{"0":"post-11461","1":"product","2":"type-product","3":"status-publish","4":"has-post-thumbnail","6":"product_cat-rotwein","8":"first","9":"outofstock","10":"taxable","11":"shipping-taxable","12":"purchasable","13":"product-type-simple"},"acf":[],"_links":{"self":[{"href":"https:\/\/weinhundert.com\/da\/wp-json\/wp\/v2\/product\/11461","targetHints":{"allow":["GET"]}}],"collection":[{"href":"https:\/\/weinhundert.com\/da\/wp-json\/wp\/v2\/product"}],"about":[{"href":"https:\/\/weinhundert.com\/da\/wp-json\/wp\/v2\/types\/product"}],"replies":[{"embeddable":true,"href":"https:\/\/weinhundert.com\/da\/wp-json\/wp\/v2\/comments?post=11461"}],"wp:featuredmedia":[{"embeddable":true,"href":"https:\/\/weinhundert.com\/da\/wp-json\/wp\/v2\/media\/11462"}],"wp:attachment":[{"href":"https:\/\/weinhundert.com\/da\/wp-json\/wp\/v2\/media?parent=11461"}],"wp:term":[{"taxonomy":"product_brand","embeddable":true,"href":"https:\/\/weinhundert.com\/da\/wp-json\/wp\/v2\/product_brand?post=11461"},{"taxonomy":"product_cat","embeddable":true,"href":"https:\/\/weinhundert.com\/da\/wp-json\/wp\/v2\/product_cat?post=11461"},{"taxonomy":"product_tag","embeddable":true,"href":"https:\/\/weinhundert.com\/da\/wp-json\/wp\/v2\/product_tag?post=11461"}],"curies":[{"name":"wp","href":"https:\/\/api.w.org\/{rel}","templated":true}]}}