{"id":11463,"date":"2026-03-31T21:03:47","date_gmt":"2026-03-31T19:03:47","guid":{"rendered":"https:\/\/weinhundert.com\/produkt\/argiano-solengo-2017-150-l\/"},"modified":"2026-04-02T13:14:47","modified_gmt":"2026-04-02T11:14:47","slug":"argiano-solengo-2017-150-l","status":"publish","type":"product","link":"https:\/\/weinhundert.com\/da\/produkt\/argiano-solengo-2017-150-l\/","title":{"rendered":"Argiano Solengo  2017 1,50 l"},"content":{"rendered":"<p>Der Argiano Solengo ist ein echter Allrounder aus der Toskana, der mit seiner Mischung aus Cabernet Sauvignon, Merlot und Syrah einfach Spa\u00df macht. Die 2017er zeigt dunkle Beerenfrucht mit einem Hauch W\u00fcrze und sitzt geschmacklich genau im s\u00fc\u00dfen Spot zwischen kraftvoll und zug\u00e4nglich \u2013 kein \u00dcbergewicht, aber definitiv Pr\u00e4senz. Mit 14 Prozent Alkohol bleibt er elegant im Glas und passt perfekt zu Pasta mit Ragu, Grillh\u00e4hnchen oder auch zu einer guten K\u00e4seplatte.<\/p>\n","protected":false},"excerpt":{"rendered":"<p>Toskanischer Rotwein mit Biss: Cabernet, Merlot und Syrah im idealen Einklang.<\/p>\n","protected":false},"featured_media":11464,"comment_status":"open","ping_status":"closed","template":"","meta":{"_acf_changed":false,"_et_pb_use_builder":"","_et_pb_old_content":"","_et_gb_content_width":"","inline_featured_image":false,"_price":"139.00","_stock":"2","_tribe_ticket_header":"","_tribe_default_ticket_provider":"","_tribe_ticket_capacity":"","_ticket_start_date":"","_ticket_end_date":"","_tribe_ticket_show_description":"","_tribe_ticket_show_not_going":false,"_tribe_ticket_use_global_stock":"","_tribe_ticket_global_stock_level":"","_global_stock_mode":"","_global_stock_cap":"","_tribe_rsvp_for_event":"","_tribe_ticket_going_count":"","_tribe_ticket_not_going_count":"","_tribe_tickets_list":"[]","_tribe_ticket_has_attendee_info_fields":false,"_tec_slr_enabled":"","_tec_slr_layout":""},"product_brand":[],"product_cat":[124],"product_tag":[],"class_list":{"0":"post-11463","1":"product","2":"type-product","3":"status-publish","4":"has-post-thumbnail","6":"product_cat-rotwein","8":"first","9":"instock","10":"taxable","11":"shipping-taxable","12":"purchasable","13":"product-type-simple"},"acf":[],"_links":{"self":[{"href":"https:\/\/weinhundert.com\/da\/wp-json\/wp\/v2\/product\/11463","targetHints":{"allow":["GET"]}}],"collection":[{"href":"https:\/\/weinhundert.com\/da\/wp-json\/wp\/v2\/product"}],"about":[{"href":"https:\/\/weinhundert.com\/da\/wp-json\/wp\/v2\/types\/product"}],"replies":[{"embeddable":true,"href":"https:\/\/weinhundert.com\/da\/wp-json\/wp\/v2\/comments?post=11463"}],"wp:featuredmedia":[{"embeddable":true,"href":"https:\/\/weinhundert.com\/da\/wp-json\/wp\/v2\/media\/11464"}],"wp:attachment":[{"href":"https:\/\/weinhundert.com\/da\/wp-json\/wp\/v2\/media?parent=11463"}],"wp:term":[{"taxonomy":"product_brand","embeddable":true,"href":"https:\/\/weinhundert.com\/da\/wp-json\/wp\/v2\/product_brand?post=11463"},{"taxonomy":"product_cat","embeddable":true,"href":"https:\/\/weinhundert.com\/da\/wp-json\/wp\/v2\/product_cat?post=11463"},{"taxonomy":"product_tag","embeddable":true,"href":"https:\/\/weinhundert.com\/da\/wp-json\/wp\/v2\/product_tag?post=11463"}],"curies":[{"name":"wp","href":"https:\/\/api.w.org\/{rel}","templated":true}]}}