{"id":11473,"date":"2026-03-31T21:04:55","date_gmt":"2026-03-31T19:04:55","guid":{"rendered":"https:\/\/weinhundert.com\/produkt\/poggio-salvi-brunello-2004-075-l\/"},"modified":"2026-04-02T13:15:20","modified_gmt":"2026-04-02T11:15:20","slug":"poggio-salvi-brunello-2004-075-l","status":"publish","type":"product","link":"https:\/\/weinhundert.com\/da\/produkt\/poggio-salvi-brunello-2004-075-l\/","title":{"rendered":"Poggio Salvi Brunello 2004 0,75 l"},"content":{"rendered":"<p>Der Poggio Salvi Brunello aus dem Jahrgang 2004 ist ein wahres Meisterwerk der toskanischen Weintradition, das in der malerischen Region Montalcino entsteht. Dieser vollmundige Rotwein, der aus 100 % Sangiovese-Trauben gekeltert wird, besticht durch seine komplexen Aromen von reifen Kirschen, getrockneten Kr\u00e4utern und einer eleganten W\u00fcrze, die durch die lange Reifung in Eichenf\u00e4ssern perfekt zur Geltung kommt. Mit einem Alkoholgehalt von 14 % pr\u00e4sentiert sich der Brunello nicht nur kraftvoll, sondern auch harmonisch und rund, was ihn zu einem idealen Begleiter zu herzhaften Gerichten wie Wild oder reifem K\u00e4se macht. Lassen Sie sich von diesem zeitlosen Klassiker verf\u00fchren und genie\u00dfen Sie ein St\u00fcck italienischer Lebensart in Ihrem Glas!<\/p>\n","protected":false},"excerpt":{"rendered":"<p>Meisterwerk aus Montalcino: Eleganter Sangiovese mit reifen Kirschen, Kr\u00e4utern und samtigem Charakter aus klassischer Eichenfassreifung.<\/p>\n","protected":false},"featured_media":11474,"comment_status":"open","ping_status":"closed","template":"","meta":{"_acf_changed":false,"_et_pb_use_builder":"","_et_pb_old_content":"","_et_gb_content_width":"","inline_featured_image":false,"_price":"22.90","_stock":"-1","_tribe_ticket_header":"","_tribe_default_ticket_provider":"","_tribe_ticket_capacity":"","_ticket_start_date":"","_ticket_end_date":"","_tribe_ticket_show_description":"","_tribe_ticket_show_not_going":false,"_tribe_ticket_use_global_stock":"","_tribe_ticket_global_stock_level":"","_global_stock_mode":"","_global_stock_cap":"","_tribe_rsvp_for_event":"","_tribe_ticket_going_count":"","_tribe_ticket_not_going_count":"","_tribe_tickets_list":"[]","_tribe_ticket_has_attendee_info_fields":false,"_tec_slr_enabled":"","_tec_slr_layout":""},"product_brand":[],"product_cat":[124],"product_tag":[],"class_list":{"0":"post-11473","1":"product","2":"type-product","3":"status-publish","4":"has-post-thumbnail","6":"product_cat-rotwein","8":"first","9":"outofstock","10":"taxable","11":"shipping-taxable","12":"purchasable","13":"product-type-simple"},"acf":[],"_links":{"self":[{"href":"https:\/\/weinhundert.com\/da\/wp-json\/wp\/v2\/product\/11473","targetHints":{"allow":["GET"]}}],"collection":[{"href":"https:\/\/weinhundert.com\/da\/wp-json\/wp\/v2\/product"}],"about":[{"href":"https:\/\/weinhundert.com\/da\/wp-json\/wp\/v2\/types\/product"}],"replies":[{"embeddable":true,"href":"https:\/\/weinhundert.com\/da\/wp-json\/wp\/v2\/comments?post=11473"}],"wp:featuredmedia":[{"embeddable":true,"href":"https:\/\/weinhundert.com\/da\/wp-json\/wp\/v2\/media\/11474"}],"wp:attachment":[{"href":"https:\/\/weinhundert.com\/da\/wp-json\/wp\/v2\/media?parent=11473"}],"wp:term":[{"taxonomy":"product_brand","embeddable":true,"href":"https:\/\/weinhundert.com\/da\/wp-json\/wp\/v2\/product_brand?post=11473"},{"taxonomy":"product_cat","embeddable":true,"href":"https:\/\/weinhundert.com\/da\/wp-json\/wp\/v2\/product_cat?post=11473"},{"taxonomy":"product_tag","embeddable":true,"href":"https:\/\/weinhundert.com\/da\/wp-json\/wp\/v2\/product_tag?post=11473"}],"curies":[{"name":"wp","href":"https:\/\/api.w.org\/{rel}","templated":true}]}}