{"id":11479,"date":"2026-03-31T21:05:38","date_gmt":"2026-03-31T19:05:38","guid":{"rendered":"https:\/\/weinhundert.com\/produkt\/poggio-salvi-brunello-2005-075-l\/"},"modified":"2026-04-02T13:15:32","modified_gmt":"2026-04-02T11:15:32","slug":"poggio-salvi-brunello-2005-075-l","status":"publish","type":"product","link":"https:\/\/weinhundert.com\/da\/produkt\/poggio-salvi-brunello-2005-075-l\/","title":{"rendered":"Poggio Salvi Brunello 2005 0,75 l"},"content":{"rendered":"<p>Der Poggio Salvi Brunello aus dem Jahr 2005 ist ein echtes St\u00fcck Toskana, das dich mit seiner tiefen, rubinroten Farbe sofort begeistert. Dieser Rotwein aus der edlen Sangiovese-Traube bringt die Seele der Region in dein Glas und entfaltet ein wunderbares Aroma von reifen Kirschen, getrockneten Kr\u00e4utern und einem Hauch von Gew\u00fcrzen. Mit einem Alkoholgehalt von 14,0 % verspricht er eine angenehme F\u00fclle, die sich perfekt zu einem herzhaften Rindersteak oder einer aromatischen Wildschweinkeule genie\u00dfen l\u00e4sst. Lass dich von diesem Wein verzaubern und bring ein St\u00fcck Italien auf deinen Tisch!<\/p>\n","protected":false},"excerpt":{"rendered":"<p>Tiefe Brunello-Eleganz aus der Toskana: Kirschen, Kr\u00e4uter und Gew\u00fcrze in vollendeter Harmonie.<\/p>\n","protected":false},"featured_media":11480,"comment_status":"open","ping_status":"closed","template":"","meta":{"_acf_changed":false,"_et_pb_use_builder":"","_et_pb_old_content":"","_et_gb_content_width":"","inline_featured_image":false,"_price":"22.90","_stock":"-1","_tribe_ticket_header":"","_tribe_default_ticket_provider":"","_tribe_ticket_capacity":"","_ticket_start_date":"","_ticket_end_date":"","_tribe_ticket_show_description":"","_tribe_ticket_show_not_going":false,"_tribe_ticket_use_global_stock":"","_tribe_ticket_global_stock_level":"","_global_stock_mode":"","_global_stock_cap":"","_tribe_rsvp_for_event":"","_tribe_ticket_going_count":"","_tribe_ticket_not_going_count":"","_tribe_tickets_list":"[]","_tribe_ticket_has_attendee_info_fields":false,"_tec_slr_enabled":"","_tec_slr_layout":""},"product_brand":[],"product_cat":[124],"product_tag":[],"class_list":{"0":"post-11479","1":"product","2":"type-product","3":"status-publish","4":"has-post-thumbnail","6":"product_cat-rotwein","8":"first","9":"outofstock","10":"taxable","11":"shipping-taxable","12":"purchasable","13":"product-type-simple"},"acf":[],"_links":{"self":[{"href":"https:\/\/weinhundert.com\/da\/wp-json\/wp\/v2\/product\/11479","targetHints":{"allow":["GET"]}}],"collection":[{"href":"https:\/\/weinhundert.com\/da\/wp-json\/wp\/v2\/product"}],"about":[{"href":"https:\/\/weinhundert.com\/da\/wp-json\/wp\/v2\/types\/product"}],"replies":[{"embeddable":true,"href":"https:\/\/weinhundert.com\/da\/wp-json\/wp\/v2\/comments?post=11479"}],"wp:featuredmedia":[{"embeddable":true,"href":"https:\/\/weinhundert.com\/da\/wp-json\/wp\/v2\/media\/11480"}],"wp:attachment":[{"href":"https:\/\/weinhundert.com\/da\/wp-json\/wp\/v2\/media?parent=11479"}],"wp:term":[{"taxonomy":"product_brand","embeddable":true,"href":"https:\/\/weinhundert.com\/da\/wp-json\/wp\/v2\/product_brand?post=11479"},{"taxonomy":"product_cat","embeddable":true,"href":"https:\/\/weinhundert.com\/da\/wp-json\/wp\/v2\/product_cat?post=11479"},{"taxonomy":"product_tag","embeddable":true,"href":"https:\/\/weinhundert.com\/da\/wp-json\/wp\/v2\/product_tag?post=11479"}],"curies":[{"name":"wp","href":"https:\/\/api.w.org\/{rel}","templated":true}]}}