{"id":11491,"date":"2026-03-31T21:06:57","date_gmt":"2026-03-31T19:06:57","guid":{"rendered":"https:\/\/weinhundert.com\/produkt\/vina-almaviva-2006-150-l\/"},"modified":"2026-04-02T13:15:58","modified_gmt":"2026-04-02T11:15:58","slug":"vina-almaviva-2006-150-l","status":"publish","type":"product","link":"https:\/\/weinhundert.com\/da\/produkt\/vina-almaviva-2006-150-l\/","title":{"rendered":"Vina Almaviva 2006 1,50 l"},"content":{"rendered":"<p>Dieser Chilene aus dem Maipo Valley zeigt dir, was Cabernet Sauvignon und Carmenere zusammen anstellen k\u00f6nnen \u2013 eine richtig kraftvolle Kombination mit Charakter. Der 2006er hat \u00fcber die Jahre an Tiefe gewonnen und pr\u00e4sentiert sich jetzt mit dunklen Fr\u00fcchten, einem Hauch Gew\u00fcrz und einer wunderbar pr\u00e4senten Struktur. Das Projekt von Baron Philippe de Rothschild schmeckt am liebsten zu gegrilltem Roastbeef, kr\u00e4ftigen K\u00e4sesorten oder einem saftigen Steak \u2013 da zeigt er sein bestes Gesicht und begeistert mit seiner Kraft und W\u00fcrze.<\/p>\n","protected":false},"excerpt":{"rendered":"<p>Chilenischer Klassiker aus Maipo mit Kraft und Geschichte. Perfekt zu Steak und Braten.<\/p>\n","protected":false},"featured_media":11492,"comment_status":"open","ping_status":"closed","template":"","meta":{"_acf_changed":false,"_et_pb_use_builder":"","_et_pb_old_content":"","_et_gb_content_width":"","inline_featured_image":false,"_price":"249.00","_stock":"-1","_tribe_ticket_header":"","_tribe_default_ticket_provider":"","_tribe_ticket_capacity":"","_ticket_start_date":"","_ticket_end_date":"","_tribe_ticket_show_description":"","_tribe_ticket_show_not_going":false,"_tribe_ticket_use_global_stock":"","_tribe_ticket_global_stock_level":"","_global_stock_mode":"","_global_stock_cap":"","_tribe_rsvp_for_event":"","_tribe_ticket_going_count":"","_tribe_ticket_not_going_count":"","_tribe_tickets_list":"[]","_tribe_ticket_has_attendee_info_fields":false,"_tec_slr_enabled":"","_tec_slr_layout":""},"product_brand":[],"product_cat":[124],"product_tag":[],"class_list":{"0":"post-11491","1":"product","2":"type-product","3":"status-publish","4":"has-post-thumbnail","6":"product_cat-rotwein","8":"first","9":"outofstock","10":"taxable","11":"shipping-taxable","12":"purchasable","13":"product-type-simple"},"acf":[],"_links":{"self":[{"href":"https:\/\/weinhundert.com\/da\/wp-json\/wp\/v2\/product\/11491","targetHints":{"allow":["GET"]}}],"collection":[{"href":"https:\/\/weinhundert.com\/da\/wp-json\/wp\/v2\/product"}],"about":[{"href":"https:\/\/weinhundert.com\/da\/wp-json\/wp\/v2\/types\/product"}],"replies":[{"embeddable":true,"href":"https:\/\/weinhundert.com\/da\/wp-json\/wp\/v2\/comments?post=11491"}],"wp:featuredmedia":[{"embeddable":true,"href":"https:\/\/weinhundert.com\/da\/wp-json\/wp\/v2\/media\/11492"}],"wp:attachment":[{"href":"https:\/\/weinhundert.com\/da\/wp-json\/wp\/v2\/media?parent=11491"}],"wp:term":[{"taxonomy":"product_brand","embeddable":true,"href":"https:\/\/weinhundert.com\/da\/wp-json\/wp\/v2\/product_brand?post=11491"},{"taxonomy":"product_cat","embeddable":true,"href":"https:\/\/weinhundert.com\/da\/wp-json\/wp\/v2\/product_cat?post=11491"},{"taxonomy":"product_tag","embeddable":true,"href":"https:\/\/weinhundert.com\/da\/wp-json\/wp\/v2\/product_tag?post=11491"}],"curies":[{"name":"wp","href":"https:\/\/api.w.org\/{rel}","templated":true}]}}