{"id":11509,"date":"2026-03-31T21:09:02","date_gmt":"2026-03-31T19:09:02","guid":{"rendered":"https:\/\/weinhundert.com\/produkt\/ramey-annum-cabernet-sauvignon-2008-075-l\/"},"modified":"2026-04-02T13:16:44","modified_gmt":"2026-04-02T11:16:44","slug":"ramey-annum-cabernet-sauvignon-2008-075-l","status":"publish","type":"product","link":"https:\/\/weinhundert.com\/da\/produkt\/ramey-annum-cabernet-sauvignon-2008-075-l\/","title":{"rendered":"Ramey Annum Cabernet Sauvignon 2008 0,75 l"},"content":{"rendered":"<p>Dieser kalifornische Cabernet aus 2008 zeigt, warum Ramey Wine Cellars einen so guten Ruf hat: dichte rote Fr\u00fcchte, w\u00fcrzige Noten und eine saftige Struktur, die nicht in die Schwere abdriftet. Der Petit Verdot gibt dem Wein extra Biss und Charakter, sodass er perfekt zu einem saftigen Steak, gegrilltem Gem\u00fcse oder einem w\u00fcrzigen Chili passt. Mit 14,5% Alkohol sitzt er im angenehmen Mittelfeld und l\u00e4sst sich super trinken, ohne danach ersch\u00f6pft zu sein.<\/p>\n","protected":false},"excerpt":{"rendered":"<p>Kalifornischer Cabernet mit Biss: reife rote Fr\u00fcchte, w\u00fcrzige Tiefe, perfekt zum Grill.<\/p>\n","protected":false},"featured_media":11510,"comment_status":"open","ping_status":"closed","template":"","meta":{"_acf_changed":false,"_et_pb_use_builder":"","_et_pb_old_content":"","_et_gb_content_width":"","inline_featured_image":false,"_price":"149.00","_stock":"-1","_tribe_ticket_header":"","_tribe_default_ticket_provider":"","_tribe_ticket_capacity":"","_ticket_start_date":"","_ticket_end_date":"","_tribe_ticket_show_description":"","_tribe_ticket_show_not_going":false,"_tribe_ticket_use_global_stock":"","_tribe_ticket_global_stock_level":"","_global_stock_mode":"","_global_stock_cap":"","_tribe_rsvp_for_event":"","_tribe_ticket_going_count":"","_tribe_ticket_not_going_count":"","_tribe_tickets_list":"[]","_tribe_ticket_has_attendee_info_fields":false,"_tec_slr_enabled":"","_tec_slr_layout":""},"product_brand":[],"product_cat":[124],"product_tag":[],"class_list":{"0":"post-11509","1":"product","2":"type-product","3":"status-publish","4":"has-post-thumbnail","6":"product_cat-rotwein","8":"first","9":"outofstock","10":"taxable","11":"shipping-taxable","12":"purchasable","13":"product-type-simple"},"acf":[],"_links":{"self":[{"href":"https:\/\/weinhundert.com\/da\/wp-json\/wp\/v2\/product\/11509","targetHints":{"allow":["GET"]}}],"collection":[{"href":"https:\/\/weinhundert.com\/da\/wp-json\/wp\/v2\/product"}],"about":[{"href":"https:\/\/weinhundert.com\/da\/wp-json\/wp\/v2\/types\/product"}],"replies":[{"embeddable":true,"href":"https:\/\/weinhundert.com\/da\/wp-json\/wp\/v2\/comments?post=11509"}],"wp:featuredmedia":[{"embeddable":true,"href":"https:\/\/weinhundert.com\/da\/wp-json\/wp\/v2\/media\/11510"}],"wp:attachment":[{"href":"https:\/\/weinhundert.com\/da\/wp-json\/wp\/v2\/media?parent=11509"}],"wp:term":[{"taxonomy":"product_brand","embeddable":true,"href":"https:\/\/weinhundert.com\/da\/wp-json\/wp\/v2\/product_brand?post=11509"},{"taxonomy":"product_cat","embeddable":true,"href":"https:\/\/weinhundert.com\/da\/wp-json\/wp\/v2\/product_cat?post=11509"},{"taxonomy":"product_tag","embeddable":true,"href":"https:\/\/weinhundert.com\/da\/wp-json\/wp\/v2\/product_tag?post=11509"}],"curies":[{"name":"wp","href":"https:\/\/api.w.org\/{rel}","templated":true}]}}