{"id":11513,"date":"2026-03-31T21:09:34","date_gmt":"2026-03-31T19:09:34","guid":{"rendered":"https:\/\/weinhundert.com\/produkt\/caymus-special-selection-2014-150-l\/"},"modified":"2026-04-02T13:16:52","modified_gmt":"2026-04-02T11:16:52","slug":"caymus-special-selection-2014-150-l","status":"publish","type":"product","link":"https:\/\/weinhundert.com\/da\/produkt\/caymus-special-selection-2014-150-l\/","title":{"rendered":"Caymus Special Selection 2014 1,50 l"},"content":{"rendered":"<p>Dieser Cabernet Sauvignon aus Napa Valley zeigt, warum Caymus zu den Top-Adressen Kaliforniens geh\u00f6rt. Der 2014er Special Selection hat richtig Kraft und Charakter: reife Schwarzkirsche, ein Hauch Tabak und feine Vanillenoten spielen zusammen, w\u00e4hrend die Struktur pr\u00e4sent aber nie aufdringlich wirkt. Nach \u00fcber zehn Jahren Reife hat sich der Wein wunderbar beruhigt und offenbart die Tiefe, die ihn zum idealen Essensbegleiter macht. Probier ihn zu gutem Rindfleisch, kr\u00e4ftigen Braten oder auch zum Cheese Board mit reifem Manchego \u2013 du wirst es nicht bereuen.<\/p>\n","protected":false},"excerpt":{"rendered":"<p>Kalifornisches Powerpaket mit zehn Jahren Reife: Caymus Special Selection bietet Kraft, Eleganz und echte Trinkfreude aus Napa Valley.<\/p>\n","protected":false},"featured_media":11514,"comment_status":"open","ping_status":"closed","template":"","meta":{"_acf_changed":false,"_et_pb_use_builder":"","_et_pb_old_content":"","_et_gb_content_width":"","inline_featured_image":false,"_price":"399.00","_stock":"-1","_tribe_ticket_header":"","_tribe_default_ticket_provider":"","_tribe_ticket_capacity":"","_ticket_start_date":"","_ticket_end_date":"","_tribe_ticket_show_description":"","_tribe_ticket_show_not_going":false,"_tribe_ticket_use_global_stock":"","_tribe_ticket_global_stock_level":"","_global_stock_mode":"","_global_stock_cap":"","_tribe_rsvp_for_event":"","_tribe_ticket_going_count":"","_tribe_ticket_not_going_count":"","_tribe_tickets_list":"[]","_tribe_ticket_has_attendee_info_fields":false,"_tec_slr_enabled":"","_tec_slr_layout":""},"product_brand":[],"product_cat":[124],"product_tag":[],"class_list":{"0":"post-11513","1":"product","2":"type-product","3":"status-publish","4":"has-post-thumbnail","6":"product_cat-rotwein","8":"first","9":"outofstock","10":"taxable","11":"shipping-taxable","12":"purchasable","13":"product-type-simple"},"acf":[],"_links":{"self":[{"href":"https:\/\/weinhundert.com\/da\/wp-json\/wp\/v2\/product\/11513","targetHints":{"allow":["GET"]}}],"collection":[{"href":"https:\/\/weinhundert.com\/da\/wp-json\/wp\/v2\/product"}],"about":[{"href":"https:\/\/weinhundert.com\/da\/wp-json\/wp\/v2\/types\/product"}],"replies":[{"embeddable":true,"href":"https:\/\/weinhundert.com\/da\/wp-json\/wp\/v2\/comments?post=11513"}],"wp:featuredmedia":[{"embeddable":true,"href":"https:\/\/weinhundert.com\/da\/wp-json\/wp\/v2\/media\/11514"}],"wp:attachment":[{"href":"https:\/\/weinhundert.com\/da\/wp-json\/wp\/v2\/media?parent=11513"}],"wp:term":[{"taxonomy":"product_brand","embeddable":true,"href":"https:\/\/weinhundert.com\/da\/wp-json\/wp\/v2\/product_brand?post=11513"},{"taxonomy":"product_cat","embeddable":true,"href":"https:\/\/weinhundert.com\/da\/wp-json\/wp\/v2\/product_cat?post=11513"},{"taxonomy":"product_tag","embeddable":true,"href":"https:\/\/weinhundert.com\/da\/wp-json\/wp\/v2\/product_tag?post=11513"}],"curies":[{"name":"wp","href":"https:\/\/api.w.org\/{rel}","templated":true}]}}