{"id":11525,"date":"2026-03-31T21:11:00","date_gmt":"2026-03-31T19:11:00","guid":{"rendered":"https:\/\/weinhundert.com\/produkt\/mount-nelson-sauvignon-blanc-2016-075-l\/"},"modified":"2026-04-02T13:17:18","modified_gmt":"2026-04-02T11:17:18","slug":"mount-nelson-sauvignon-blanc-2016-075-l","status":"publish","type":"product","link":"https:\/\/weinhundert.com\/da\/produkt\/mount-nelson-sauvignon-blanc-2016-075-l\/","title":{"rendered":"Mount Nelson Sauvignon Blanc  2016 0,75 l"},"content":{"rendered":"<p>Der Mount Nelson Sauvignon Blanc aus dem Jahr 2016 entf\u00fchrt dich auf eine Geschmacksreise durch die sonnigen Weinberge Marlboroughs in Neuseeland. Mit seiner frischen Fruchtigkeit und den lebhaften Aromen von Zitrusfr\u00fcchten und Stachelbeeren ist dieser Wei\u00dfwein ein echter Genuss f\u00fcr die Sinne. Du wirst die knackige Note sp\u00fcren, die perfekt mit einem Hauch von gr\u00fcner Paprika harmoniert. Dieser Wein ist ein gro\u00dfartiger Begleiter zu leichten Salaten, gegrilltem Fisch oder einer herzhaften Spargelcremesuppe. Lass dich von seiner spritzigen Art begeistern und genie\u00dfe einen Schluck Neuseeland in deinem Glas!<\/p>\n","protected":false},"excerpt":{"rendered":"<p>Frischer Sauvignon Blanc aus Marlborough mit spritzigen Zitrus- und Stachelbeernoten \u2013 Neuseeland pur im Glas.<\/p>\n","protected":false},"featured_media":11526,"comment_status":"open","ping_status":"closed","template":"","meta":{"_acf_changed":false,"_et_pb_use_builder":"","_et_pb_old_content":"","_et_gb_content_width":"","inline_featured_image":false,"_price":"11.99","_stock":"-1","_tribe_ticket_header":"","_tribe_default_ticket_provider":"","_tribe_ticket_capacity":"","_ticket_start_date":"","_ticket_end_date":"","_tribe_ticket_show_description":"","_tribe_ticket_show_not_going":false,"_tribe_ticket_use_global_stock":"","_tribe_ticket_global_stock_level":"","_global_stock_mode":"","_global_stock_cap":"","_tribe_rsvp_for_event":"","_tribe_ticket_going_count":"","_tribe_ticket_not_going_count":"","_tribe_tickets_list":"[]","_tribe_ticket_has_attendee_info_fields":false,"_tec_slr_enabled":"","_tec_slr_layout":""},"product_brand":[],"product_cat":[123],"product_tag":[],"class_list":{"0":"post-11525","1":"product","2":"type-product","3":"status-publish","4":"has-post-thumbnail","6":"product_cat-weisswein","8":"first","9":"outofstock","10":"taxable","11":"shipping-taxable","12":"purchasable","13":"product-type-simple"},"acf":[],"_links":{"self":[{"href":"https:\/\/weinhundert.com\/da\/wp-json\/wp\/v2\/product\/11525","targetHints":{"allow":["GET"]}}],"collection":[{"href":"https:\/\/weinhundert.com\/da\/wp-json\/wp\/v2\/product"}],"about":[{"href":"https:\/\/weinhundert.com\/da\/wp-json\/wp\/v2\/types\/product"}],"replies":[{"embeddable":true,"href":"https:\/\/weinhundert.com\/da\/wp-json\/wp\/v2\/comments?post=11525"}],"wp:featuredmedia":[{"embeddable":true,"href":"https:\/\/weinhundert.com\/da\/wp-json\/wp\/v2\/media\/11526"}],"wp:attachment":[{"href":"https:\/\/weinhundert.com\/da\/wp-json\/wp\/v2\/media?parent=11525"}],"wp:term":[{"taxonomy":"product_brand","embeddable":true,"href":"https:\/\/weinhundert.com\/da\/wp-json\/wp\/v2\/product_brand?post=11525"},{"taxonomy":"product_cat","embeddable":true,"href":"https:\/\/weinhundert.com\/da\/wp-json\/wp\/v2\/product_cat?post=11525"},{"taxonomy":"product_tag","embeddable":true,"href":"https:\/\/weinhundert.com\/da\/wp-json\/wp\/v2\/product_tag?post=11525"}],"curies":[{"name":"wp","href":"https:\/\/api.w.org\/{rel}","templated":true}]}}