{"id":11533,"date":"2026-03-31T21:11:56","date_gmt":"2026-03-31T19:11:56","guid":{"rendered":"https:\/\/weinhundert.com\/produkt\/catena-zapata-argentino-2006-075-l\/"},"modified":"2026-04-02T13:17:42","modified_gmt":"2026-04-02T11:17:42","slug":"catena-zapata-argentino-2006-075-l","status":"publish","type":"product","link":"https:\/\/weinhundert.com\/da\/produkt\/catena-zapata-argentino-2006-075-l\/","title":{"rendered":"Catena Zapata Argentino 2006 0,75 l"},"content":{"rendered":"<p>Der Catena Zapata Argentino aus dem Jahr 2006 ist ein wahrer Ausdruck der argentinischen Weinbaukunst und bringt die Seele von Mendoza direkt ins Glas. Dieser Malbec begeistert mit seinen intensiven Fruchtaromen, die an reife schwarze Kirschen und Pflaumen erinnern, und einer tiefen, warmen Farbe, die zum Verweilen einl\u00e4dt. Bei einem Alkoholgehalt von 15 % entfaltet er sich mit einer wunderbaren Pr\u00e4senz, die f\u00fcr genussvolle Abende sorgt. Kombiniere diesen Wein mit einem saftigen Steak vom Grill oder einer herzhaften Pasta in einer w\u00fcrzigen Sauce, und du wirst die Leidenschaft, die in jedem Tropfen steckt, hautnah erleben. Lass dich von diesem argentinischen Klassiker verf\u00fchren!<\/p>\n","protected":false},"excerpt":{"rendered":"<p>Intensiver Malbec mit Noten reifer schwarzer Kirschen und Pflaumen \u2013 die Seele Mendozas im Glas.<\/p>\n","protected":false},"featured_media":11534,"comment_status":"open","ping_status":"closed","template":"","meta":{"_acf_changed":false,"_et_pb_use_builder":"","_et_pb_old_content":"","_et_gb_content_width":"","inline_featured_image":false,"_price":"79.90","_stock":"-1","_tribe_ticket_header":"","_tribe_default_ticket_provider":"","_tribe_ticket_capacity":"","_ticket_start_date":"","_ticket_end_date":"","_tribe_ticket_show_description":"","_tribe_ticket_show_not_going":false,"_tribe_ticket_use_global_stock":"","_tribe_ticket_global_stock_level":"","_global_stock_mode":"","_global_stock_cap":"","_tribe_rsvp_for_event":"","_tribe_ticket_going_count":"","_tribe_ticket_not_going_count":"","_tribe_tickets_list":"[]","_tribe_ticket_has_attendee_info_fields":false,"_tec_slr_enabled":"","_tec_slr_layout":""},"product_brand":[],"product_cat":[124],"product_tag":[],"class_list":{"0":"post-11533","1":"product","2":"type-product","3":"status-publish","4":"has-post-thumbnail","6":"product_cat-rotwein","8":"first","9":"outofstock","10":"taxable","11":"shipping-taxable","12":"purchasable","13":"product-type-simple"},"acf":[],"_links":{"self":[{"href":"https:\/\/weinhundert.com\/da\/wp-json\/wp\/v2\/product\/11533","targetHints":{"allow":["GET"]}}],"collection":[{"href":"https:\/\/weinhundert.com\/da\/wp-json\/wp\/v2\/product"}],"about":[{"href":"https:\/\/weinhundert.com\/da\/wp-json\/wp\/v2\/types\/product"}],"replies":[{"embeddable":true,"href":"https:\/\/weinhundert.com\/da\/wp-json\/wp\/v2\/comments?post=11533"}],"wp:featuredmedia":[{"embeddable":true,"href":"https:\/\/weinhundert.com\/da\/wp-json\/wp\/v2\/media\/11534"}],"wp:attachment":[{"href":"https:\/\/weinhundert.com\/da\/wp-json\/wp\/v2\/media?parent=11533"}],"wp:term":[{"taxonomy":"product_brand","embeddable":true,"href":"https:\/\/weinhundert.com\/da\/wp-json\/wp\/v2\/product_brand?post=11533"},{"taxonomy":"product_cat","embeddable":true,"href":"https:\/\/weinhundert.com\/da\/wp-json\/wp\/v2\/product_cat?post=11533"},{"taxonomy":"product_tag","embeddable":true,"href":"https:\/\/weinhundert.com\/da\/wp-json\/wp\/v2\/product_tag?post=11533"}],"curies":[{"name":"wp","href":"https:\/\/api.w.org\/{rel}","templated":true}]}}