{"id":11535,"date":"2026-03-31T21:12:16","date_gmt":"2026-03-31T19:12:16","guid":{"rendered":"https:\/\/weinhundert.com\/produkt\/terlan-quarz-2017-150-l\/"},"modified":"2026-04-02T13:17:48","modified_gmt":"2026-04-02T11:17:48","slug":"terlan-quarz-2017-150-l","status":"publish","type":"product","link":"https:\/\/weinhundert.com\/da\/produkt\/terlan-quarz-2017-150-l\/","title":{"rendered":"Terlan Quarz  2017 1,50 l"},"content":{"rendered":"<p>Dieser Sauvignon Blanc aus S\u00fcdtirol zeigt dir, dass italienische Wei\u00dfweine verdammt frisch und animierend sein k\u00f6nnen. Der Terlan Quarz spr\u00fcht vor Energie mit Noten von gr\u00fcnem Apfel, Grapefruit und w\u00fcrzigem Kr\u00e4uteraroma \u2013 perfekt, wenn du einen Wein willst, der wach macht und nicht langweilig wird. Mit 14 Prozent Alkohol sitzt er gut ausbalanciert im Glas und wartet nur darauf, deine Mittagspause oder dein Abendessen zu bereichern. Probier ihn zu frischem Fisch, Meeresfr\u00fcchten oder auch zu einer knackigen Salatplatte \u2013 da zeigt er sein volles Potenzial.<\/p>\n","protected":false},"excerpt":{"rendered":"<p>S\u00fcdtirols Sauvignon Blanc mit spritziger Energie und mineralischem Biss. Frisch, unkonventionell und einfach erfrischend.<\/p>\n","protected":false},"featured_media":11536,"comment_status":"open","ping_status":"closed","template":"","meta":{"_acf_changed":false,"_et_pb_use_builder":"","_et_pb_old_content":"","_et_gb_content_width":"","inline_featured_image":false,"_price":"86.76","_stock":"-1","_tribe_ticket_header":"","_tribe_default_ticket_provider":"","_tribe_ticket_capacity":"","_ticket_start_date":"","_ticket_end_date":"","_tribe_ticket_show_description":"","_tribe_ticket_show_not_going":false,"_tribe_ticket_use_global_stock":"","_tribe_ticket_global_stock_level":"","_global_stock_mode":"","_global_stock_cap":"","_tribe_rsvp_for_event":"","_tribe_ticket_going_count":"","_tribe_ticket_not_going_count":"","_tribe_tickets_list":"[]","_tribe_ticket_has_attendee_info_fields":false,"_tec_slr_enabled":"","_tec_slr_layout":""},"product_brand":[],"product_cat":[123],"product_tag":[],"class_list":{"0":"post-11535","1":"product","2":"type-product","3":"status-publish","4":"has-post-thumbnail","6":"product_cat-weisswein","8":"first","9":"outofstock","10":"taxable","11":"shipping-taxable","12":"purchasable","13":"product-type-simple"},"acf":[],"_links":{"self":[{"href":"https:\/\/weinhundert.com\/da\/wp-json\/wp\/v2\/product\/11535","targetHints":{"allow":["GET"]}}],"collection":[{"href":"https:\/\/weinhundert.com\/da\/wp-json\/wp\/v2\/product"}],"about":[{"href":"https:\/\/weinhundert.com\/da\/wp-json\/wp\/v2\/types\/product"}],"replies":[{"embeddable":true,"href":"https:\/\/weinhundert.com\/da\/wp-json\/wp\/v2\/comments?post=11535"}],"wp:featuredmedia":[{"embeddable":true,"href":"https:\/\/weinhundert.com\/da\/wp-json\/wp\/v2\/media\/11536"}],"wp:attachment":[{"href":"https:\/\/weinhundert.com\/da\/wp-json\/wp\/v2\/media?parent=11535"}],"wp:term":[{"taxonomy":"product_brand","embeddable":true,"href":"https:\/\/weinhundert.com\/da\/wp-json\/wp\/v2\/product_brand?post=11535"},{"taxonomy":"product_cat","embeddable":true,"href":"https:\/\/weinhundert.com\/da\/wp-json\/wp\/v2\/product_cat?post=11535"},{"taxonomy":"product_tag","embeddable":true,"href":"https:\/\/weinhundert.com\/da\/wp-json\/wp\/v2\/product_tag?post=11535"}],"curies":[{"name":"wp","href":"https:\/\/api.w.org\/{rel}","templated":true}]}}