{"id":11539,"date":"2026-03-31T21:12:48","date_gmt":"2026-03-31T19:12:48","guid":{"rendered":"https:\/\/weinhundert.com\/produkt\/masi-campolongo-di-torbe-amarone-della-valpolicell-2013-075-l\/"},"modified":"2026-04-02T13:17:57","modified_gmt":"2026-04-02T11:17:57","slug":"masi-campolongo-di-torbe-amarone-della-valpolicell-2013-075-l","status":"publish","type":"product","link":"https:\/\/weinhundert.com\/da\/produkt\/masi-campolongo-di-torbe-amarone-della-valpolicell-2013-075-l\/","title":{"rendered":"Masi Campolongo di Torbe Amarone della Valpolicell 2013 0,75 l"},"content":{"rendered":"<p>Dieser Amarone aus der legend\u00e4ren Valpolicella zeigt dir, warum italienische Rotweine so s\u00fcchtig machen. Die getrockneten Trauben bringen dir eine konzentrierte Fruchtbombe mit dunklen Kirschen, Pflaumenkompott und einem Hauch Schokolade ins Glas \u2013 dabei bleibt das Ganze \u00fcberraschend frisch und nicht zu schwer. Mit seinen 16 Prozent Alkohol und der feinen Gerbstoffstruktur ist das ein Wein, der sich Zeit nimmt und dich mit jedem Schluck neu \u00fcberrascht. Dazu passt perfekt: geschmortes Fleisch, ein kr\u00e4ftiger Wildrag\u00f9 oder gereifter K\u00e4se.<\/p>\n","protected":false},"excerpt":{"rendered":"<p>Konzentriert und voller Charakter: Dieser Amarone bringt italienische Fruchtintensit\u00e4t mit Tiefgang ins Glas.<\/p>\n","protected":false},"featured_media":11540,"comment_status":"open","ping_status":"closed","template":"","meta":{"_acf_changed":false,"_et_pb_use_builder":"","_et_pb_old_content":"","_et_gb_content_width":"","inline_featured_image":false,"_price":"135.00","_stock":"17","_tribe_ticket_header":"","_tribe_default_ticket_provider":"","_tribe_ticket_capacity":"","_ticket_start_date":"","_ticket_end_date":"","_tribe_ticket_show_description":"","_tribe_ticket_show_not_going":false,"_tribe_ticket_use_global_stock":"","_tribe_ticket_global_stock_level":"","_global_stock_mode":"","_global_stock_cap":"","_tribe_rsvp_for_event":"","_tribe_ticket_going_count":"","_tribe_ticket_not_going_count":"","_tribe_tickets_list":"[]","_tribe_ticket_has_attendee_info_fields":false,"_tec_slr_enabled":"","_tec_slr_layout":""},"product_brand":[],"product_cat":[124],"product_tag":[],"class_list":{"0":"post-11539","1":"product","2":"type-product","3":"status-publish","4":"has-post-thumbnail","6":"product_cat-rotwein","8":"first","9":"instock","10":"taxable","11":"shipping-taxable","12":"purchasable","13":"product-type-simple"},"acf":[],"_links":{"self":[{"href":"https:\/\/weinhundert.com\/da\/wp-json\/wp\/v2\/product\/11539","targetHints":{"allow":["GET"]}}],"collection":[{"href":"https:\/\/weinhundert.com\/da\/wp-json\/wp\/v2\/product"}],"about":[{"href":"https:\/\/weinhundert.com\/da\/wp-json\/wp\/v2\/types\/product"}],"replies":[{"embeddable":true,"href":"https:\/\/weinhundert.com\/da\/wp-json\/wp\/v2\/comments?post=11539"}],"wp:featuredmedia":[{"embeddable":true,"href":"https:\/\/weinhundert.com\/da\/wp-json\/wp\/v2\/media\/11540"}],"wp:attachment":[{"href":"https:\/\/weinhundert.com\/da\/wp-json\/wp\/v2\/media?parent=11539"}],"wp:term":[{"taxonomy":"product_brand","embeddable":true,"href":"https:\/\/weinhundert.com\/da\/wp-json\/wp\/v2\/product_brand?post=11539"},{"taxonomy":"product_cat","embeddable":true,"href":"https:\/\/weinhundert.com\/da\/wp-json\/wp\/v2\/product_cat?post=11539"},{"taxonomy":"product_tag","embeddable":true,"href":"https:\/\/weinhundert.com\/da\/wp-json\/wp\/v2\/product_tag?post=11539"}],"curies":[{"name":"wp","href":"https:\/\/api.w.org\/{rel}","templated":true}]}}