{"id":11593,"date":"2026-03-31T21:18:27","date_gmt":"2026-03-31T19:18:27","guid":{"rendered":"https:\/\/weinhundert.com\/produkt\/collavini-pinot-grigio-collio-canlungo-2013-075-l\/"},"modified":"2026-04-02T13:19:36","modified_gmt":"2026-04-02T11:19:36","slug":"collavini-pinot-grigio-collio-canlungo-2013-075-l","status":"publish","type":"product","link":"https:\/\/weinhundert.com\/da\/produkt\/collavini-pinot-grigio-collio-canlungo-2013-075-l\/","title":{"rendered":"Collavini Pinot Grigio Collio Canlungo 2013 0,75 l"},"content":{"rendered":"<p>Dieser Pinot Grigio aus dem Collio zeigt, warum das Friaul die Heimat einiger der spannendsten Wei\u00dfweine Italiens ist. Das Weingut Collavini hat hier einen Wein geschaffen, der mit seiner Mineralit\u00e4t und frischen S\u00e4ure besticht \u2013 perfekt, wenn dir die \u00fcblichen fruchtbomben-artigen Pinot Grigios zu langweilig sind. Die Tiefe und Struktur erinnern daran, dass dieser Klassiker weit mehr kann als nur Aperitif-Wein sein. Dazu passt er fantastisch zu leichtem Fisch, Meeresfr\u00fcchten oder auch zu einer guten Pasta mit Butter und Salbei.<\/p>\n","protected":false},"excerpt":{"rendered":"<p>Mineralischer Pinot Grigio aus dem Collio mit Struktur und Charakter \u2013 kein Standard-Wei\u00dfwein.<\/p>\n","protected":false},"featured_media":11638,"comment_status":"open","ping_status":"closed","template":"","meta":{"_acf_changed":false,"_et_pb_use_builder":"","_et_pb_old_content":"","_et_gb_content_width":"","inline_featured_image":false,"_price":"4.99","_stock":"10","_tribe_ticket_header":"","_tribe_default_ticket_provider":"","_tribe_ticket_capacity":"","_ticket_start_date":"","_ticket_end_date":"","_tribe_ticket_show_description":"","_tribe_ticket_show_not_going":false,"_tribe_ticket_use_global_stock":"","_tribe_ticket_global_stock_level":"","_global_stock_mode":"","_global_stock_cap":"","_tribe_rsvp_for_event":"","_tribe_ticket_going_count":"","_tribe_ticket_not_going_count":"","_tribe_tickets_list":"[]","_tribe_ticket_has_attendee_info_fields":false,"_tec_slr_enabled":"","_tec_slr_layout":""},"product_brand":[],"product_cat":[123],"product_tag":[],"class_list":{"0":"post-11593","1":"product","2":"type-product","3":"status-publish","4":"has-post-thumbnail","6":"product_cat-weisswein","8":"first","9":"instock","10":"taxable","11":"shipping-taxable","12":"purchasable","13":"product-type-simple"},"acf":[],"_links":{"self":[{"href":"https:\/\/weinhundert.com\/da\/wp-json\/wp\/v2\/product\/11593","targetHints":{"allow":["GET"]}}],"collection":[{"href":"https:\/\/weinhundert.com\/da\/wp-json\/wp\/v2\/product"}],"about":[{"href":"https:\/\/weinhundert.com\/da\/wp-json\/wp\/v2\/types\/product"}],"replies":[{"embeddable":true,"href":"https:\/\/weinhundert.com\/da\/wp-json\/wp\/v2\/comments?post=11593"}],"wp:featuredmedia":[{"embeddable":true,"href":"https:\/\/weinhundert.com\/da\/wp-json\/wp\/v2\/media\/11638"}],"wp:attachment":[{"href":"https:\/\/weinhundert.com\/da\/wp-json\/wp\/v2\/media?parent=11593"}],"wp:term":[{"taxonomy":"product_brand","embeddable":true,"href":"https:\/\/weinhundert.com\/da\/wp-json\/wp\/v2\/product_brand?post=11593"},{"taxonomy":"product_cat","embeddable":true,"href":"https:\/\/weinhundert.com\/da\/wp-json\/wp\/v2\/product_cat?post=11593"},{"taxonomy":"product_tag","embeddable":true,"href":"https:\/\/weinhundert.com\/da\/wp-json\/wp\/v2\/product_tag?post=11593"}],"curies":[{"name":"wp","href":"https:\/\/api.w.org\/{rel}","templated":true}]}}