{"id":11617,"date":"2026-03-31T21:21:35","date_gmt":"2026-03-31T19:21:35","guid":{"rendered":"https:\/\/weinhundert.com\/produkt\/castel-firmian-merlot-2013-075-l\/"},"modified":"2026-04-02T13:20:31","modified_gmt":"2026-04-02T11:20:31","slug":"castel-firmian-merlot-2013-075-l","status":"publish","type":"product","link":"https:\/\/weinhundert.com\/da\/produkt\/castel-firmian-merlot-2013-075-l\/","title":{"rendered":"Castel Firmian Merlot 2013 0,75 l"},"content":{"rendered":"<p>Der Castel Firmian Merlot aus dem Jahr 2013 ist ein echter Genuss f\u00fcr alle Rotweinliebhaber. Hergestellt im malerischen Trentino, vereint dieser Wein die besten Eigenschaften der Merlot- und Sangiovese-Trauben. Mit einem angenehmen Alkoholgehalt von 13% kommt er mit einer einladenden Fruchtigkeit daher, die an reife Kirschen und Pflaumen erinnert, untermalt von feinen Noten von Gew\u00fcrzen und einem Hauch von Vanille. Er ist einfach perfekt f\u00fcr einen gem\u00fctlichen Abend mit Freunden oder zu einem herzhaften Rindersteak \u2013 da kommt Stimmung auf! Lass dich von diesem italienischen Charmeur verf\u00fchren und genie\u00dfe jeden Schluck!<\/p>\n","protected":false},"excerpt":{"rendered":"<p>Trentino-Merlot mit verf\u00fchrerischer Kirsch- und Pflaumenfrucht, eleganten Gew\u00fcrznoten und perfektem Begleiter zu Rindersteak.<\/p>\n","protected":false},"featured_media":11672,"comment_status":"open","ping_status":"closed","template":"","meta":{"_acf_changed":false,"_et_pb_use_builder":"","_et_pb_old_content":"","_et_gb_content_width":"","inline_featured_image":false,"_price":"3.99","_stock":"13","_tribe_ticket_header":"","_tribe_default_ticket_provider":"","_tribe_ticket_capacity":"","_ticket_start_date":"","_ticket_end_date":"","_tribe_ticket_show_description":"","_tribe_ticket_show_not_going":false,"_tribe_ticket_use_global_stock":"","_tribe_ticket_global_stock_level":"","_global_stock_mode":"","_global_stock_cap":"","_tribe_rsvp_for_event":"","_tribe_ticket_going_count":"","_tribe_ticket_not_going_count":"","_tribe_tickets_list":"[]","_tribe_ticket_has_attendee_info_fields":false,"_tec_slr_enabled":"","_tec_slr_layout":""},"product_brand":[],"product_cat":[124],"product_tag":[],"class_list":{"0":"post-11617","1":"product","2":"type-product","3":"status-publish","4":"has-post-thumbnail","6":"product_cat-rotwein","8":"first","9":"instock","10":"taxable","11":"shipping-taxable","12":"purchasable","13":"product-type-simple"},"acf":[],"_links":{"self":[{"href":"https:\/\/weinhundert.com\/da\/wp-json\/wp\/v2\/product\/11617","targetHints":{"allow":["GET"]}}],"collection":[{"href":"https:\/\/weinhundert.com\/da\/wp-json\/wp\/v2\/product"}],"about":[{"href":"https:\/\/weinhundert.com\/da\/wp-json\/wp\/v2\/types\/product"}],"replies":[{"embeddable":true,"href":"https:\/\/weinhundert.com\/da\/wp-json\/wp\/v2\/comments?post=11617"}],"wp:featuredmedia":[{"embeddable":true,"href":"https:\/\/weinhundert.com\/da\/wp-json\/wp\/v2\/media\/11672"}],"wp:attachment":[{"href":"https:\/\/weinhundert.com\/da\/wp-json\/wp\/v2\/media?parent=11617"}],"wp:term":[{"taxonomy":"product_brand","embeddable":true,"href":"https:\/\/weinhundert.com\/da\/wp-json\/wp\/v2\/product_brand?post=11617"},{"taxonomy":"product_cat","embeddable":true,"href":"https:\/\/weinhundert.com\/da\/wp-json\/wp\/v2\/product_cat?post=11617"},{"taxonomy":"product_tag","embeddable":true,"href":"https:\/\/weinhundert.com\/da\/wp-json\/wp\/v2\/product_tag?post=11617"}],"curies":[{"name":"wp","href":"https:\/\/api.w.org\/{rel}","templated":true}]}}