{"id":11668,"date":"2026-03-31T21:26:37","date_gmt":"2026-03-31T19:26:37","guid":{"rendered":"https:\/\/weinhundert.com\/produkt\/marco-felluga-chardonnay-collio-2015-075-l\/"},"modified":"2026-05-13T18:34:39","modified_gmt":"2026-05-13T16:34:39","slug":"marco-felluga-chardonnay-collio-2015-075-l","status":"publish","type":"product","link":"https:\/\/weinhundert.com\/da\/produkt\/marco-felluga-chardonnay-collio-2015-075-l\/","title":{"rendered":"Marco Felluga Chardonnay Collio 2015 0,75 l"},"content":{"rendered":"<p>Der Marco Felluga Chardonnay aus dem Jahr 2015 ist ein echter Genuss aus dem malerischen Friaul in Italien. Mit jedem Schluck entfaltet sich das Aroma von reifen \u00c4pfeln und zarten Zitrusfr\u00fcchten, die dir das Gef\u00fchl von sonnigen Tagen am Meer vermitteln. Die feine Mineralit\u00e4t des Weins spiegelt die einzigartigen B\u00f6den der Region wider und bringt eine angenehme Frische mit sich, die zum Verweilen einl\u00e4dt. Dieser Chardonnay ist die perfekte Begleitung zu gegrilltem Fisch oder einer cremigen Pasta mit Spargel. Lass dich von diesem italienischen Wein begeistern und bring ein St\u00fcck Friaul direkt zu dir nach Hause!<\/p>\n","protected":false},"excerpt":{"rendered":"<p>Friaul-Chardonnay mit Apfel- und Zitrusaromen, mineralisch frisch und perfekt zu Fisch und Spargel.<\/p>\n","protected":false},"featured_media":11721,"comment_status":"open","ping_status":"closed","template":"","meta":{"_acf_changed":false,"_et_pb_use_builder":"","_et_pb_old_content":"","_et_gb_content_width":"","inline_featured_image":false,"_price":"10.99","_stock":"5","_tribe_ticket_header":"","_tribe_default_ticket_provider":"","_tribe_ticket_capacity":"","_ticket_start_date":"","_ticket_end_date":"","_tribe_ticket_show_description":"","_tribe_ticket_show_not_going":false,"_tribe_ticket_use_global_stock":"","_tribe_ticket_global_stock_level":"","_global_stock_mode":"","_global_stock_cap":"","_tribe_rsvp_for_event":"","_tribe_ticket_going_count":"","_tribe_ticket_not_going_count":"","_tribe_tickets_list":"[]","_tribe_ticket_has_attendee_info_fields":false,"_tec_slr_enabled":"","_tec_slr_layout":""},"product_brand":[],"product_cat":[123],"product_tag":[],"class_list":{"0":"post-11668","1":"product","2":"type-product","3":"status-publish","4":"has-post-thumbnail","6":"product_cat-weisswein","8":"first","9":"instock","10":"taxable","11":"shipping-taxable","12":"purchasable","13":"product-type-simple"},"acf":[],"_links":{"self":[{"href":"https:\/\/weinhundert.com\/da\/wp-json\/wp\/v2\/product\/11668","targetHints":{"allow":["GET"]}}],"collection":[{"href":"https:\/\/weinhundert.com\/da\/wp-json\/wp\/v2\/product"}],"about":[{"href":"https:\/\/weinhundert.com\/da\/wp-json\/wp\/v2\/types\/product"}],"replies":[{"embeddable":true,"href":"https:\/\/weinhundert.com\/da\/wp-json\/wp\/v2\/comments?post=11668"}],"wp:featuredmedia":[{"embeddable":true,"href":"https:\/\/weinhundert.com\/da\/wp-json\/wp\/v2\/media\/11721"}],"wp:attachment":[{"href":"https:\/\/weinhundert.com\/da\/wp-json\/wp\/v2\/media?parent=11668"}],"wp:term":[{"taxonomy":"product_brand","embeddable":true,"href":"https:\/\/weinhundert.com\/da\/wp-json\/wp\/v2\/product_brand?post=11668"},{"taxonomy":"product_cat","embeddable":true,"href":"https:\/\/weinhundert.com\/da\/wp-json\/wp\/v2\/product_cat?post=11668"},{"taxonomy":"product_tag","embeddable":true,"href":"https:\/\/weinhundert.com\/da\/wp-json\/wp\/v2\/product_tag?post=11668"}],"curies":[{"name":"wp","href":"https:\/\/api.w.org\/{rel}","templated":true}]}}