{"id":11671,"date":"2026-03-31T21:26:50","date_gmt":"2026-03-31T19:26:50","guid":{"rendered":"https:\/\/weinhundert.com\/produkt\/villa-antinori-rosso-2011-075-l\/"},"modified":"2026-04-02T13:22:13","modified_gmt":"2026-04-02T11:22:13","slug":"villa-antinori-rosso-2011-075-l","status":"publish","type":"product","link":"https:\/\/weinhundert.com\/da\/produkt\/villa-antinori-rosso-2011-075-l\/","title":{"rendered":"Villa Antinori Rosso 2011 0,75 l"},"content":{"rendered":"<p>Dieser toskanische Rotwein aus dem Hause Antinori ist ein Klassiker, der nicht umsonst Generationen von Weintrinkern begeistert. Die Mischung aus Sangiovese und Merlot bringt dir eine wunderbare Balance mit sich: kr\u00e4ftig genug f\u00fcr echte Geschmackserlebnisse, aber auch super zug\u00e4nglich und unkompliziert. Mit seinen 13,5 Prozent Alkohol sitzt er im perfekten Sweet Spot \u2013 nicht zu schwer, nicht zu leicht. Ein Wein, der sich zu Pasta mit reichhaltiger Bolognese, gegrilltem Fleisch oder w\u00fcrzigen K\u00e4sesorten absolut wohlf\u00fchlt.<\/p>\n","protected":false},"excerpt":{"rendered":"<p>Toskanischer Klassiker aus Sangiovese und Merlot \u2013 fruchtig, zug\u00e4nglich und zeitlos lecker.<\/p>\n","protected":false},"featured_media":11724,"comment_status":"open","ping_status":"closed","template":"","meta":{"_acf_changed":false,"_et_pb_use_builder":"","_et_pb_old_content":"","_et_gb_content_width":"","inline_featured_image":false,"_price":"10.99","_stock":"-1","_tribe_ticket_header":"","_tribe_default_ticket_provider":"","_tribe_ticket_capacity":"","_ticket_start_date":"","_ticket_end_date":"","_tribe_ticket_show_description":"","_tribe_ticket_show_not_going":false,"_tribe_ticket_use_global_stock":"","_tribe_ticket_global_stock_level":"","_global_stock_mode":"","_global_stock_cap":"","_tribe_rsvp_for_event":"","_tribe_ticket_going_count":"","_tribe_ticket_not_going_count":"","_tribe_tickets_list":"[]","_tribe_ticket_has_attendee_info_fields":false,"_tec_slr_enabled":"","_tec_slr_layout":""},"product_brand":[],"product_cat":[124],"product_tag":[],"class_list":{"0":"post-11671","1":"product","2":"type-product","3":"status-publish","4":"has-post-thumbnail","6":"product_cat-rotwein","8":"first","9":"outofstock","10":"taxable","11":"shipping-taxable","12":"purchasable","13":"product-type-simple"},"acf":[],"_links":{"self":[{"href":"https:\/\/weinhundert.com\/da\/wp-json\/wp\/v2\/product\/11671","targetHints":{"allow":["GET"]}}],"collection":[{"href":"https:\/\/weinhundert.com\/da\/wp-json\/wp\/v2\/product"}],"about":[{"href":"https:\/\/weinhundert.com\/da\/wp-json\/wp\/v2\/types\/product"}],"replies":[{"embeddable":true,"href":"https:\/\/weinhundert.com\/da\/wp-json\/wp\/v2\/comments?post=11671"}],"wp:featuredmedia":[{"embeddable":true,"href":"https:\/\/weinhundert.com\/da\/wp-json\/wp\/v2\/media\/11724"}],"wp:attachment":[{"href":"https:\/\/weinhundert.com\/da\/wp-json\/wp\/v2\/media?parent=11671"}],"wp:term":[{"taxonomy":"product_brand","embeddable":true,"href":"https:\/\/weinhundert.com\/da\/wp-json\/wp\/v2\/product_brand?post=11671"},{"taxonomy":"product_cat","embeddable":true,"href":"https:\/\/weinhundert.com\/da\/wp-json\/wp\/v2\/product_cat?post=11671"},{"taxonomy":"product_tag","embeddable":true,"href":"https:\/\/weinhundert.com\/da\/wp-json\/wp\/v2\/product_tag?post=11671"}],"curies":[{"name":"wp","href":"https:\/\/api.w.org\/{rel}","templated":true}]}}