{"id":11720,"date":"2026-03-31T21:31:29","date_gmt":"2026-03-31T19:31:29","guid":{"rendered":"https:\/\/weinhundert.com\/produkt\/marco-felluga-ribolla-gialla-collio-2017-075-l\/"},"modified":"2026-04-02T13:23:34","modified_gmt":"2026-04-02T11:23:34","slug":"marco-felluga-ribolla-gialla-collio-2017-075-l","status":"publish","type":"product","link":"https:\/\/weinhundert.com\/da\/produkt\/marco-felluga-ribolla-gialla-collio-2017-075-l\/","title":{"rendered":"Marco Felluga Ribolla Gialla Collio 2017 0,75 l"},"content":{"rendered":"<p>Der Marco Felluga Ribolla Gialla aus dem Jahr 2017 ist ein echter Schatz aus der malerischen Region Friaul in Italien. Mit seinem frischen, fruchtigen Charakter entf\u00fchrt er dich direkt in die sonnendurchfluteten Weinberge, wo die Ribolla Gialla-Trauben auf idealen Bedingungen wachsen. In deinem Glas strahlt er in einem einladenden Gelb und verstr\u00f6mt Aromen von Zitrusfr\u00fcchten, gr\u00fcnen \u00c4pfeln und einem Hauch von floralen Noten, die Lust auf mehr machen. Dieser Wein ist nicht nur ein Genuss f\u00fcr den Gaumen, sondern passt auch hervorragend zu leichten Gerichten wie gegrilltem Fisch oder einem knackigen Salat. Lass dich von diesem italienischen Klassiker verf\u00fchren!<\/p>\n","protected":false},"excerpt":{"rendered":"<p>Frischer Friaul-Klassiker mit Zitrus und gr\u00fcnem Apfel \u2013 perfekt zu Fisch und leichten Gerichten.<\/p>\n","protected":false},"featured_media":11833,"comment_status":"open","ping_status":"closed","template":"","meta":{"_acf_changed":false,"_et_pb_use_builder":"","_et_pb_old_content":"","_et_gb_content_width":"","inline_featured_image":false,"_price":"14.99","_stock":"3","_tribe_ticket_header":"","_tribe_default_ticket_provider":"","_tribe_ticket_capacity":"","_ticket_start_date":"","_ticket_end_date":"","_tribe_ticket_show_description":"","_tribe_ticket_show_not_going":false,"_tribe_ticket_use_global_stock":"","_tribe_ticket_global_stock_level":"","_global_stock_mode":"","_global_stock_cap":"","_tribe_rsvp_for_event":"","_tribe_ticket_going_count":"","_tribe_ticket_not_going_count":"","_tribe_tickets_list":"[]","_tribe_ticket_has_attendee_info_fields":false,"_tec_slr_enabled":"","_tec_slr_layout":""},"product_brand":[],"product_cat":[123],"product_tag":[],"class_list":{"0":"post-11720","1":"product","2":"type-product","3":"status-publish","4":"has-post-thumbnail","6":"product_cat-weisswein","8":"first","9":"instock","10":"taxable","11":"shipping-taxable","12":"purchasable","13":"product-type-simple"},"acf":[],"_links":{"self":[{"href":"https:\/\/weinhundert.com\/da\/wp-json\/wp\/v2\/product\/11720","targetHints":{"allow":["GET"]}}],"collection":[{"href":"https:\/\/weinhundert.com\/da\/wp-json\/wp\/v2\/product"}],"about":[{"href":"https:\/\/weinhundert.com\/da\/wp-json\/wp\/v2\/types\/product"}],"replies":[{"embeddable":true,"href":"https:\/\/weinhundert.com\/da\/wp-json\/wp\/v2\/comments?post=11720"}],"wp:featuredmedia":[{"embeddable":true,"href":"https:\/\/weinhundert.com\/da\/wp-json\/wp\/v2\/media\/11833"}],"wp:attachment":[{"href":"https:\/\/weinhundert.com\/da\/wp-json\/wp\/v2\/media?parent=11720"}],"wp:term":[{"taxonomy":"product_brand","embeddable":true,"href":"https:\/\/weinhundert.com\/da\/wp-json\/wp\/v2\/product_brand?post=11720"},{"taxonomy":"product_cat","embeddable":true,"href":"https:\/\/weinhundert.com\/da\/wp-json\/wp\/v2\/product_cat?post=11720"},{"taxonomy":"product_tag","embeddable":true,"href":"https:\/\/weinhundert.com\/da\/wp-json\/wp\/v2\/product_tag?post=11720"}],"curies":[{"name":"wp","href":"https:\/\/api.w.org\/{rel}","templated":true}]}}