{"id":11760,"date":"2026-03-31T21:34:47","date_gmt":"2026-03-31T19:34:47","guid":{"rendered":"https:\/\/weinhundert.com\/produkt\/f-x-pichler-riesling-unendlich-2012-075-l\/"},"modified":"2026-04-02T13:24:42","modified_gmt":"2026-04-02T11:24:42","slug":"f-x-pichler-riesling-unendlich-2012-075-l","status":"publish","type":"product","link":"https:\/\/weinhundert.com\/da\/produkt\/f-x-pichler-riesling-unendlich-2012-075-l\/","title":{"rendered":"F.X. Pichler Riesling Unendlich 2012 0,75 l"},"content":{"rendered":"<p>Dieser Riesling aus der Wachau zeigt dir, warum F.X. Pichler zu den besten Winzern \u00d6sterreichs geh\u00f6rt. Mit 14% Alkohol bringt er eine sch\u00f6ne Kraft mit, ohne dabei aufdringlich zu werden \u2013 stattdessen entfaltet er mineralische Noten und eine feine Fruchtigkeit, die dich sofort packt. Der Jahrgang 2012 hat jetzt die perfekte Reife erreicht und schmeckt nach Apfel, Zitrus und einem Hauch Kr\u00e4utern. Dazu passen Fischgerichte, leichte Pasta oder einfach nur ein guter Moment mit Freunden.<\/p>\n","protected":false},"excerpt":{"rendered":"<p>Mineralischer Wachau-Klassiker mit Kraft und Finesse. Der perfekte Moment f\u00fcr einen gro\u00dfen \u00f6sterreichischen Riesling.<\/p>\n","protected":false},"featured_media":11882,"comment_status":"open","ping_status":"closed","template":"","meta":{"_acf_changed":false,"_et_pb_use_builder":"","_et_pb_old_content":"","_et_gb_content_width":"","inline_featured_image":false,"_price":"159.00","_stock":"-1","_tribe_ticket_header":"","_tribe_default_ticket_provider":"","_tribe_ticket_capacity":"","_ticket_start_date":"","_ticket_end_date":"","_tribe_ticket_show_description":"","_tribe_ticket_show_not_going":false,"_tribe_ticket_use_global_stock":"","_tribe_ticket_global_stock_level":"","_global_stock_mode":"","_global_stock_cap":"","_tribe_rsvp_for_event":"","_tribe_ticket_going_count":"","_tribe_ticket_not_going_count":"","_tribe_tickets_list":"[]","_tribe_ticket_has_attendee_info_fields":false,"_tec_slr_enabled":"","_tec_slr_layout":""},"product_brand":[],"product_cat":[123],"product_tag":[],"class_list":{"0":"post-11760","1":"product","2":"type-product","3":"status-publish","4":"has-post-thumbnail","6":"product_cat-weisswein","8":"first","9":"outofstock","10":"taxable","11":"shipping-taxable","12":"purchasable","13":"product-type-simple"},"acf":[],"_links":{"self":[{"href":"https:\/\/weinhundert.com\/da\/wp-json\/wp\/v2\/product\/11760","targetHints":{"allow":["GET"]}}],"collection":[{"href":"https:\/\/weinhundert.com\/da\/wp-json\/wp\/v2\/product"}],"about":[{"href":"https:\/\/weinhundert.com\/da\/wp-json\/wp\/v2\/types\/product"}],"replies":[{"embeddable":true,"href":"https:\/\/weinhundert.com\/da\/wp-json\/wp\/v2\/comments?post=11760"}],"wp:featuredmedia":[{"embeddable":true,"href":"https:\/\/weinhundert.com\/da\/wp-json\/wp\/v2\/media\/11882"}],"wp:attachment":[{"href":"https:\/\/weinhundert.com\/da\/wp-json\/wp\/v2\/media?parent=11760"}],"wp:term":[{"taxonomy":"product_brand","embeddable":true,"href":"https:\/\/weinhundert.com\/da\/wp-json\/wp\/v2\/product_brand?post=11760"},{"taxonomy":"product_cat","embeddable":true,"href":"https:\/\/weinhundert.com\/da\/wp-json\/wp\/v2\/product_cat?post=11760"},{"taxonomy":"product_tag","embeddable":true,"href":"https:\/\/weinhundert.com\/da\/wp-json\/wp\/v2\/product_tag?post=11760"}],"curies":[{"name":"wp","href":"https:\/\/api.w.org\/{rel}","templated":true}]}}