{"id":11763,"date":"2026-03-31T21:35:08","date_gmt":"2026-03-31T19:35:08","guid":{"rendered":"https:\/\/weinhundert.com\/produkt\/f-x-pichler-riesling-unendlich-2013-150-l\/"},"modified":"2026-04-02T13:24:47","modified_gmt":"2026-04-02T11:24:47","slug":"f-x-pichler-riesling-unendlich-2013-150-l","status":"publish","type":"product","link":"https:\/\/weinhundert.com\/da\/produkt\/f-x-pichler-riesling-unendlich-2013-150-l\/","title":{"rendered":"F.X. Pichler Riesling Unendlich 2013 1,50 l"},"content":{"rendered":"<p>Dieser Riesling aus der Wachau zeigt dir, warum \u00f6sterreichische Wei\u00dfweine einfach ihre eigene Klasse haben. Der F.X. Pichler Unendlich besticht mit mineralischer Pr\u00e4zision, feinen Aprikosennoten und einer wunderbar lebendigen S\u00e4ure, die den Wein richtig zum Tanzen bringt. Mit 14 % Alkohol sitzt er perfekt im Gleichgewicht und wirkt trotz seiner Konzentration erstaunlich frisch und animierend. Ein Wein f\u00fcr Abende, an denen du wirklich hinschmecken m\u00f6chtest \u2013 pur oder zu Meeresfr\u00fcchten, Fischspezialit\u00e4ten und leichten Nudelgerichten absolut gro\u00dfartig.<\/p>\n","protected":false},"excerpt":{"rendered":"<p>Mineralischer \u00f6sterreichischer Riesling mit Frische und Tiefe \u2013 ein Klassiker aus der legend\u00e4ren Wachau.<\/p>\n","protected":false},"featured_media":11886,"comment_status":"open","ping_status":"closed","template":"","meta":{"_acf_changed":false,"_et_pb_use_builder":"","_et_pb_old_content":"","_et_gb_content_width":"","inline_featured_image":false,"_price":"329.00","_stock":"-1","_tribe_ticket_header":"","_tribe_default_ticket_provider":"","_tribe_ticket_capacity":"","_ticket_start_date":"","_ticket_end_date":"","_tribe_ticket_show_description":"","_tribe_ticket_show_not_going":false,"_tribe_ticket_use_global_stock":"","_tribe_ticket_global_stock_level":"","_global_stock_mode":"","_global_stock_cap":"","_tribe_rsvp_for_event":"","_tribe_ticket_going_count":"","_tribe_ticket_not_going_count":"","_tribe_tickets_list":"[]","_tribe_ticket_has_attendee_info_fields":false,"_tec_slr_enabled":"","_tec_slr_layout":""},"product_brand":[],"product_cat":[123],"product_tag":[],"class_list":{"0":"post-11763","1":"product","2":"type-product","3":"status-publish","4":"has-post-thumbnail","6":"product_cat-weisswein","8":"first","9":"outofstock","10":"taxable","11":"shipping-taxable","12":"purchasable","13":"product-type-simple"},"acf":[],"_links":{"self":[{"href":"https:\/\/weinhundert.com\/da\/wp-json\/wp\/v2\/product\/11763","targetHints":{"allow":["GET"]}}],"collection":[{"href":"https:\/\/weinhundert.com\/da\/wp-json\/wp\/v2\/product"}],"about":[{"href":"https:\/\/weinhundert.com\/da\/wp-json\/wp\/v2\/types\/product"}],"replies":[{"embeddable":true,"href":"https:\/\/weinhundert.com\/da\/wp-json\/wp\/v2\/comments?post=11763"}],"wp:featuredmedia":[{"embeddable":true,"href":"https:\/\/weinhundert.com\/da\/wp-json\/wp\/v2\/media\/11886"}],"wp:attachment":[{"href":"https:\/\/weinhundert.com\/da\/wp-json\/wp\/v2\/media?parent=11763"}],"wp:term":[{"taxonomy":"product_brand","embeddable":true,"href":"https:\/\/weinhundert.com\/da\/wp-json\/wp\/v2\/product_brand?post=11763"},{"taxonomy":"product_cat","embeddable":true,"href":"https:\/\/weinhundert.com\/da\/wp-json\/wp\/v2\/product_cat?post=11763"},{"taxonomy":"product_tag","embeddable":true,"href":"https:\/\/weinhundert.com\/da\/wp-json\/wp\/v2\/product_tag?post=11763"}],"curies":[{"name":"wp","href":"https:\/\/api.w.org\/{rel}","templated":true}]}}