{"id":11772,"date":"2026-03-31T21:35:55","date_gmt":"2026-03-31T19:35:55","guid":{"rendered":"https:\/\/weinhundert.com\/produkt\/catena-chardonnay-2016-075-l\/"},"modified":"2026-04-02T13:25:03","modified_gmt":"2026-04-02T11:25:03","slug":"catena-chardonnay-2016-075-l","status":"publish","type":"product","link":"https:\/\/weinhundert.com\/da\/produkt\/catena-chardonnay-2016-075-l\/","title":{"rendered":"Catena Chardonnay 2016 0,75 l"},"content":{"rendered":"<p>Der Catena Chardonnay 2016 aus dem malerischen Mendoza, Argentinien, ist ein echter Genuss f\u00fcr jeden Wei\u00dfweinliebhaber. Mit seinem frischen, fruchtigen Charakter bringt er die Sonne und die Leidenschaft der argentinischen Weinbauern direkt in dein Glas. Du wirst von den Aromen reifer \u00c4pfel und saftiger Zitrusfr\u00fcchte verf\u00fchrt, die mit einem Hauch von Vanille und einem feinen mineralischen Touch harmonieren. Dieser Wein ist der perfekte Begleiter zu einem leckeren Risotto mit Spargel oder zu gegrilltem Fisch \u2013 einfach himmlisch! G\u00f6nn dir einen Schluck und lass dich von der argentinischen Lebensfreude anstecken.<\/p>\n","protected":false},"excerpt":{"rendered":"<p>Frischer argentinischer Chardonnay mit verf\u00fchrerischen Apfel- und Zitrusaromen, mineralisch elegant und perfekt zu Fisch.<\/p>\n","protected":false},"featured_media":11896,"comment_status":"open","ping_status":"closed","template":"","meta":{"_acf_changed":false,"_et_pb_use_builder":"","_et_pb_old_content":"","_et_gb_content_width":"","inline_featured_image":false,"_price":"11.99","_stock":"4","_tribe_ticket_header":"","_tribe_default_ticket_provider":"","_tribe_ticket_capacity":"","_ticket_start_date":"","_ticket_end_date":"","_tribe_ticket_show_description":"","_tribe_ticket_show_not_going":false,"_tribe_ticket_use_global_stock":"","_tribe_ticket_global_stock_level":"","_global_stock_mode":"","_global_stock_cap":"","_tribe_rsvp_for_event":"","_tribe_ticket_going_count":"","_tribe_ticket_not_going_count":"","_tribe_tickets_list":"[]","_tribe_ticket_has_attendee_info_fields":false,"_tec_slr_enabled":"","_tec_slr_layout":""},"product_brand":[],"product_cat":[123],"product_tag":[],"class_list":{"0":"post-11772","1":"product","2":"type-product","3":"status-publish","4":"has-post-thumbnail","6":"product_cat-weisswein","8":"first","9":"instock","10":"taxable","11":"shipping-taxable","12":"purchasable","13":"product-type-simple"},"acf":[],"_links":{"self":[{"href":"https:\/\/weinhundert.com\/da\/wp-json\/wp\/v2\/product\/11772","targetHints":{"allow":["GET"]}}],"collection":[{"href":"https:\/\/weinhundert.com\/da\/wp-json\/wp\/v2\/product"}],"about":[{"href":"https:\/\/weinhundert.com\/da\/wp-json\/wp\/v2\/types\/product"}],"replies":[{"embeddable":true,"href":"https:\/\/weinhundert.com\/da\/wp-json\/wp\/v2\/comments?post=11772"}],"wp:featuredmedia":[{"embeddable":true,"href":"https:\/\/weinhundert.com\/da\/wp-json\/wp\/v2\/media\/11896"}],"wp:attachment":[{"href":"https:\/\/weinhundert.com\/da\/wp-json\/wp\/v2\/media?parent=11772"}],"wp:term":[{"taxonomy":"product_brand","embeddable":true,"href":"https:\/\/weinhundert.com\/da\/wp-json\/wp\/v2\/product_brand?post=11772"},{"taxonomy":"product_cat","embeddable":true,"href":"https:\/\/weinhundert.com\/da\/wp-json\/wp\/v2\/product_cat?post=11772"},{"taxonomy":"product_tag","embeddable":true,"href":"https:\/\/weinhundert.com\/da\/wp-json\/wp\/v2\/product_tag?post=11772"}],"curies":[{"name":"wp","href":"https:\/\/api.w.org\/{rel}","templated":true}]}}