{"id":11784,"date":"2026-03-31T21:36:59","date_gmt":"2026-03-31T19:36:59","guid":{"rendered":"https:\/\/weinhundert.com\/produkt\/f-x-pichler-sauvignon-blanc-grosse-reserve-2012-075-l\/"},"modified":"2026-04-02T13:25:24","modified_gmt":"2026-04-02T11:25:24","slug":"f-x-pichler-sauvignon-blanc-grosse-reserve-2012-075-l","status":"publish","type":"product","link":"https:\/\/weinhundert.com\/da\/produkt\/f-x-pichler-sauvignon-blanc-grosse-reserve-2012-075-l\/","title":{"rendered":"F.X. Pichler Sauvignon Blanc Gro\u00dfe Reserve 2012 0,75 l"},"content":{"rendered":"<p>Dieser Sauvignon Blanc aus der Wachau zeigt dir, was \u00f6sterreichische Weinkultur wirklich draufhat. F.X. Pichler hat hier einen kraftvollen Wei\u00dfwein geschaffen, der mit Intensit\u00e4t und Charakter \u00fcberzeugt \u2013 mineralisch, frisch und mit einer angenehmen W\u00fcrze, die dich sofort fesselt. Der reife Jahrgang 2012 bringt eine sch\u00f6ne F\u00fclle mit sich, ohne dabei aufdringlich zu wirken. Perfekt zu Fisch, Meeresfr\u00fcchten oder auch zu Ziegenk\u00e4se \u2013 dieser Wein passt zu vielen Momenten.<\/p>\n","protected":false},"excerpt":{"rendered":"<p>Kraftvoller \u00f6sterreichischer Klassiker aus der Wachau: mineralisch, frisch und vollmundig mit echter Pers\u00f6nlichkeit.<\/p>\n","protected":false},"featured_media":11912,"comment_status":"open","ping_status":"closed","template":"","meta":{"_acf_changed":false,"_et_pb_use_builder":"","_et_pb_old_content":"","_et_gb_content_width":"","inline_featured_image":false,"_price":"39.90","_stock":"-1","_tribe_ticket_header":"","_tribe_default_ticket_provider":"","_tribe_ticket_capacity":"","_ticket_start_date":"","_ticket_end_date":"","_tribe_ticket_show_description":"","_tribe_ticket_show_not_going":false,"_tribe_ticket_use_global_stock":"","_tribe_ticket_global_stock_level":"","_global_stock_mode":"","_global_stock_cap":"","_tribe_rsvp_for_event":"","_tribe_ticket_going_count":"","_tribe_ticket_not_going_count":"","_tribe_tickets_list":"[]","_tribe_ticket_has_attendee_info_fields":false,"_tec_slr_enabled":"","_tec_slr_layout":""},"product_brand":[],"product_cat":[123],"product_tag":[],"class_list":{"0":"post-11784","1":"product","2":"type-product","3":"status-publish","4":"has-post-thumbnail","6":"product_cat-weisswein","8":"first","9":"outofstock","10":"taxable","11":"shipping-taxable","12":"purchasable","13":"product-type-simple"},"acf":[],"_links":{"self":[{"href":"https:\/\/weinhundert.com\/da\/wp-json\/wp\/v2\/product\/11784","targetHints":{"allow":["GET"]}}],"collection":[{"href":"https:\/\/weinhundert.com\/da\/wp-json\/wp\/v2\/product"}],"about":[{"href":"https:\/\/weinhundert.com\/da\/wp-json\/wp\/v2\/types\/product"}],"replies":[{"embeddable":true,"href":"https:\/\/weinhundert.com\/da\/wp-json\/wp\/v2\/comments?post=11784"}],"wp:featuredmedia":[{"embeddable":true,"href":"https:\/\/weinhundert.com\/da\/wp-json\/wp\/v2\/media\/11912"}],"wp:attachment":[{"href":"https:\/\/weinhundert.com\/da\/wp-json\/wp\/v2\/media?parent=11784"}],"wp:term":[{"taxonomy":"product_brand","embeddable":true,"href":"https:\/\/weinhundert.com\/da\/wp-json\/wp\/v2\/product_brand?post=11784"},{"taxonomy":"product_cat","embeddable":true,"href":"https:\/\/weinhundert.com\/da\/wp-json\/wp\/v2\/product_cat?post=11784"},{"taxonomy":"product_tag","embeddable":true,"href":"https:\/\/weinhundert.com\/da\/wp-json\/wp\/v2\/product_tag?post=11784"}],"curies":[{"name":"wp","href":"https:\/\/api.w.org\/{rel}","templated":true}]}}