{"id":11819,"date":"2026-03-31T21:40:04","date_gmt":"2026-03-31T19:40:04","guid":{"rendered":"https:\/\/weinhundert.com\/produkt\/cordero-di-montezemolo-barolo-bricco-gattera-2013-075-l\/"},"modified":"2026-04-02T13:26:25","modified_gmt":"2026-04-02T11:26:25","slug":"cordero-di-montezemolo-barolo-bricco-gattera-2013-075-l","status":"publish","type":"product","link":"https:\/\/weinhundert.com\/da\/produkt\/cordero-di-montezemolo-barolo-bricco-gattera-2013-075-l\/","title":{"rendered":"Cordero di Montezemolo Barolo Bricco Gattera 2013 0,75 l"},"content":{"rendered":"<p>Dieser Barolo aus dem Bricco Gattera zeigt dir, warum die Nebbiolo-Traube im Piemont ihre Fans hat: kr\u00e4ftig, w\u00fcrzig und mit einer feinen S\u00e4ure, die den Wein lebendig h\u00e4lt. Der 2013er hat jetzt die perfekte Reife erreicht und offenbart Noten von dunklem Obst, Lakritz und einem Hauch Tabak. Lass ihn atmen, dann entfaltet er sein volles Potenzial. Passt hervorragend zu kr\u00e4ftiger italienischer Pasta mit Fleischso\u00dfe oder zu einem sch\u00f6nen St\u00fcck Roastbeef.<\/p>\n","protected":false},"excerpt":{"rendered":"<p>Reifer Barolo mit w\u00fcrzigem Charakter und feiner S\u00e4ure \u2013 jetzt im perfekten Trinkfenster.<\/p>\n","protected":false},"featured_media":11952,"comment_status":"open","ping_status":"closed","template":"","meta":{"_acf_changed":false,"_et_pb_use_builder":"","_et_pb_old_content":"","_et_gb_content_width":"","inline_featured_image":false,"_price":"64.90","_stock":"4","_tribe_ticket_header":"","_tribe_default_ticket_provider":"","_tribe_ticket_capacity":"","_ticket_start_date":"","_ticket_end_date":"","_tribe_ticket_show_description":"","_tribe_ticket_show_not_going":false,"_tribe_ticket_use_global_stock":"","_tribe_ticket_global_stock_level":"","_global_stock_mode":"","_global_stock_cap":"","_tribe_rsvp_for_event":"","_tribe_ticket_going_count":"","_tribe_ticket_not_going_count":"","_tribe_tickets_list":"[]","_tribe_ticket_has_attendee_info_fields":false,"_tec_slr_enabled":"","_tec_slr_layout":""},"product_brand":[],"product_cat":[124],"product_tag":[],"class_list":{"0":"post-11819","1":"product","2":"type-product","3":"status-publish","4":"has-post-thumbnail","6":"product_cat-rotwein","8":"first","9":"instock","10":"taxable","11":"shipping-taxable","12":"purchasable","13":"product-type-simple"},"acf":[],"_links":{"self":[{"href":"https:\/\/weinhundert.com\/da\/wp-json\/wp\/v2\/product\/11819","targetHints":{"allow":["GET"]}}],"collection":[{"href":"https:\/\/weinhundert.com\/da\/wp-json\/wp\/v2\/product"}],"about":[{"href":"https:\/\/weinhundert.com\/da\/wp-json\/wp\/v2\/types\/product"}],"replies":[{"embeddable":true,"href":"https:\/\/weinhundert.com\/da\/wp-json\/wp\/v2\/comments?post=11819"}],"wp:featuredmedia":[{"embeddable":true,"href":"https:\/\/weinhundert.com\/da\/wp-json\/wp\/v2\/media\/11952"}],"wp:attachment":[{"href":"https:\/\/weinhundert.com\/da\/wp-json\/wp\/v2\/media?parent=11819"}],"wp:term":[{"taxonomy":"product_brand","embeddable":true,"href":"https:\/\/weinhundert.com\/da\/wp-json\/wp\/v2\/product_brand?post=11819"},{"taxonomy":"product_cat","embeddable":true,"href":"https:\/\/weinhundert.com\/da\/wp-json\/wp\/v2\/product_cat?post=11819"},{"taxonomy":"product_tag","embeddable":true,"href":"https:\/\/weinhundert.com\/da\/wp-json\/wp\/v2\/product_tag?post=11819"}],"curies":[{"name":"wp","href":"https:\/\/api.w.org\/{rel}","templated":true}]}}