{"id":11837,"date":"2026-03-31T21:41:17","date_gmt":"2026-03-31T19:41:17","guid":{"rendered":"https:\/\/weinhundert.com\/produkt\/montes-folly-2015-075-l\/"},"modified":"2026-04-02T13:26:47","modified_gmt":"2026-04-02T11:26:47","slug":"montes-folly-2015-075-l","status":"publish","type":"product","link":"https:\/\/weinhundert.com\/da\/produkt\/montes-folly-2015-075-l\/","title":{"rendered":"Montes Folly 2015 0,75 l"},"content":{"rendered":"<p>Der Montes Folly aus dem Jahr 2015 ist ein faszinierender Rotwein, der die Seele Chiles in jedem Schluck einf\u00e4ngt. Dieser Syrah aus dem Valle Central begeistert mit seinem intensiven Aroma von reifen Beeren, gepaart mit feinen Kr\u00e4utern und einer dezenten W\u00fcrze. Der Wein hat Charakter und einen vollmundigen K\u00f6rper, der dich sofort in seinen Bann zieht. Ob beim gem\u00fctlichen Abendessen mit Freunden oder einem besonderen Anlass \u2013 dieser Wein macht jeden Moment besonders. Serviere ihn zu einem herzhaften Lammgericht oder einer w\u00fcrzigen Grillplatte, und du wirst das Zusammenspiel von Wein und Speisen lieben!<\/p>\n","protected":false},"excerpt":{"rendered":"<p>Intensiver Syrah aus Chile mit reifen Beeren, feinen Kr\u00e4utern und w\u00fcrziger Eleganz \u2013 ein Wein mit echter Pers\u00f6nlichkeit.<\/p>\n","protected":false},"featured_media":11971,"comment_status":"open","ping_status":"closed","template":"","meta":{"_acf_changed":false,"_et_pb_use_builder":"","_et_pb_old_content":"","_et_gb_content_width":"","inline_featured_image":false,"_price":"59.90","_stock":"-1","_tribe_ticket_header":"","_tribe_default_ticket_provider":"","_tribe_ticket_capacity":"","_ticket_start_date":"","_ticket_end_date":"","_tribe_ticket_show_description":"","_tribe_ticket_show_not_going":false,"_tribe_ticket_use_global_stock":"","_tribe_ticket_global_stock_level":"","_global_stock_mode":"","_global_stock_cap":"","_tribe_rsvp_for_event":"","_tribe_ticket_going_count":"","_tribe_ticket_not_going_count":"","_tribe_tickets_list":"[]","_tribe_ticket_has_attendee_info_fields":false,"_tec_slr_enabled":"","_tec_slr_layout":""},"product_brand":[],"product_cat":[124],"product_tag":[],"class_list":{"0":"post-11837","1":"product","2":"type-product","3":"status-publish","4":"has-post-thumbnail","6":"product_cat-rotwein","8":"first","9":"outofstock","10":"taxable","11":"shipping-taxable","12":"purchasable","13":"product-type-simple"},"acf":[],"_links":{"self":[{"href":"https:\/\/weinhundert.com\/da\/wp-json\/wp\/v2\/product\/11837","targetHints":{"allow":["GET"]}}],"collection":[{"href":"https:\/\/weinhundert.com\/da\/wp-json\/wp\/v2\/product"}],"about":[{"href":"https:\/\/weinhundert.com\/da\/wp-json\/wp\/v2\/types\/product"}],"replies":[{"embeddable":true,"href":"https:\/\/weinhundert.com\/da\/wp-json\/wp\/v2\/comments?post=11837"}],"wp:featuredmedia":[{"embeddable":true,"href":"https:\/\/weinhundert.com\/da\/wp-json\/wp\/v2\/media\/11971"}],"wp:attachment":[{"href":"https:\/\/weinhundert.com\/da\/wp-json\/wp\/v2\/media?parent=11837"}],"wp:term":[{"taxonomy":"product_brand","embeddable":true,"href":"https:\/\/weinhundert.com\/da\/wp-json\/wp\/v2\/product_brand?post=11837"},{"taxonomy":"product_cat","embeddable":true,"href":"https:\/\/weinhundert.com\/da\/wp-json\/wp\/v2\/product_cat?post=11837"},{"taxonomy":"product_tag","embeddable":true,"href":"https:\/\/weinhundert.com\/da\/wp-json\/wp\/v2\/product_tag?post=11837"}],"curies":[{"name":"wp","href":"https:\/\/api.w.org\/{rel}","templated":true}]}}