{"id":11849,"date":"2026-03-31T21:42:04","date_gmt":"2026-03-31T19:42:04","guid":{"rendered":"https:\/\/weinhundert.com\/produkt\/monte-zovo-amarone-riserva-2008-075-l\/"},"modified":"2026-04-02T13:27:00","modified_gmt":"2026-04-02T11:27:00","slug":"monte-zovo-amarone-riserva-2008-075-l","status":"publish","type":"product","link":"https:\/\/weinhundert.com\/da\/produkt\/monte-zovo-amarone-riserva-2008-075-l\/","title":{"rendered":"Monte Zovo Amarone Riserva 2008 0,75 l"},"content":{"rendered":"<p>Dieser Amarone Riserva aus dem Valpolicella ist ein echter Charakter \u2013 kr\u00e4ftig, w\u00fcrzig und mit dieser unverwechselbaren Tiefe, die nur aus getrockneten Trauben entsteht. Der 2008er hat ordentlich gereift und zeigt jetzt dunkle Kirschen, Pflaumen und eine sch\u00f6ne w\u00fcrzige Note mit Kakao und Tabak. Mit seinen 16 Prozent sitzt er vollmundig am Gaumen, bleibt aber \u00fcberraschend ausgewogen. Lass ihn zu geschmortem Fleisch, kr\u00e4ftigen Rag\u00f9-Varianten oder reifen K\u00e4sesorten tanzen \u2013 hier passt er perfekt rein.<\/p>\n","protected":false},"excerpt":{"rendered":"<p>Italienischer Klassiker mit Tiefe: Amarone Riserva 2008 aus Venetien mit kr\u00e4ftigen Aromen und jahrelanger Reife.<\/p>\n","protected":false},"featured_media":12047,"comment_status":"open","ping_status":"closed","template":"","meta":{"_acf_changed":false,"_et_pb_use_builder":"","_et_pb_old_content":"","_et_gb_content_width":"","inline_featured_image":false,"_price":"38.90","_stock":"-1","_tribe_ticket_header":"","_tribe_default_ticket_provider":"","_tribe_ticket_capacity":"","_ticket_start_date":"","_ticket_end_date":"","_tribe_ticket_show_description":"","_tribe_ticket_show_not_going":false,"_tribe_ticket_use_global_stock":"","_tribe_ticket_global_stock_level":"","_global_stock_mode":"","_global_stock_cap":"","_tribe_rsvp_for_event":"","_tribe_ticket_going_count":"","_tribe_ticket_not_going_count":"","_tribe_tickets_list":"[]","_tribe_ticket_has_attendee_info_fields":false,"_tec_slr_enabled":"","_tec_slr_layout":""},"product_brand":[],"product_cat":[124],"product_tag":[],"class_list":{"0":"post-11849","1":"product","2":"type-product","3":"status-publish","4":"has-post-thumbnail","6":"product_cat-rotwein","8":"first","9":"outofstock","10":"taxable","11":"shipping-taxable","12":"purchasable","13":"product-type-simple"},"acf":[],"_links":{"self":[{"href":"https:\/\/weinhundert.com\/da\/wp-json\/wp\/v2\/product\/11849","targetHints":{"allow":["GET"]}}],"collection":[{"href":"https:\/\/weinhundert.com\/da\/wp-json\/wp\/v2\/product"}],"about":[{"href":"https:\/\/weinhundert.com\/da\/wp-json\/wp\/v2\/types\/product"}],"replies":[{"embeddable":true,"href":"https:\/\/weinhundert.com\/da\/wp-json\/wp\/v2\/comments?post=11849"}],"wp:featuredmedia":[{"embeddable":true,"href":"https:\/\/weinhundert.com\/da\/wp-json\/wp\/v2\/media\/12047"}],"wp:attachment":[{"href":"https:\/\/weinhundert.com\/da\/wp-json\/wp\/v2\/media?parent=11849"}],"wp:term":[{"taxonomy":"product_brand","embeddable":true,"href":"https:\/\/weinhundert.com\/da\/wp-json\/wp\/v2\/product_brand?post=11849"},{"taxonomy":"product_cat","embeddable":true,"href":"https:\/\/weinhundert.com\/da\/wp-json\/wp\/v2\/product_cat?post=11849"},{"taxonomy":"product_tag","embeddable":true,"href":"https:\/\/weinhundert.com\/da\/wp-json\/wp\/v2\/product_tag?post=11849"}],"curies":[{"name":"wp","href":"https:\/\/api.w.org\/{rel}","templated":true}]}}