{"id":11858,"date":"2026-03-31T21:42:39","date_gmt":"2026-03-31T19:42:39","guid":{"rendered":"https:\/\/weinhundert.com\/produkt\/torres-esmeralda-2016-075-l\/"},"modified":"2026-04-02T13:27:18","modified_gmt":"2026-04-02T11:27:18","slug":"torres-esmeralda-2016-075-l","status":"publish","type":"product","link":"https:\/\/weinhundert.com\/da\/produkt\/torres-esmeralda-2016-075-l\/","title":{"rendered":"Torres Esmeralda  2016 0,75 l"},"content":{"rendered":"<p>Dieser katalanische Wei\u00dfwein vom renommierten Weingut Torres bringt dir eine fruchtig-florale Explosion ins Glas. Die Mischung aus Muscat d&#8217;Alexandrie und Gew\u00fcrztraminer schafft eine wunderbar aromatische Komposition mit feinen Noten von Pfirsich, Litschi und wilden Bl\u00fcten. Bei knapp 11 Prozent Alkohol bleibt der Wein erfrischend leicht, perfekt um einfach so zu genie\u00dfen oder zum Aperitif. Probier ihn zu w\u00fcrzigen Asiagerichten, leichten Fischgerichten oder exotischen Fr\u00fcchten \u2013 da zeigt er seine volle Pers\u00f6nlichkeit.<\/p>\n","protected":false},"excerpt":{"rendered":"<p>Aromatischer Katalonier mit Muscat und Gew\u00fcrztraminer \u2013 fruchtig, floral und herrlich erfrischend.<\/p>\n","protected":false},"featured_media":12057,"comment_status":"open","ping_status":"closed","template":"","meta":{"_acf_changed":false,"_et_pb_use_builder":"","_et_pb_old_content":"","_et_gb_content_width":"","inline_featured_image":false,"_price":"6.29","_stock":"-1","_tribe_ticket_header":"","_tribe_default_ticket_provider":"","_tribe_ticket_capacity":"","_ticket_start_date":"","_ticket_end_date":"","_tribe_ticket_show_description":"","_tribe_ticket_show_not_going":false,"_tribe_ticket_use_global_stock":"","_tribe_ticket_global_stock_level":"","_global_stock_mode":"","_global_stock_cap":"","_tribe_rsvp_for_event":"","_tribe_ticket_going_count":"","_tribe_ticket_not_going_count":"","_tribe_tickets_list":"[]","_tribe_ticket_has_attendee_info_fields":false,"_tec_slr_enabled":"","_tec_slr_layout":""},"product_brand":[],"product_cat":[123],"product_tag":[],"class_list":{"0":"post-11858","1":"product","2":"type-product","3":"status-publish","4":"has-post-thumbnail","6":"product_cat-weisswein","8":"first","9":"outofstock","10":"taxable","11":"shipping-taxable","12":"purchasable","13":"product-type-simple"},"acf":[],"_links":{"self":[{"href":"https:\/\/weinhundert.com\/da\/wp-json\/wp\/v2\/product\/11858","targetHints":{"allow":["GET"]}}],"collection":[{"href":"https:\/\/weinhundert.com\/da\/wp-json\/wp\/v2\/product"}],"about":[{"href":"https:\/\/weinhundert.com\/da\/wp-json\/wp\/v2\/types\/product"}],"replies":[{"embeddable":true,"href":"https:\/\/weinhundert.com\/da\/wp-json\/wp\/v2\/comments?post=11858"}],"wp:featuredmedia":[{"embeddable":true,"href":"https:\/\/weinhundert.com\/da\/wp-json\/wp\/v2\/media\/12057"}],"wp:attachment":[{"href":"https:\/\/weinhundert.com\/da\/wp-json\/wp\/v2\/media?parent=11858"}],"wp:term":[{"taxonomy":"product_brand","embeddable":true,"href":"https:\/\/weinhundert.com\/da\/wp-json\/wp\/v2\/product_brand?post=11858"},{"taxonomy":"product_cat","embeddable":true,"href":"https:\/\/weinhundert.com\/da\/wp-json\/wp\/v2\/product_cat?post=11858"},{"taxonomy":"product_tag","embeddable":true,"href":"https:\/\/weinhundert.com\/da\/wp-json\/wp\/v2\/product_tag?post=11858"}],"curies":[{"name":"wp","href":"https:\/\/api.w.org\/{rel}","templated":true}]}}