{"id":11862,"date":"2026-03-31T21:42:58","date_gmt":"2026-03-31T19:42:58","guid":{"rendered":"https:\/\/weinhundert.com\/produkt\/bersano-cremosina-2012-075-l\/"},"modified":"2026-04-02T13:27:25","modified_gmt":"2026-04-02T11:27:25","slug":"bersano-cremosina-2012-075-l","status":"publish","type":"product","link":"https:\/\/weinhundert.com\/da\/produkt\/bersano-cremosina-2012-075-l\/","title":{"rendered":"Bersano Cremosina 2012 0,75 l"},"content":{"rendered":"<p>Dieser Barbera aus dem Piemont zeigt dir, warum diese Rebsorte zu Unrecht oft untersch\u00e4tzt wird. Mit seinem dunklen Kirschrot und den w\u00fcrzigen Noten hat er echte Pers\u00f6nlichkeit \u2013 fruchtig, lebendig und dabei nicht zu schwer. Das Weingut Bersano wei\u00df, wie man aus dieser Traube das beste herausholt, und dieser 2012er ist ein prima Beweis daf\u00fcr. Probier ihn zu kr\u00e4ftiger Pasta mit Tomaten-Fleisch-Sauce oder zu Roastbeef \u2013 da zeigt er sein volles Potenzial.<\/p>\n","protected":false},"excerpt":{"rendered":"<p>W\u00fcrzig-fruchtiger Barbera aus dem Piemont mit echtem Charakter und Trinkvergn\u00fcgen. Ein Wein ohne Schnickschnack.<\/p>\n","protected":false},"featured_media":12062,"comment_status":"open","ping_status":"closed","template":"","meta":{"_acf_changed":false,"_et_pb_use_builder":"","_et_pb_old_content":"","_et_gb_content_width":"","inline_featured_image":false,"_price":"13.99","_stock":"2","_tribe_ticket_header":"","_tribe_default_ticket_provider":"","_tribe_ticket_capacity":"","_ticket_start_date":"","_ticket_end_date":"","_tribe_ticket_show_description":"","_tribe_ticket_show_not_going":false,"_tribe_ticket_use_global_stock":"","_tribe_ticket_global_stock_level":"","_global_stock_mode":"","_global_stock_cap":"","_tribe_rsvp_for_event":"","_tribe_ticket_going_count":"","_tribe_ticket_not_going_count":"","_tribe_tickets_list":"[]","_tribe_ticket_has_attendee_info_fields":false,"_tec_slr_enabled":"","_tec_slr_layout":""},"product_brand":[],"product_cat":[124],"product_tag":[],"class_list":{"0":"post-11862","1":"product","2":"type-product","3":"status-publish","4":"has-post-thumbnail","6":"product_cat-rotwein","8":"first","9":"instock","10":"taxable","11":"shipping-taxable","12":"purchasable","13":"product-type-simple"},"acf":[],"_links":{"self":[{"href":"https:\/\/weinhundert.com\/da\/wp-json\/wp\/v2\/product\/11862","targetHints":{"allow":["GET"]}}],"collection":[{"href":"https:\/\/weinhundert.com\/da\/wp-json\/wp\/v2\/product"}],"about":[{"href":"https:\/\/weinhundert.com\/da\/wp-json\/wp\/v2\/types\/product"}],"replies":[{"embeddable":true,"href":"https:\/\/weinhundert.com\/da\/wp-json\/wp\/v2\/comments?post=11862"}],"wp:featuredmedia":[{"embeddable":true,"href":"https:\/\/weinhundert.com\/da\/wp-json\/wp\/v2\/media\/12062"}],"wp:attachment":[{"href":"https:\/\/weinhundert.com\/da\/wp-json\/wp\/v2\/media?parent=11862"}],"wp:term":[{"taxonomy":"product_brand","embeddable":true,"href":"https:\/\/weinhundert.com\/da\/wp-json\/wp\/v2\/product_brand?post=11862"},{"taxonomy":"product_cat","embeddable":true,"href":"https:\/\/weinhundert.com\/da\/wp-json\/wp\/v2\/product_cat?post=11862"},{"taxonomy":"product_tag","embeddable":true,"href":"https:\/\/weinhundert.com\/da\/wp-json\/wp\/v2\/product_tag?post=11862"}],"curies":[{"name":"wp","href":"https:\/\/api.w.org\/{rel}","templated":true}]}}