{"id":11867,"date":"2026-03-31T21:43:12","date_gmt":"2026-03-31T19:43:12","guid":{"rendered":"https:\/\/weinhundert.com\/produkt\/bersano-generala-nizza-riserva-2014-075-l\/"},"modified":"2026-04-02T13:27:30","modified_gmt":"2026-04-02T11:27:30","slug":"bersano-generala-nizza-riserva-2014-075-l","status":"publish","type":"product","link":"https:\/\/weinhundert.com\/da\/produkt\/bersano-generala-nizza-riserva-2014-075-l\/","title":{"rendered":"Bersano Generala Nizza Riserva 2014 0,75 l"},"content":{"rendered":"<p>Dieser Barbera aus Nizza zeigt dir, was in der Rebsorte wirklich steckt \u2013 intensiv, kraftvoll und mit echtem Charakter. Der 2014er Jahrgang hat sich wunderbar entwickelt und pr\u00e4sentiert sich mit dunklen Beerenfr\u00fcchten, einer angenehmen S\u00e4ure und feinen Tanninen, die dem Wein Struktur geben ohne zu dominieren. Das ist kein gez\u00e4hmter Wein, sondern einer mit Pers\u00f6nlichkeit, der sich perfekt zu Grilladen, geschmortem Fleisch oder auch kr\u00e4ftigen Nudelgerichten entwickelt.<\/p>\n","protected":false},"excerpt":{"rendered":"<p>Kraftvoller Barbera aus dem Piemont mit reifer Frucht und echtem Charakter. Perfekt zu Grilladen und Schmorgerichten.<\/p>\n","protected":false},"featured_media":12066,"comment_status":"open","ping_status":"closed","template":"","meta":{"_acf_changed":false,"_et_pb_use_builder":"","_et_pb_old_content":"","_et_gb_content_width":"","inline_featured_image":false,"_price":"27.90","_stock":"12","_tribe_ticket_header":"","_tribe_default_ticket_provider":"","_tribe_ticket_capacity":"","_ticket_start_date":"","_ticket_end_date":"","_tribe_ticket_show_description":"","_tribe_ticket_show_not_going":false,"_tribe_ticket_use_global_stock":"","_tribe_ticket_global_stock_level":"","_global_stock_mode":"","_global_stock_cap":"","_tribe_rsvp_for_event":"","_tribe_ticket_going_count":"","_tribe_ticket_not_going_count":"","_tribe_tickets_list":"[]","_tribe_ticket_has_attendee_info_fields":false,"_tec_slr_enabled":"","_tec_slr_layout":""},"product_brand":[],"product_cat":[124],"product_tag":[],"class_list":{"0":"post-11867","1":"product","2":"type-product","3":"status-publish","4":"has-post-thumbnail","6":"product_cat-rotwein","8":"first","9":"instock","10":"taxable","11":"shipping-taxable","12":"purchasable","13":"product-type-simple"},"acf":[],"_links":{"self":[{"href":"https:\/\/weinhundert.com\/da\/wp-json\/wp\/v2\/product\/11867","targetHints":{"allow":["GET"]}}],"collection":[{"href":"https:\/\/weinhundert.com\/da\/wp-json\/wp\/v2\/product"}],"about":[{"href":"https:\/\/weinhundert.com\/da\/wp-json\/wp\/v2\/types\/product"}],"replies":[{"embeddable":true,"href":"https:\/\/weinhundert.com\/da\/wp-json\/wp\/v2\/comments?post=11867"}],"wp:featuredmedia":[{"embeddable":true,"href":"https:\/\/weinhundert.com\/da\/wp-json\/wp\/v2\/media\/12066"}],"wp:attachment":[{"href":"https:\/\/weinhundert.com\/da\/wp-json\/wp\/v2\/media?parent=11867"}],"wp:term":[{"taxonomy":"product_brand","embeddable":true,"href":"https:\/\/weinhundert.com\/da\/wp-json\/wp\/v2\/product_brand?post=11867"},{"taxonomy":"product_cat","embeddable":true,"href":"https:\/\/weinhundert.com\/da\/wp-json\/wp\/v2\/product_cat?post=11867"},{"taxonomy":"product_tag","embeddable":true,"href":"https:\/\/weinhundert.com\/da\/wp-json\/wp\/v2\/product_tag?post=11867"}],"curies":[{"name":"wp","href":"https:\/\/api.w.org\/{rel}","templated":true}]}}