{"id":11874,"date":"2026-03-31T21:43:42","date_gmt":"2026-03-31T19:43:42","guid":{"rendered":"https:\/\/weinhundert.com\/produkt\/tenute-lunelli-aliotto-toscana-2015-075-l\/"},"modified":"2026-04-02T13:27:40","modified_gmt":"2026-04-02T11:27:40","slug":"tenute-lunelli-aliotto-toscana-2015-075-l","status":"publish","type":"product","link":"https:\/\/weinhundert.com\/da\/produkt\/tenute-lunelli-aliotto-toscana-2015-075-l\/","title":{"rendered":"Tenute Lunelli Aliotto Toscana 2015 0,75 l"},"content":{"rendered":"<p>Dieser toskanische Rotwein aus dem Hause Lunelli vereint das Beste aus drei edlen Rebsorten: Die Sangiovese bringt ihre charakteristische W\u00fcrze mit, w\u00e4hrend Merlot und Cabernet Sauvignon f\u00fcr Tiefe und Struktur sorgen. Das Ergebnis ist ein kraftvoller, ausdrucksstarker Wein mit dunklen Fruchtaromen und einer angenehmen W\u00e4rmigkeit. Der 2015er hat wunderbar gereift und besticht durch seine Balance zwischen Frucht und subtilen Tanninen. Perfekt zu kr\u00e4ftigen Pasta-Gerichten, gegrilltem Fleisch oder w\u00fcrzigen K\u00e4sesorten.<\/p>\n","protected":false},"excerpt":{"rendered":"<p>Toskanischer Kraftprotz aus drei Rebsorten: w\u00fcrzig, reif und vollmundig. Ein Allrounder zu gutem Essen.<\/p>\n","protected":false},"featured_media":12076,"comment_status":"open","ping_status":"closed","template":"","meta":{"_acf_changed":false,"_et_pb_use_builder":"","_et_pb_old_content":"","_et_gb_content_width":"","inline_featured_image":false,"_price":"6.49","_stock":"-1","_tribe_ticket_header":"","_tribe_default_ticket_provider":"","_tribe_ticket_capacity":"","_ticket_start_date":"","_ticket_end_date":"","_tribe_ticket_show_description":"","_tribe_ticket_show_not_going":false,"_tribe_ticket_use_global_stock":"","_tribe_ticket_global_stock_level":"","_global_stock_mode":"","_global_stock_cap":"","_tribe_rsvp_for_event":"","_tribe_ticket_going_count":"","_tribe_ticket_not_going_count":"","_tribe_tickets_list":"[]","_tribe_ticket_has_attendee_info_fields":false,"_tec_slr_enabled":"","_tec_slr_layout":""},"product_brand":[],"product_cat":[124],"product_tag":[],"class_list":{"0":"post-11874","1":"product","2":"type-product","3":"status-publish","4":"has-post-thumbnail","6":"product_cat-rotwein","8":"first","9":"outofstock","10":"taxable","11":"shipping-taxable","12":"purchasable","13":"product-type-simple"},"acf":[],"_links":{"self":[{"href":"https:\/\/weinhundert.com\/da\/wp-json\/wp\/v2\/product\/11874","targetHints":{"allow":["GET"]}}],"collection":[{"href":"https:\/\/weinhundert.com\/da\/wp-json\/wp\/v2\/product"}],"about":[{"href":"https:\/\/weinhundert.com\/da\/wp-json\/wp\/v2\/types\/product"}],"replies":[{"embeddable":true,"href":"https:\/\/weinhundert.com\/da\/wp-json\/wp\/v2\/comments?post=11874"}],"wp:featuredmedia":[{"embeddable":true,"href":"https:\/\/weinhundert.com\/da\/wp-json\/wp\/v2\/media\/12076"}],"wp:attachment":[{"href":"https:\/\/weinhundert.com\/da\/wp-json\/wp\/v2\/media?parent=11874"}],"wp:term":[{"taxonomy":"product_brand","embeddable":true,"href":"https:\/\/weinhundert.com\/da\/wp-json\/wp\/v2\/product_brand?post=11874"},{"taxonomy":"product_cat","embeddable":true,"href":"https:\/\/weinhundert.com\/da\/wp-json\/wp\/v2\/product_cat?post=11874"},{"taxonomy":"product_tag","embeddable":true,"href":"https:\/\/weinhundert.com\/da\/wp-json\/wp\/v2\/product_tag?post=11874"}],"curies":[{"name":"wp","href":"https:\/\/api.w.org\/{rel}","templated":true}]}}