{"id":11899,"date":"2026-03-31T21:45:23","date_gmt":"2026-03-31T19:45:23","guid":{"rendered":"https:\/\/weinhundert.com\/produkt\/macia-batle-blanc-de-blancs-2014-075-l\/"},"modified":"2026-04-02T13:28:08","modified_gmt":"2026-04-02T11:28:08","slug":"macia-batle-blanc-de-blancs-2014-075-l","status":"publish","type":"product","link":"https:\/\/weinhundert.com\/da\/produkt\/macia-batle-blanc-de-blancs-2014-075-l\/","title":{"rendered":"Macia Batle Blanc de Blancs 2014 0,75 l"},"content":{"rendered":"<p>Der Macia Batle Blanc de Blancs aus dem Jahr 2014 ist ein wahrer Genuss, der dir die sonnigen Tage Mallorcas ins Glas zaubert. Mit seiner frischen, lebendigen Art und den feinen Aromen von Zitrusfr\u00fcchten und wei\u00dfen Bl\u00fcten bringt dieser Wei\u00dfwein eine fr\u00f6hliche Leichtigkeit mit sich, die einfach ansteckend ist. Die Kombination aus Prensal Blanc und Chardonnay sorgt f\u00fcr einen fruchtigen Charakter, der wunderbar ausbalanciert ist und sich hervorragend zu leichten Gerichten eignet. Probiere ihn zu gegrilltem Fisch oder einem knackigen Salat \u2013 so holst du dir den Mittelmeerurlaub direkt nach Hause. Lass dich von diesem mallorquinischen Zauber verzaubern!<\/p>\n","protected":false},"excerpt":{"rendered":"<p>Frische Zitrusaromen und mediterrane Eleganz: Mallorcas Sonnenschein im Glas mit Prensal Blanc und Chardonnay.<\/p>\n","protected":false},"featured_media":12101,"comment_status":"open","ping_status":"closed","template":"","meta":{"_acf_changed":false,"_et_pb_use_builder":"","_et_pb_old_content":"","_et_gb_content_width":"","inline_featured_image":false,"_price":"8.99","_stock":"1","_tribe_ticket_header":"","_tribe_default_ticket_provider":"","_tribe_ticket_capacity":"","_ticket_start_date":"","_ticket_end_date":"","_tribe_ticket_show_description":"","_tribe_ticket_show_not_going":false,"_tribe_ticket_use_global_stock":"","_tribe_ticket_global_stock_level":"","_global_stock_mode":"","_global_stock_cap":"","_tribe_rsvp_for_event":"","_tribe_ticket_going_count":"","_tribe_ticket_not_going_count":"","_tribe_tickets_list":"[]","_tribe_ticket_has_attendee_info_fields":false,"_tec_slr_enabled":"","_tec_slr_layout":""},"product_brand":[],"product_cat":[123],"product_tag":[],"class_list":{"0":"post-11899","1":"product","2":"type-product","3":"status-publish","4":"has-post-thumbnail","6":"product_cat-weisswein","8":"first","9":"instock","10":"taxable","11":"shipping-taxable","12":"purchasable","13":"product-type-simple"},"acf":[],"_links":{"self":[{"href":"https:\/\/weinhundert.com\/da\/wp-json\/wp\/v2\/product\/11899","targetHints":{"allow":["GET"]}}],"collection":[{"href":"https:\/\/weinhundert.com\/da\/wp-json\/wp\/v2\/product"}],"about":[{"href":"https:\/\/weinhundert.com\/da\/wp-json\/wp\/v2\/types\/product"}],"replies":[{"embeddable":true,"href":"https:\/\/weinhundert.com\/da\/wp-json\/wp\/v2\/comments?post=11899"}],"wp:featuredmedia":[{"embeddable":true,"href":"https:\/\/weinhundert.com\/da\/wp-json\/wp\/v2\/media\/12101"}],"wp:attachment":[{"href":"https:\/\/weinhundert.com\/da\/wp-json\/wp\/v2\/media?parent=11899"}],"wp:term":[{"taxonomy":"product_brand","embeddable":true,"href":"https:\/\/weinhundert.com\/da\/wp-json\/wp\/v2\/product_brand?post=11899"},{"taxonomy":"product_cat","embeddable":true,"href":"https:\/\/weinhundert.com\/da\/wp-json\/wp\/v2\/product_cat?post=11899"},{"taxonomy":"product_tag","embeddable":true,"href":"https:\/\/weinhundert.com\/da\/wp-json\/wp\/v2\/product_tag?post=11899"}],"curies":[{"name":"wp","href":"https:\/\/api.w.org\/{rel}","templated":true}]}}