{"id":11989,"date":"2026-03-31T21:51:02","date_gmt":"2026-03-31T19:51:02","guid":{"rendered":"https:\/\/weinhundert.com\/produkt\/los-vascos-carmenere-grande-reserve-2012-075-l\/"},"modified":"2026-04-02T13:29:48","modified_gmt":"2026-04-02T11:29:48","slug":"los-vascos-carmenere-grande-reserve-2012-075-l","status":"publish","type":"product","link":"https:\/\/weinhundert.com\/da\/produkt\/los-vascos-carmenere-grande-reserve-2012-075-l\/","title":{"rendered":"Los Vascos Carm\u00e9n\u00e8re Grande Reserve 2012 0,75 l"},"content":{"rendered":"<p>Dieser Chile-Klassiker aus dem Colchagua Valley zeigt dir, warum die Carm\u00e9n\u00e8re so verdammt geil ist: Saftiger schwarzer Pflaume, w\u00fcrziger Pfeffer und ein Hauch Schokolade treffen auf Cabernet, Syrah und Malbec, die dem Ganzen Struktur und Tiefe geben. Der 2012er-Jahrgang hat jetzt die perfekte Reife erreicht und offenbart eine beeindruckende Balance zwischen kraftvoll und zug\u00e4nglich. Mit 13,5% Alkohol sitzt er angenehm im K\u00f6rper und macht sich hervorragend zu gegrilltem Fleisch, dunklem Gefl\u00fcgel oder w\u00fcrzigen Eint\u00f6pfen.<\/p>\n","protected":false},"excerpt":{"rendered":"<p>Reifer Chile-Klassiker mit w\u00fcrziger Carm\u00e9n\u00e8re, Pflaume und Schoko. Perfekt zu Grill und Braten.<\/p>\n","protected":false},"featured_media":12203,"comment_status":"open","ping_status":"closed","template":"","meta":{"_acf_changed":false,"_et_pb_use_builder":"","_et_pb_old_content":"","_et_gb_content_width":"","inline_featured_image":false,"_price":"12.99","_stock":"1","_tribe_ticket_header":"","_tribe_default_ticket_provider":"","_tribe_ticket_capacity":"","_ticket_start_date":"","_ticket_end_date":"","_tribe_ticket_show_description":"","_tribe_ticket_show_not_going":false,"_tribe_ticket_use_global_stock":"","_tribe_ticket_global_stock_level":"","_global_stock_mode":"","_global_stock_cap":"","_tribe_rsvp_for_event":"","_tribe_ticket_going_count":"","_tribe_ticket_not_going_count":"","_tribe_tickets_list":"[]","_tribe_ticket_has_attendee_info_fields":false,"_tec_slr_enabled":"","_tec_slr_layout":""},"product_brand":[],"product_cat":[124],"product_tag":[],"class_list":{"0":"post-11989","1":"product","2":"type-product","3":"status-publish","4":"has-post-thumbnail","6":"product_cat-rotwein","8":"first","9":"instock","10":"taxable","11":"shipping-taxable","12":"purchasable","13":"product-type-simple"},"acf":[],"_links":{"self":[{"href":"https:\/\/weinhundert.com\/da\/wp-json\/wp\/v2\/product\/11989","targetHints":{"allow":["GET"]}}],"collection":[{"href":"https:\/\/weinhundert.com\/da\/wp-json\/wp\/v2\/product"}],"about":[{"href":"https:\/\/weinhundert.com\/da\/wp-json\/wp\/v2\/types\/product"}],"replies":[{"embeddable":true,"href":"https:\/\/weinhundert.com\/da\/wp-json\/wp\/v2\/comments?post=11989"}],"wp:featuredmedia":[{"embeddable":true,"href":"https:\/\/weinhundert.com\/da\/wp-json\/wp\/v2\/media\/12203"}],"wp:attachment":[{"href":"https:\/\/weinhundert.com\/da\/wp-json\/wp\/v2\/media?parent=11989"}],"wp:term":[{"taxonomy":"product_brand","embeddable":true,"href":"https:\/\/weinhundert.com\/da\/wp-json\/wp\/v2\/product_brand?post=11989"},{"taxonomy":"product_cat","embeddable":true,"href":"https:\/\/weinhundert.com\/da\/wp-json\/wp\/v2\/product_cat?post=11989"},{"taxonomy":"product_tag","embeddable":true,"href":"https:\/\/weinhundert.com\/da\/wp-json\/wp\/v2\/product_tag?post=11989"}],"curies":[{"name":"wp","href":"https:\/\/api.w.org\/{rel}","templated":true}]}}