{"id":12006,"date":"2026-03-31T21:52:04","date_gmt":"2026-03-31T19:52:04","guid":{"rendered":"https:\/\/weinhundert.com\/produkt\/moet-chandon-brut-075-l\/"},"modified":"2026-04-02T13:30:07","modified_gmt":"2026-04-02T11:30:07","slug":"moet-chandon-brut-075-l","status":"publish","type":"product","link":"https:\/\/weinhundert.com\/da\/produkt\/moet-chandon-brut-075-l\/","title":{"rendered":"Moet  Chandon Brut 0,75 l"},"content":{"rendered":"<p>Der Mo\u00ebt &amp; Chandon Brut ist ein Klassiker, auf den du dich einfach verlassen kannst \u2013 frisch, spritzig und mit dieser feinen Perlage, die du auf der Zunge sp\u00fcrst. Die Mischung aus Chardonnay, Pinot Noir und Pinot Meunier bringt eine sch\u00f6ne Balance zwischen fruchtiger Leichtigkeit und dezenter F\u00fclle mit sich. Perfekt f\u00fcr jeden Anlass, ob Celebration oder gem\u00fctlicher Feierabend mit Freunden. Serviere ihn zu Austern, feinem K\u00e4se oder einfach so \u2013 dieser Champagner ist unkompliziert und macht immer eine gute Figur.<\/p>\n","protected":false},"excerpt":{"rendered":"<p>Champagner-Klassiker mit Charakter: Frisch, spritzig und absolut zuverl\u00e4ssig f\u00fcr jeden Anlass.<\/p>\n","protected":false},"featured_media":12221,"comment_status":"open","ping_status":"closed","template":"","meta":{"_acf_changed":false,"_et_pb_use_builder":"","_et_pb_old_content":"","_et_gb_content_width":"","inline_featured_image":false,"_price":"43.90","_stock":"-1","_tribe_ticket_header":"","_tribe_default_ticket_provider":"","_tribe_ticket_capacity":"","_ticket_start_date":"","_ticket_end_date":"","_tribe_ticket_show_description":"","_tribe_ticket_show_not_going":false,"_tribe_ticket_use_global_stock":"","_tribe_ticket_global_stock_level":"","_global_stock_mode":"","_global_stock_cap":"","_tribe_rsvp_for_event":"","_tribe_ticket_going_count":"","_tribe_ticket_not_going_count":"","_tribe_tickets_list":"[]","_tribe_ticket_has_attendee_info_fields":false,"_tec_slr_enabled":"","_tec_slr_layout":""},"product_brand":[],"product_cat":[126],"product_tag":[],"class_list":{"0":"post-12006","1":"product","2":"type-product","3":"status-publish","4":"has-post-thumbnail","6":"product_cat-schaumwein","8":"first","9":"outofstock","10":"taxable","11":"shipping-taxable","12":"purchasable","13":"product-type-simple"},"acf":[],"_links":{"self":[{"href":"https:\/\/weinhundert.com\/da\/wp-json\/wp\/v2\/product\/12006","targetHints":{"allow":["GET"]}}],"collection":[{"href":"https:\/\/weinhundert.com\/da\/wp-json\/wp\/v2\/product"}],"about":[{"href":"https:\/\/weinhundert.com\/da\/wp-json\/wp\/v2\/types\/product"}],"replies":[{"embeddable":true,"href":"https:\/\/weinhundert.com\/da\/wp-json\/wp\/v2\/comments?post=12006"}],"wp:featuredmedia":[{"embeddable":true,"href":"https:\/\/weinhundert.com\/da\/wp-json\/wp\/v2\/media\/12221"}],"wp:attachment":[{"href":"https:\/\/weinhundert.com\/da\/wp-json\/wp\/v2\/media?parent=12006"}],"wp:term":[{"taxonomy":"product_brand","embeddable":true,"href":"https:\/\/weinhundert.com\/da\/wp-json\/wp\/v2\/product_brand?post=12006"},{"taxonomy":"product_cat","embeddable":true,"href":"https:\/\/weinhundert.com\/da\/wp-json\/wp\/v2\/product_cat?post=12006"},{"taxonomy":"product_tag","embeddable":true,"href":"https:\/\/weinhundert.com\/da\/wp-json\/wp\/v2\/product_tag?post=12006"}],"curies":[{"name":"wp","href":"https:\/\/api.w.org\/{rel}","templated":true}]}}