{"id":12011,"date":"2026-03-31T21:52:19","date_gmt":"2026-03-31T19:52:19","guid":{"rendered":"https:\/\/weinhundert.com\/produkt\/buitenvervachting-christine-2011-075-l\/"},"modified":"2026-04-02T13:30:11","modified_gmt":"2026-04-02T11:30:11","slug":"buitenvervachting-christine-2011-075-l","status":"publish","type":"product","link":"https:\/\/weinhundert.com\/da\/produkt\/buitenvervachting-christine-2011-075-l\/","title":{"rendered":"Buitenvervachting Christine 2011 0,75 l"},"content":{"rendered":"<p>Entdecke mit dem Buitenvervachting Christine 2011 einen echten Schatz aus S\u00fcdafrika! Dieser Rotwein vereint die besten Trauben der Region Constantia und begeistert mit seinem fruchtigen Ausdruck und einer wunderbaren Tiefe. Die Kombination aus Cabernet Sauvignon, Cabernet Franc, Merlot, Malbec und Petit Verdot sorgt f\u00fcr ein spannendes Geschmackserlebnis, das die Sinne verf\u00fchrt. Lass dich von den reifen Beeren und einer feinen W\u00fcrze mitrei\u00dfen, w\u00e4hrend du den Wein mit einem saftigen Rindersteak oder einem herzhaften Wildgericht genie\u00dft. G\u00f6nn dir diesen besonderen Tropfen und bring ein St\u00fcck S\u00fcdafrikas auf deinen Tisch!<\/p>\n","protected":false},"excerpt":{"rendered":"<p>S\u00fcdafrika pur: Kraftvoller Bordeaux-Blend mit reifen Beeren, feiner W\u00fcrze und gro\u00dfartiger Tiefe.<\/p>\n","protected":false},"featured_media":12226,"comment_status":"open","ping_status":"closed","template":"","meta":{"_acf_changed":false,"_et_pb_use_builder":"","_et_pb_old_content":"","_et_gb_content_width":"","inline_featured_image":false,"_price":"18.99","_stock":"-1","_tribe_ticket_header":"","_tribe_default_ticket_provider":"","_tribe_ticket_capacity":"","_ticket_start_date":"","_ticket_end_date":"","_tribe_ticket_show_description":"","_tribe_ticket_show_not_going":false,"_tribe_ticket_use_global_stock":"","_tribe_ticket_global_stock_level":"","_global_stock_mode":"","_global_stock_cap":"","_tribe_rsvp_for_event":"","_tribe_ticket_going_count":"","_tribe_ticket_not_going_count":"","_tribe_tickets_list":"[]","_tribe_ticket_has_attendee_info_fields":false,"_tec_slr_enabled":"","_tec_slr_layout":""},"product_brand":[],"product_cat":[124],"product_tag":[],"class_list":{"0":"post-12011","1":"product","2":"type-product","3":"status-publish","4":"has-post-thumbnail","6":"product_cat-rotwein","8":"first","9":"outofstock","10":"taxable","11":"shipping-taxable","12":"purchasable","13":"product-type-simple"},"acf":[],"_links":{"self":[{"href":"https:\/\/weinhundert.com\/da\/wp-json\/wp\/v2\/product\/12011","targetHints":{"allow":["GET"]}}],"collection":[{"href":"https:\/\/weinhundert.com\/da\/wp-json\/wp\/v2\/product"}],"about":[{"href":"https:\/\/weinhundert.com\/da\/wp-json\/wp\/v2\/types\/product"}],"replies":[{"embeddable":true,"href":"https:\/\/weinhundert.com\/da\/wp-json\/wp\/v2\/comments?post=12011"}],"wp:featuredmedia":[{"embeddable":true,"href":"https:\/\/weinhundert.com\/da\/wp-json\/wp\/v2\/media\/12226"}],"wp:attachment":[{"href":"https:\/\/weinhundert.com\/da\/wp-json\/wp\/v2\/media?parent=12011"}],"wp:term":[{"taxonomy":"product_brand","embeddable":true,"href":"https:\/\/weinhundert.com\/da\/wp-json\/wp\/v2\/product_brand?post=12011"},{"taxonomy":"product_cat","embeddable":true,"href":"https:\/\/weinhundert.com\/da\/wp-json\/wp\/v2\/product_cat?post=12011"},{"taxonomy":"product_tag","embeddable":true,"href":"https:\/\/weinhundert.com\/da\/wp-json\/wp\/v2\/product_tag?post=12011"}],"curies":[{"name":"wp","href":"https:\/\/api.w.org\/{rel}","templated":true}]}}