{"id":12129,"date":"2026-03-31T21:58:16","date_gmt":"2026-03-31T19:58:16","guid":{"rendered":"https:\/\/weinhundert.com\/produkt\/scheibel-sanddorn-070-l\/"},"modified":"2026-04-02T13:31:56","modified_gmt":"2026-04-02T11:31:56","slug":"scheibel-sanddorn-070-l","status":"publish","type":"product","link":"https:\/\/weinhundert.com\/da\/produkt\/scheibel-sanddorn-070-l\/","title":{"rendered":"Scheibel Sanddorn 0,70 l"},"content":{"rendered":"<p>Dieser Sanddorn-Brand aus dem Schwarzwald ist pure Fruchtintensit\u00e4t in der Flasche \u2013 leuchtend orange, voller Life und mit einer S\u00e4ure, die richtig Energie mitbringt. Die E. Scheibel Brennerei hat hier die wilden Sanddornbeeren eingefangen und in einen Geist verwandelt, der dich mit seinem frischen, leicht herben Charakter \u00fcberrascht. Perfekt pur als Shot, aber auch klasse in Cocktails oder mit etwas Soda, um die Frucht richtig zu genie\u00dfen. Dazu passen s\u00fc\u00dfliche Geb\u00e4cke oder Desserts mit Citrus wunderbar.<\/p>\n","protected":false},"excerpt":{"rendered":"<p>Sanddorn-Brand aus dem Schwarzwald: fruchtiger, s\u00e4urebetont und voller nordischer Waldcharakter.<\/p>\n","protected":false},"featured_media":12341,"comment_status":"open","ping_status":"closed","template":"","meta":{"_acf_changed":false,"_et_pb_use_builder":"","_et_pb_old_content":"","_et_gb_content_width":"","inline_featured_image":false,"_price":"20.90","_stock":"-1","_tribe_ticket_header":"","_tribe_default_ticket_provider":"","_tribe_ticket_capacity":"","_ticket_start_date":"","_ticket_end_date":"","_tribe_ticket_show_description":"","_tribe_ticket_show_not_going":false,"_tribe_ticket_use_global_stock":"","_tribe_ticket_global_stock_level":"","_global_stock_mode":"","_global_stock_cap":"","_tribe_rsvp_for_event":"","_tribe_ticket_going_count":"","_tribe_ticket_not_going_count":"","_tribe_tickets_list":"[]","_tribe_ticket_has_attendee_info_fields":false,"_tec_slr_enabled":"","_tec_slr_layout":""},"product_brand":[],"product_cat":[127],"product_tag":[],"class_list":{"0":"post-12129","1":"product","2":"type-product","3":"status-publish","4":"has-post-thumbnail","6":"product_cat-spirituosen","8":"first","9":"outofstock","10":"taxable","11":"shipping-taxable","12":"purchasable","13":"product-type-simple"},"acf":[],"_links":{"self":[{"href":"https:\/\/weinhundert.com\/da\/wp-json\/wp\/v2\/product\/12129","targetHints":{"allow":["GET"]}}],"collection":[{"href":"https:\/\/weinhundert.com\/da\/wp-json\/wp\/v2\/product"}],"about":[{"href":"https:\/\/weinhundert.com\/da\/wp-json\/wp\/v2\/types\/product"}],"replies":[{"embeddable":true,"href":"https:\/\/weinhundert.com\/da\/wp-json\/wp\/v2\/comments?post=12129"}],"wp:featuredmedia":[{"embeddable":true,"href":"https:\/\/weinhundert.com\/da\/wp-json\/wp\/v2\/media\/12341"}],"wp:attachment":[{"href":"https:\/\/weinhundert.com\/da\/wp-json\/wp\/v2\/media?parent=12129"}],"wp:term":[{"taxonomy":"product_brand","embeddable":true,"href":"https:\/\/weinhundert.com\/da\/wp-json\/wp\/v2\/product_brand?post=12129"},{"taxonomy":"product_cat","embeddable":true,"href":"https:\/\/weinhundert.com\/da\/wp-json\/wp\/v2\/product_cat?post=12129"},{"taxonomy":"product_tag","embeddable":true,"href":"https:\/\/weinhundert.com\/da\/wp-json\/wp\/v2\/product_tag?post=12129"}],"curies":[{"name":"wp","href":"https:\/\/api.w.org\/{rel}","templated":true}]}}