{"id":12139,"date":"2026-03-31T21:58:46","date_gmt":"2026-03-31T19:58:46","guid":{"rendered":"https:\/\/weinhundert.com\/produkt\/jean-leon-la-scala-2003-075-l\/"},"modified":"2026-04-02T13:32:06","modified_gmt":"2026-04-02T11:32:06","slug":"jean-leon-la-scala-2003-075-l","status":"publish","type":"product","link":"https:\/\/weinhundert.com\/da\/produkt\/jean-leon-la-scala-2003-075-l\/","title":{"rendered":"Jean Leon La Scala  2003 0,75 l"},"content":{"rendered":"<p>Dieser spanische Cabernet Sauvignon aus dem Pened\u00e8s zeigt, was in dieser Region wirklich m\u00f6glich ist \u2013 Kraft gepaart mit feinen Nuancen. Der 2003er La Scala hat im Glas eine dunkelrote Farbe und besticht mit intensiven Aromen von dunklen Beeren, einem Hauch Kirsche und feinen R\u00f6staromen. Das Bukett ist w\u00fcrzig und reif, der Wein selbst pr\u00e4sent und ausdrucksstark im Mund. Nach \u00fcber 20 Jahren Reifung hat er genau jene Balance erreicht, wo Kraft und Finesse sich perfekt treffen \u2013 ein authentisches St\u00fcck katalanische Weintradition. Passt hervorragend zu gegrilltem Rind, kr\u00e4ftigen Fleischeint\u00f6pfen oder w\u00fcrzigen K\u00e4sesorten.<\/p>\n","protected":false},"excerpt":{"rendered":"<p>Reifer spanischer Cabernet Sauvignon mit Charakter \u2013 Kraft, W\u00fcrze und feines Reifepotenzial aus dem Pened\u00e8s.<\/p>\n","protected":false},"featured_media":12349,"comment_status":"open","ping_status":"closed","template":"","meta":{"_acf_changed":false,"_et_pb_use_builder":"","_et_pb_old_content":"","_et_gb_content_width":"","inline_featured_image":false,"_price":"29.90","_stock":"-1","_tribe_ticket_header":"","_tribe_default_ticket_provider":"","_tribe_ticket_capacity":"","_ticket_start_date":"","_ticket_end_date":"","_tribe_ticket_show_description":"","_tribe_ticket_show_not_going":false,"_tribe_ticket_use_global_stock":"","_tribe_ticket_global_stock_level":"","_global_stock_mode":"","_global_stock_cap":"","_tribe_rsvp_for_event":"","_tribe_ticket_going_count":"","_tribe_ticket_not_going_count":"","_tribe_tickets_list":"[]","_tribe_ticket_has_attendee_info_fields":false,"_tec_slr_enabled":"","_tec_slr_layout":""},"product_brand":[],"product_cat":[124],"product_tag":[],"class_list":{"0":"post-12139","1":"product","2":"type-product","3":"status-publish","4":"has-post-thumbnail","6":"product_cat-rotwein","8":"first","9":"outofstock","10":"taxable","11":"shipping-taxable","12":"purchasable","13":"product-type-simple"},"acf":[],"_links":{"self":[{"href":"https:\/\/weinhundert.com\/da\/wp-json\/wp\/v2\/product\/12139","targetHints":{"allow":["GET"]}}],"collection":[{"href":"https:\/\/weinhundert.com\/da\/wp-json\/wp\/v2\/product"}],"about":[{"href":"https:\/\/weinhundert.com\/da\/wp-json\/wp\/v2\/types\/product"}],"replies":[{"embeddable":true,"href":"https:\/\/weinhundert.com\/da\/wp-json\/wp\/v2\/comments?post=12139"}],"wp:featuredmedia":[{"embeddable":true,"href":"https:\/\/weinhundert.com\/da\/wp-json\/wp\/v2\/media\/12349"}],"wp:attachment":[{"href":"https:\/\/weinhundert.com\/da\/wp-json\/wp\/v2\/media?parent=12139"}],"wp:term":[{"taxonomy":"product_brand","embeddable":true,"href":"https:\/\/weinhundert.com\/da\/wp-json\/wp\/v2\/product_brand?post=12139"},{"taxonomy":"product_cat","embeddable":true,"href":"https:\/\/weinhundert.com\/da\/wp-json\/wp\/v2\/product_cat?post=12139"},{"taxonomy":"product_tag","embeddable":true,"href":"https:\/\/weinhundert.com\/da\/wp-json\/wp\/v2\/product_tag?post=12139"}],"curies":[{"name":"wp","href":"https:\/\/api.w.org\/{rel}","templated":true}]}}