{"id":12190,"date":"2026-03-31T22:01:19","date_gmt":"2026-03-31T20:01:19","guid":{"rendered":"https:\/\/weinhundert.com\/produkt\/terlaner-1-grande-cuvee-2012-150-l\/"},"modified":"2026-04-02T13:32:47","modified_gmt":"2026-04-02T11:32:47","slug":"terlaner-1-grande-cuvee-2012-150-l","status":"publish","type":"product","link":"https:\/\/weinhundert.com\/da\/produkt\/terlaner-1-grande-cuvee-2012-150-l\/","title":{"rendered":"Terlaner 1 Grande Cuvee  2012 1,50 l"},"content":{"rendered":"<p>Dieser Weissburgunder aus S\u00fcdtirol zeigt dir, warum die Region weltweit f\u00fcr ihre wei\u00dfen Cuv\u00e9es bekannt ist. Die 2012er Grande Cuvee von Terlan besticht durch ihre Frische und Mineralit\u00e4t \u2013 ein Wein, der nach Apfel, Zitrus und feinen Kr\u00e4uternoten riecht und am Gaumen richtig Saft hat. Mit 14,5% Alkohol sitzt er perfekt im Gleichgewicht, nicht schwer, aber mit genug Charakter. Das macht ihn zum idealen Begleiter zu Fisch, Meeresfr\u00fcchten oder auch zu leichten Pasta-Gerichten mit Gem\u00fcse.<\/p>\n","protected":false},"excerpt":{"rendered":"<p>Frische s\u00fcdtiroler Cuv\u00e9e mit Mineralit\u00e4t und Frucht. Perfekt zu Fisch und leichten Gerichten.<\/p>\n","protected":false},"featured_media":12390,"comment_status":"open","ping_status":"closed","template":"","meta":{"_acf_changed":false,"_et_pb_use_builder":"","_et_pb_old_content":"","_et_gb_content_width":"","inline_featured_image":false,"_price":"429.00","_stock":"9","_tribe_ticket_header":"","_tribe_default_ticket_provider":"","_tribe_ticket_capacity":"","_ticket_start_date":"","_ticket_end_date":"","_tribe_ticket_show_description":"","_tribe_ticket_show_not_going":false,"_tribe_ticket_use_global_stock":"","_tribe_ticket_global_stock_level":"","_global_stock_mode":"","_global_stock_cap":"","_tribe_rsvp_for_event":"","_tribe_ticket_going_count":"","_tribe_ticket_not_going_count":"","_tribe_tickets_list":"[]","_tribe_ticket_has_attendee_info_fields":false,"_tec_slr_enabled":"","_tec_slr_layout":""},"product_brand":[],"product_cat":[123],"product_tag":[],"class_list":{"0":"post-12190","1":"product","2":"type-product","3":"status-publish","4":"has-post-thumbnail","6":"product_cat-weisswein","8":"first","9":"instock","10":"taxable","11":"shipping-taxable","12":"purchasable","13":"product-type-simple"},"acf":[],"_links":{"self":[{"href":"https:\/\/weinhundert.com\/da\/wp-json\/wp\/v2\/product\/12190","targetHints":{"allow":["GET"]}}],"collection":[{"href":"https:\/\/weinhundert.com\/da\/wp-json\/wp\/v2\/product"}],"about":[{"href":"https:\/\/weinhundert.com\/da\/wp-json\/wp\/v2\/types\/product"}],"replies":[{"embeddable":true,"href":"https:\/\/weinhundert.com\/da\/wp-json\/wp\/v2\/comments?post=12190"}],"wp:featuredmedia":[{"embeddable":true,"href":"https:\/\/weinhundert.com\/da\/wp-json\/wp\/v2\/media\/12390"}],"wp:attachment":[{"href":"https:\/\/weinhundert.com\/da\/wp-json\/wp\/v2\/media?parent=12190"}],"wp:term":[{"taxonomy":"product_brand","embeddable":true,"href":"https:\/\/weinhundert.com\/da\/wp-json\/wp\/v2\/product_brand?post=12190"},{"taxonomy":"product_cat","embeddable":true,"href":"https:\/\/weinhundert.com\/da\/wp-json\/wp\/v2\/product_cat?post=12190"},{"taxonomy":"product_tag","embeddable":true,"href":"https:\/\/weinhundert.com\/da\/wp-json\/wp\/v2\/product_tag?post=12190"}],"curies":[{"name":"wp","href":"https:\/\/api.w.org\/{rel}","templated":true}]}}