{"id":12200,"date":"2026-03-31T22:01:52","date_gmt":"2026-03-31T20:01:52","guid":{"rendered":"https:\/\/weinhundert.com\/produkt\/chateau-pierrail-bordeaux-superieur-2010-075-l\/"},"modified":"2026-04-02T13:32:56","modified_gmt":"2026-04-02T11:32:56","slug":"chateau-pierrail-bordeaux-superieur-2010-075-l","status":"publish","type":"product","link":"https:\/\/weinhundert.com\/da\/produkt\/chateau-pierrail-bordeaux-superieur-2010-075-l\/","title":{"rendered":"Ch\u00e2teau Pierrail Bordeaux Superieur 2010 0,75 l"},"content":{"rendered":"<p>Dieser Bordeaux Sup\u00e9rieur von Ch\u00e2teau Pierrail zeigt dir, warum die Klassiker nicht aus der Mode kommen \u2013 kraftvoll und mit sch\u00f6nem Reifepotential. Die Mischung aus Cabernet Sauvignon und Merlot bringt dunkle Beerenfrucht mit feinen Gerbstoffnoten, die jetzt sch\u00f6n ins Glas kommen. Der 2010er-Jahrgang hat das Zeug, noch ein paar Jahre zu lagern, schmeckt aber auch jetzt schon absolut rund und angenehm. Perfekt zu Grillabenden mit Rindersteak oder herbstlichen Schmorgerichten.<\/p>\n","protected":false},"excerpt":{"rendered":"<p>Bordeaux mit Charakter: Kraftvoller 2010er mit Cabernet und Merlot, reif und lecker zum Genie\u00dfen.<\/p>\n","protected":false},"featured_media":12400,"comment_status":"open","ping_status":"closed","template":"","meta":{"_acf_changed":false,"_et_pb_use_builder":"","_et_pb_old_content":"","_et_gb_content_width":"","inline_featured_image":false,"_price":"9.99","_stock":"-1","_tribe_ticket_header":"","_tribe_default_ticket_provider":"","_tribe_ticket_capacity":"","_ticket_start_date":"","_ticket_end_date":"","_tribe_ticket_show_description":"","_tribe_ticket_show_not_going":false,"_tribe_ticket_use_global_stock":"","_tribe_ticket_global_stock_level":"","_global_stock_mode":"","_global_stock_cap":"","_tribe_rsvp_for_event":"","_tribe_ticket_going_count":"","_tribe_ticket_not_going_count":"","_tribe_tickets_list":"[]","_tribe_ticket_has_attendee_info_fields":false,"_tec_slr_enabled":"","_tec_slr_layout":""},"product_brand":[],"product_cat":[124],"product_tag":[],"class_list":{"0":"post-12200","1":"product","2":"type-product","3":"status-publish","4":"has-post-thumbnail","6":"product_cat-rotwein","8":"first","9":"outofstock","10":"taxable","11":"shipping-taxable","12":"purchasable","13":"product-type-simple"},"acf":[],"_links":{"self":[{"href":"https:\/\/weinhundert.com\/da\/wp-json\/wp\/v2\/product\/12200","targetHints":{"allow":["GET"]}}],"collection":[{"href":"https:\/\/weinhundert.com\/da\/wp-json\/wp\/v2\/product"}],"about":[{"href":"https:\/\/weinhundert.com\/da\/wp-json\/wp\/v2\/types\/product"}],"replies":[{"embeddable":true,"href":"https:\/\/weinhundert.com\/da\/wp-json\/wp\/v2\/comments?post=12200"}],"wp:featuredmedia":[{"embeddable":true,"href":"https:\/\/weinhundert.com\/da\/wp-json\/wp\/v2\/media\/12400"}],"wp:attachment":[{"href":"https:\/\/weinhundert.com\/da\/wp-json\/wp\/v2\/media?parent=12200"}],"wp:term":[{"taxonomy":"product_brand","embeddable":true,"href":"https:\/\/weinhundert.com\/da\/wp-json\/wp\/v2\/product_brand?post=12200"},{"taxonomy":"product_cat","embeddable":true,"href":"https:\/\/weinhundert.com\/da\/wp-json\/wp\/v2\/product_cat?post=12200"},{"taxonomy":"product_tag","embeddable":true,"href":"https:\/\/weinhundert.com\/da\/wp-json\/wp\/v2\/product_tag?post=12200"}],"curies":[{"name":"wp","href":"https:\/\/api.w.org\/{rel}","templated":true}]}}