{"id":12230,"date":"2026-03-31T22:03:24","date_gmt":"2026-03-31T20:03:24","guid":{"rendered":"https:\/\/weinhundert.com\/produkt\/borgogno-barbera-superiore-2013-075-l\/"},"modified":"2026-04-02T13:33:24","modified_gmt":"2026-04-02T11:33:24","slug":"borgogno-barbera-superiore-2013-075-l","status":"publish","type":"product","link":"https:\/\/weinhundert.com\/da\/produkt\/borgogno-barbera-superiore-2013-075-l\/","title":{"rendered":"Borgogno Barbera Superiore 2013 0,75 l"},"content":{"rendered":"<p>Dieser Barbera Superiore aus dem Piemont zeigt dir, was in dieser untersch\u00e4tzten Rebsorte wirklich steckt. Der 2013er vom Weingut Borgogno bringt kraftvolle Kirschennoten mit einer angenehmen S\u00e4ure, die den Wein lebendig und frisch h\u00e4lt \u2013 keine schwere Nummer, sondern ein Rotwein mit echtem Biss. Mit 14 Prozent Alkohol sitzt er perfekt im Saft und entwickelt mit etwas Alter auch noch interessante Tiefgang-Noten. Passt hervorragend zu Pasta mit kr\u00e4ftigen So\u00dfen, gegrilltem Fleisch oder auch zu w\u00fcrzigen K\u00e4sesorten.<\/p>\n","protected":false},"excerpt":{"rendered":"<p>Piemont-Klassiker mit Power: Dieser Barbera Superiore besticht durch Kirschenfrucht und lebendige S\u00e4ure. Jetzt ein echter Geheimtipp.<\/p>\n","protected":false},"featured_media":12429,"comment_status":"open","ping_status":"closed","template":"","meta":{"_acf_changed":false,"_et_pb_use_builder":"","_et_pb_old_content":"","_et_gb_content_width":"","inline_featured_image":false,"_price":"19.99","_stock":"-1","_tribe_ticket_header":"","_tribe_default_ticket_provider":"","_tribe_ticket_capacity":"","_ticket_start_date":"","_ticket_end_date":"","_tribe_ticket_show_description":"","_tribe_ticket_show_not_going":false,"_tribe_ticket_use_global_stock":"","_tribe_ticket_global_stock_level":"","_global_stock_mode":"","_global_stock_cap":"","_tribe_rsvp_for_event":"","_tribe_ticket_going_count":"","_tribe_ticket_not_going_count":"","_tribe_tickets_list":"[]","_tribe_ticket_has_attendee_info_fields":false,"_tec_slr_enabled":"","_tec_slr_layout":""},"product_brand":[],"product_cat":[124],"product_tag":[],"class_list":{"0":"post-12230","1":"product","2":"type-product","3":"status-publish","4":"has-post-thumbnail","6":"product_cat-rotwein","8":"first","9":"outofstock","10":"taxable","11":"shipping-taxable","12":"purchasable","13":"product-type-simple"},"acf":[],"_links":{"self":[{"href":"https:\/\/weinhundert.com\/da\/wp-json\/wp\/v2\/product\/12230","targetHints":{"allow":["GET"]}}],"collection":[{"href":"https:\/\/weinhundert.com\/da\/wp-json\/wp\/v2\/product"}],"about":[{"href":"https:\/\/weinhundert.com\/da\/wp-json\/wp\/v2\/types\/product"}],"replies":[{"embeddable":true,"href":"https:\/\/weinhundert.com\/da\/wp-json\/wp\/v2\/comments?post=12230"}],"wp:featuredmedia":[{"embeddable":true,"href":"https:\/\/weinhundert.com\/da\/wp-json\/wp\/v2\/media\/12429"}],"wp:attachment":[{"href":"https:\/\/weinhundert.com\/da\/wp-json\/wp\/v2\/media?parent=12230"}],"wp:term":[{"taxonomy":"product_brand","embeddable":true,"href":"https:\/\/weinhundert.com\/da\/wp-json\/wp\/v2\/product_brand?post=12230"},{"taxonomy":"product_cat","embeddable":true,"href":"https:\/\/weinhundert.com\/da\/wp-json\/wp\/v2\/product_cat?post=12230"},{"taxonomy":"product_tag","embeddable":true,"href":"https:\/\/weinhundert.com\/da\/wp-json\/wp\/v2\/product_tag?post=12230"}],"curies":[{"name":"wp","href":"https:\/\/api.w.org\/{rel}","templated":true}]}}