{"id":12322,"date":"2026-03-31T22:07:52","date_gmt":"2026-03-31T20:07:52","guid":{"rendered":"https:\/\/weinhundert.com\/produkt\/diamandes-de-uco-malbec-2013-075-l\/"},"modified":"2026-04-02T13:34:46","modified_gmt":"2026-04-02T11:34:46","slug":"diamandes-de-uco-malbec-2013-075-l","status":"publish","type":"product","link":"https:\/\/weinhundert.com\/da\/produkt\/diamandes-de-uco-malbec-2013-075-l\/","title":{"rendered":"Diamandes de Uco Malbec 2013 0,75 l"},"content":{"rendered":"<p>Dieser Argentiner aus dem Uco-Tal zeigt dir, warum Malbec aus Mendoza so verdammt gut schmeckt \u2013 saftig, voller dunkler Beeren und mit einer W\u00fcrze, die im Mund richtig Lust macht. Der Jahrgang 2013 hat sich \u00fcber die Jahre wunderbar entwickelt und bringt jetzt eine sch\u00f6ne Reife mit sich, ohne dabei auch nur einen Hauch m\u00fcde zu wirken. Mit seinen 14,5 Prozent sitzt er perfekt im Glas und begeistert mit Noten von Pflaume, Kirsche und einem Hauch Pfeffer. Passend zu kr\u00e4ftigen Grillgerichten, Rindersteaks oder auch zu w\u00fcrzigen Eint\u00f6pfen \u2013 dieser Wein ist dein<\/p>\n","protected":false},"excerpt":{"rendered":"<p>Argentinischer Malbec mit verf\u00fchrerischer W\u00fcrze: saftige dunkle Beeren, reif und elegant, zum Grillen perfekt.<\/p>\n","protected":false},"featured_media":12508,"comment_status":"open","ping_status":"closed","template":"","meta":{"_acf_changed":false,"_et_pb_use_builder":"","_et_pb_old_content":"","_et_gb_content_width":"","inline_featured_image":false,"_price":"11.99","_stock":"1","_tribe_ticket_header":"","_tribe_default_ticket_provider":"","_tribe_ticket_capacity":"","_ticket_start_date":"","_ticket_end_date":"","_tribe_ticket_show_description":"","_tribe_ticket_show_not_going":false,"_tribe_ticket_use_global_stock":"","_tribe_ticket_global_stock_level":"","_global_stock_mode":"","_global_stock_cap":"","_tribe_rsvp_for_event":"","_tribe_ticket_going_count":"","_tribe_ticket_not_going_count":"","_tribe_tickets_list":"[]","_tribe_ticket_has_attendee_info_fields":false,"_tec_slr_enabled":"","_tec_slr_layout":""},"product_brand":[],"product_cat":[124],"product_tag":[],"class_list":{"0":"post-12322","1":"product","2":"type-product","3":"status-publish","4":"has-post-thumbnail","6":"product_cat-rotwein","8":"first","9":"instock","10":"taxable","11":"shipping-taxable","12":"purchasable","13":"product-type-simple"},"acf":[],"_links":{"self":[{"href":"https:\/\/weinhundert.com\/da\/wp-json\/wp\/v2\/product\/12322","targetHints":{"allow":["GET"]}}],"collection":[{"href":"https:\/\/weinhundert.com\/da\/wp-json\/wp\/v2\/product"}],"about":[{"href":"https:\/\/weinhundert.com\/da\/wp-json\/wp\/v2\/types\/product"}],"replies":[{"embeddable":true,"href":"https:\/\/weinhundert.com\/da\/wp-json\/wp\/v2\/comments?post=12322"}],"wp:featuredmedia":[{"embeddable":true,"href":"https:\/\/weinhundert.com\/da\/wp-json\/wp\/v2\/media\/12508"}],"wp:attachment":[{"href":"https:\/\/weinhundert.com\/da\/wp-json\/wp\/v2\/media?parent=12322"}],"wp:term":[{"taxonomy":"product_brand","embeddable":true,"href":"https:\/\/weinhundert.com\/da\/wp-json\/wp\/v2\/product_brand?post=12322"},{"taxonomy":"product_cat","embeddable":true,"href":"https:\/\/weinhundert.com\/da\/wp-json\/wp\/v2\/product_cat?post=12322"},{"taxonomy":"product_tag","embeddable":true,"href":"https:\/\/weinhundert.com\/da\/wp-json\/wp\/v2\/product_tag?post=12322"}],"curies":[{"name":"wp","href":"https:\/\/api.w.org\/{rel}","templated":true}]}}