{"id":12430,"date":"2026-03-31T22:13:04","date_gmt":"2026-03-31T20:13:04","guid":{"rendered":"https:\/\/weinhundert.com\/produkt\/buitenvervachting-1769-2011-050-l\/"},"modified":"2026-04-02T13:36:47","modified_gmt":"2026-04-02T11:36:47","slug":"buitenvervachting-1769-2011-050-l","status":"publish","type":"product","link":"https:\/\/weinhundert.com\/da\/produkt\/buitenvervachting-1769-2011-050-l\/","title":{"rendered":"Buitenvervachting 1769 2011 0,50 l"},"content":{"rendered":"<p>Lass dich von dem Buitenverwachting 1769 aus dem Jahr 2011 in die sonnenverw\u00f6hnten Weinberge S\u00fcdafrikas entf\u00fchren! Dieser Wei\u00dfwein aus der Muskateller-Traube bringt die Aromen von reifen Pfirsichen und einem Hauch von Zitrus direkt in dein Glas. Mit seinen frischen Noten und der angenehmen Lebhaftigkeit ist er der perfekte Begleiter f\u00fcr gesellige Abende oder entspannte Nachmittage. Ob zu einer leichten Fischplatte, raffinierten Salaten oder einfach solo als Genussmoment \u2013 dieser Wein macht jede Gelegenheit besonders. G\u00f6nn dir diesen Tropfen und lass dich von seinem Charme verf\u00fchren!<\/p>\n","protected":false},"excerpt":{"rendered":"<p>S\u00fcdafrikanischer Muskateller mit Pfirsich und Zitrusaromen \u2013 frisch, lebhaft und vielseitig einsetzbar f\u00fcr jeden Anlass.<\/p>\n","protected":false},"featured_media":12610,"comment_status":"open","ping_status":"closed","template":"","meta":{"_acf_changed":false,"_et_pb_use_builder":"","_et_pb_old_content":"","_et_gb_content_width":"","inline_featured_image":false,"_price":"14.99","_stock":"-1","_tribe_ticket_header":"","_tribe_default_ticket_provider":"","_tribe_ticket_capacity":"","_ticket_start_date":"","_ticket_end_date":"","_tribe_ticket_show_description":"","_tribe_ticket_show_not_going":false,"_tribe_ticket_use_global_stock":"","_tribe_ticket_global_stock_level":"","_global_stock_mode":"","_global_stock_cap":"","_tribe_rsvp_for_event":"","_tribe_ticket_going_count":"","_tribe_ticket_not_going_count":"","_tribe_tickets_list":"[]","_tribe_ticket_has_attendee_info_fields":false,"_tec_slr_enabled":"","_tec_slr_layout":""},"product_brand":[],"product_cat":[123],"product_tag":[],"class_list":{"0":"post-12430","1":"product","2":"type-product","3":"status-publish","4":"has-post-thumbnail","6":"product_cat-weisswein","8":"first","9":"outofstock","10":"taxable","11":"shipping-taxable","12":"purchasable","13":"product-type-simple"},"acf":[],"_links":{"self":[{"href":"https:\/\/weinhundert.com\/da\/wp-json\/wp\/v2\/product\/12430","targetHints":{"allow":["GET"]}}],"collection":[{"href":"https:\/\/weinhundert.com\/da\/wp-json\/wp\/v2\/product"}],"about":[{"href":"https:\/\/weinhundert.com\/da\/wp-json\/wp\/v2\/types\/product"}],"replies":[{"embeddable":true,"href":"https:\/\/weinhundert.com\/da\/wp-json\/wp\/v2\/comments?post=12430"}],"wp:featuredmedia":[{"embeddable":true,"href":"https:\/\/weinhundert.com\/da\/wp-json\/wp\/v2\/media\/12610"}],"wp:attachment":[{"href":"https:\/\/weinhundert.com\/da\/wp-json\/wp\/v2\/media?parent=12430"}],"wp:term":[{"taxonomy":"product_brand","embeddable":true,"href":"https:\/\/weinhundert.com\/da\/wp-json\/wp\/v2\/product_brand?post=12430"},{"taxonomy":"product_cat","embeddable":true,"href":"https:\/\/weinhundert.com\/da\/wp-json\/wp\/v2\/product_cat?post=12430"},{"taxonomy":"product_tag","embeddable":true,"href":"https:\/\/weinhundert.com\/da\/wp-json\/wp\/v2\/product_tag?post=12430"}],"curies":[{"name":"wp","href":"https:\/\/api.w.org\/{rel}","templated":true}]}}