{"id":12446,"date":"2026-03-31T22:13:55","date_gmt":"2026-03-31T20:13:55","guid":{"rendered":"https:\/\/weinhundert.com\/produkt\/chateau-yquem-2007-075-l\/"},"modified":"2026-04-02T13:37:01","modified_gmt":"2026-04-02T11:37:01","slug":"chateau-yquem-2007-075-l","status":"publish","type":"product","link":"https:\/\/weinhundert.com\/da\/produkt\/chateau-yquem-2007-075-l\/","title":{"rendered":"Chateau Yquem 2007 0,75 l"},"content":{"rendered":"<p>Der Chateau Yquem 2007 ist ein ganz besonderer Wei\u00dfwein aus dem Herzen von Bordeaux, der dich mit seiner geschmacklichen Vielfalt sofort in seinen Bann ziehen wird. Mit einem cleveren Mix aus Semillon und Sauvignon Blanc entfaltet er Aromen von reifen Fr\u00fcchten und einem Hauch von Honig, die wie ein sanfter Sonnenstrahl auf deiner Zunge tanzen. Dieser Wein ist nicht nur ein Hochgenuss f\u00fcr besondere Anl\u00e4sse, sondern passt auch wunderbar zu einem feinen Dessert wie Cr\u00e8me Br\u00fbl\u00e9e oder einer K\u00e4seplatte mit Blauschimmelk\u00e4se. G\u00f6nn dir diesen Schatz aus Sauternes und bring ein St\u00fcck franz\u00f6sische Lebensfreude in dein Glas!<\/p>\n","protected":false},"excerpt":{"rendered":"<p>Edler Sauternes mit Semillon und Sauvignon Blanc: reife Fr\u00fcchte, Honig und zeitlose Eleganz f\u00fcr besondere Momente.<\/p>\n","protected":false},"featured_media":12627,"comment_status":"open","ping_status":"closed","template":"","meta":{"_acf_changed":false,"_et_pb_use_builder":"","_et_pb_old_content":"","_et_gb_content_width":"","inline_featured_image":false,"_price":"359.00","_stock":"-1","_tribe_ticket_header":"","_tribe_default_ticket_provider":"","_tribe_ticket_capacity":"","_ticket_start_date":"","_ticket_end_date":"","_tribe_ticket_show_description":"","_tribe_ticket_show_not_going":false,"_tribe_ticket_use_global_stock":"","_tribe_ticket_global_stock_level":"","_global_stock_mode":"","_global_stock_cap":"","_tribe_rsvp_for_event":"","_tribe_ticket_going_count":"","_tribe_ticket_not_going_count":"","_tribe_tickets_list":"[]","_tribe_ticket_has_attendee_info_fields":false,"_tec_slr_enabled":"","_tec_slr_layout":""},"product_brand":[],"product_cat":[123],"product_tag":[],"class_list":{"0":"post-12446","1":"product","2":"type-product","3":"status-publish","4":"has-post-thumbnail","6":"product_cat-weisswein","8":"first","9":"outofstock","10":"taxable","11":"shipping-taxable","12":"purchasable","13":"product-type-simple"},"acf":[],"_links":{"self":[{"href":"https:\/\/weinhundert.com\/da\/wp-json\/wp\/v2\/product\/12446","targetHints":{"allow":["GET"]}}],"collection":[{"href":"https:\/\/weinhundert.com\/da\/wp-json\/wp\/v2\/product"}],"about":[{"href":"https:\/\/weinhundert.com\/da\/wp-json\/wp\/v2\/types\/product"}],"replies":[{"embeddable":true,"href":"https:\/\/weinhundert.com\/da\/wp-json\/wp\/v2\/comments?post=12446"}],"wp:featuredmedia":[{"embeddable":true,"href":"https:\/\/weinhundert.com\/da\/wp-json\/wp\/v2\/media\/12627"}],"wp:attachment":[{"href":"https:\/\/weinhundert.com\/da\/wp-json\/wp\/v2\/media?parent=12446"}],"wp:term":[{"taxonomy":"product_brand","embeddable":true,"href":"https:\/\/weinhundert.com\/da\/wp-json\/wp\/v2\/product_brand?post=12446"},{"taxonomy":"product_cat","embeddable":true,"href":"https:\/\/weinhundert.com\/da\/wp-json\/wp\/v2\/product_cat?post=12446"},{"taxonomy":"product_tag","embeddable":true,"href":"https:\/\/weinhundert.com\/da\/wp-json\/wp\/v2\/product_tag?post=12446"}],"curies":[{"name":"wp","href":"https:\/\/api.w.org\/{rel}","templated":true}]}}