{"id":12502,"date":"2026-03-31T22:16:27","date_gmt":"2026-03-31T20:16:27","guid":{"rendered":"https:\/\/weinhundert.com\/produkt\/carlos-i-100-l\/"},"modified":"2026-04-02T13:38:01","modified_gmt":"2026-04-02T11:38:01","slug":"carlos-i-100-l","status":"publish","type":"product","link":"https:\/\/weinhundert.com\/da\/produkt\/carlos-i-100-l\/","title":{"rendered":"Carlos I 1,00 l"},"content":{"rendered":"<p>Dieser spanische Brandy aus dem Haus Osborne ist seit Generationen ein Klassiker in jeder Bar \u2013 und das aus gutem Grund. Mit 40% Alkohol bringt er dir intensive Noten von reifer Frucht, Vanille und feinen Holzaromen, die von Jahren in amerikanischer Eiche herr\u00fchren. Carlos I schmeckt pur genossen absolut klasse, l\u00e4sst sich aber auch perfekt f\u00fcr Cocktails nutzen oder nach dem Essen genie\u00dfen. Ein verl\u00e4sslicher Partner f\u00fcr alle, die einen w\u00fcrdigen Digestif oder einen erstklassigen Mischgetr\u00e4nk-Begleiter suchen.<\/p>\n","protected":false},"excerpt":{"rendered":"<p>Spanischer Klassiker mit feiner Vanille und Holzaroma \u2013 pur oder im Cocktail unschlagbar.<\/p>\n","protected":false},"featured_media":12679,"comment_status":"open","ping_status":"closed","template":"","meta":{"_acf_changed":false,"_et_pb_use_builder":"","_et_pb_old_content":"","_et_gb_content_width":"","inline_featured_image":false,"_price":"26.99","_stock":"-1","_tribe_ticket_header":"","_tribe_default_ticket_provider":"","_tribe_ticket_capacity":"","_ticket_start_date":"","_ticket_end_date":"","_tribe_ticket_show_description":"","_tribe_ticket_show_not_going":false,"_tribe_ticket_use_global_stock":"","_tribe_ticket_global_stock_level":"","_global_stock_mode":"","_global_stock_cap":"","_tribe_rsvp_for_event":"","_tribe_ticket_going_count":"","_tribe_ticket_not_going_count":"","_tribe_tickets_list":"[]","_tribe_ticket_has_attendee_info_fields":false,"_tec_slr_enabled":"","_tec_slr_layout":""},"product_brand":[],"product_cat":[127],"product_tag":[],"class_list":{"0":"post-12502","1":"product","2":"type-product","3":"status-publish","4":"has-post-thumbnail","6":"product_cat-spirituosen","8":"first","9":"outofstock","10":"taxable","11":"shipping-taxable","12":"purchasable","13":"product-type-simple"},"acf":[],"_links":{"self":[{"href":"https:\/\/weinhundert.com\/da\/wp-json\/wp\/v2\/product\/12502","targetHints":{"allow":["GET"]}}],"collection":[{"href":"https:\/\/weinhundert.com\/da\/wp-json\/wp\/v2\/product"}],"about":[{"href":"https:\/\/weinhundert.com\/da\/wp-json\/wp\/v2\/types\/product"}],"replies":[{"embeddable":true,"href":"https:\/\/weinhundert.com\/da\/wp-json\/wp\/v2\/comments?post=12502"}],"wp:featuredmedia":[{"embeddable":true,"href":"https:\/\/weinhundert.com\/da\/wp-json\/wp\/v2\/media\/12679"}],"wp:attachment":[{"href":"https:\/\/weinhundert.com\/da\/wp-json\/wp\/v2\/media?parent=12502"}],"wp:term":[{"taxonomy":"product_brand","embeddable":true,"href":"https:\/\/weinhundert.com\/da\/wp-json\/wp\/v2\/product_brand?post=12502"},{"taxonomy":"product_cat","embeddable":true,"href":"https:\/\/weinhundert.com\/da\/wp-json\/wp\/v2\/product_cat?post=12502"},{"taxonomy":"product_tag","embeddable":true,"href":"https:\/\/weinhundert.com\/da\/wp-json\/wp\/v2\/product_tag?post=12502"}],"curies":[{"name":"wp","href":"https:\/\/api.w.org\/{rel}","templated":true}]}}