{"id":12512,"date":"2026-03-31T22:17:00","date_gmt":"2026-03-31T20:17:00","guid":{"rendered":"https:\/\/weinhundert.com\/produkt\/dalmore-12-years-jahre-070-l\/"},"modified":"2026-04-02T13:38:10","modified_gmt":"2026-04-02T11:38:10","slug":"dalmore-12-years-jahre-070-l","status":"publish","type":"product","link":"https:\/\/weinhundert.com\/da\/produkt\/dalmore-12-years-jahre-070-l\/","title":{"rendered":"Dalmore 12 Years Jahre 0,70 l"},"content":{"rendered":"<p>Der Dalmore 12 Years ist ein schottischer Single Malt, der mit einer wunderbar ausbalancierten Mischung aus S\u00fc\u00dfe und W\u00fcrze besticht. Nach zw\u00f6lf Jahren Reifung in ex-Bourbon F\u00e4ssern entwickelt dieser Whiskey tiefe Noten von Honig, Orangen und feinen Holzgew\u00fcrzen, die dich mit jedem Schluck aufs Neue \u00fcberraschen. Das Aroma ist vollmundig ohne dabei zu schwer zu wirken \u2013 perfekt f\u00fcr pur genossene Abende oder als Basis f\u00fcr deinen liebsten Cocktail. Probier ihn zu gegrilltem Lachs oder w\u00fcrzigen Grillspezialit\u00e4ten!<\/p>\n","protected":false},"excerpt":{"rendered":"<p>Schottischer Klassiker mit Honig-, Orangen- und Gew\u00fcrznoten. Wunderbar ausgewogen und vielseitig einsetzbar.<\/p>\n","protected":false},"featured_media":12690,"comment_status":"open","ping_status":"closed","template":"","meta":{"_acf_changed":false,"_et_pb_use_builder":"","_et_pb_old_content":"","_et_gb_content_width":"","inline_featured_image":false,"_price":"39.90","_stock":"-1","_tribe_ticket_header":"","_tribe_default_ticket_provider":"","_tribe_ticket_capacity":"","_ticket_start_date":"","_ticket_end_date":"","_tribe_ticket_show_description":"","_tribe_ticket_show_not_going":false,"_tribe_ticket_use_global_stock":"","_tribe_ticket_global_stock_level":"","_global_stock_mode":"","_global_stock_cap":"","_tribe_rsvp_for_event":"","_tribe_ticket_going_count":"","_tribe_ticket_not_going_count":"","_tribe_tickets_list":"[]","_tribe_ticket_has_attendee_info_fields":false,"_tec_slr_enabled":"","_tec_slr_layout":""},"product_brand":[],"product_cat":[127],"product_tag":[],"class_list":{"0":"post-12512","1":"product","2":"type-product","3":"status-publish","4":"has-post-thumbnail","6":"product_cat-spirituosen","8":"first","9":"outofstock","10":"taxable","11":"shipping-taxable","12":"purchasable","13":"product-type-simple"},"acf":[],"_links":{"self":[{"href":"https:\/\/weinhundert.com\/da\/wp-json\/wp\/v2\/product\/12512","targetHints":{"allow":["GET"]}}],"collection":[{"href":"https:\/\/weinhundert.com\/da\/wp-json\/wp\/v2\/product"}],"about":[{"href":"https:\/\/weinhundert.com\/da\/wp-json\/wp\/v2\/types\/product"}],"replies":[{"embeddable":true,"href":"https:\/\/weinhundert.com\/da\/wp-json\/wp\/v2\/comments?post=12512"}],"wp:featuredmedia":[{"embeddable":true,"href":"https:\/\/weinhundert.com\/da\/wp-json\/wp\/v2\/media\/12690"}],"wp:attachment":[{"href":"https:\/\/weinhundert.com\/da\/wp-json\/wp\/v2\/media?parent=12512"}],"wp:term":[{"taxonomy":"product_brand","embeddable":true,"href":"https:\/\/weinhundert.com\/da\/wp-json\/wp\/v2\/product_brand?post=12512"},{"taxonomy":"product_cat","embeddable":true,"href":"https:\/\/weinhundert.com\/da\/wp-json\/wp\/v2\/product_cat?post=12512"},{"taxonomy":"product_tag","embeddable":true,"href":"https:\/\/weinhundert.com\/da\/wp-json\/wp\/v2\/product_tag?post=12512"}],"curies":[{"name":"wp","href":"https:\/\/api.w.org\/{rel}","templated":true}]}}