{"id":12541,"date":"2026-03-31T22:18:14","date_gmt":"2026-03-31T20:18:14","guid":{"rendered":"https:\/\/weinhundert.com\/produkt\/lepanto-solera-gran-reserva-070-l\/"},"modified":"2026-04-02T13:38:39","modified_gmt":"2026-04-02T11:38:39","slug":"lepanto-solera-gran-reserva-070-l","status":"publish","type":"product","link":"https:\/\/weinhundert.com\/da\/produkt\/lepanto-solera-gran-reserva-070-l\/","title":{"rendered":"Lepanto Solera Gran Reserva 0,70 l"},"content":{"rendered":"<p>Dieser spanische Brandy ist ein echter Charakter \u2013 kr\u00e4ftig, intensiv und mit einer beeindruckenden Tiefe, die Jahre in der Solera-Fasstechnik hinterlassen haben. Du merkst sofort, dass hier keine Kompromisse gemacht wurden: w\u00fcrzige Noten treffen auf karamellisierte S\u00fc\u00dfe, dazu gesellen sich erdige Untert\u00f6ne, die dem Ganzen Nachhaltigkeit verleihen. Bei 36% Alkohol sitzt dieser Lepanto konzentriert und vollmundig im Glas \u2013 perfekt zum Genie\u00dfen nach dem Essen, pur oder mit ein paar Tropfen Wasser. Ideal zu dunkler Schokolade, reifen K\u00e4sesorten oder einfach als w\u00fcrdiger Abschluss<\/p>\n","protected":false},"excerpt":{"rendered":"<p>W\u00fcrziger Charakter aus der Solera-Fasstechnik: kr\u00e4ftig, intensiv mit karamellisierter S\u00fc\u00dfe und erdigen Untert\u00f6nen.<\/p>\n","protected":false},"featured_media":12719,"comment_status":"open","ping_status":"closed","template":"","meta":{"_acf_changed":false,"_et_pb_use_builder":"","_et_pb_old_content":"","_et_gb_content_width":"","inline_featured_image":false,"_price":"21.90","_stock":"8","_tribe_ticket_header":"","_tribe_default_ticket_provider":"","_tribe_ticket_capacity":"","_ticket_start_date":"","_ticket_end_date":"","_tribe_ticket_show_description":"","_tribe_ticket_show_not_going":false,"_tribe_ticket_use_global_stock":"","_tribe_ticket_global_stock_level":"","_global_stock_mode":"","_global_stock_cap":"","_tribe_rsvp_for_event":"","_tribe_ticket_going_count":"","_tribe_ticket_not_going_count":"","_tribe_tickets_list":"[]","_tribe_ticket_has_attendee_info_fields":false,"_tec_slr_enabled":"","_tec_slr_layout":""},"product_brand":[],"product_cat":[127],"product_tag":[],"class_list":{"0":"post-12541","1":"product","2":"type-product","3":"status-publish","4":"has-post-thumbnail","6":"product_cat-spirituosen","8":"first","9":"instock","10":"taxable","11":"shipping-taxable","12":"purchasable","13":"product-type-simple"},"acf":[],"_links":{"self":[{"href":"https:\/\/weinhundert.com\/da\/wp-json\/wp\/v2\/product\/12541","targetHints":{"allow":["GET"]}}],"collection":[{"href":"https:\/\/weinhundert.com\/da\/wp-json\/wp\/v2\/product"}],"about":[{"href":"https:\/\/weinhundert.com\/da\/wp-json\/wp\/v2\/types\/product"}],"replies":[{"embeddable":true,"href":"https:\/\/weinhundert.com\/da\/wp-json\/wp\/v2\/comments?post=12541"}],"wp:featuredmedia":[{"embeddable":true,"href":"https:\/\/weinhundert.com\/da\/wp-json\/wp\/v2\/media\/12719"}],"wp:attachment":[{"href":"https:\/\/weinhundert.com\/da\/wp-json\/wp\/v2\/media?parent=12541"}],"wp:term":[{"taxonomy":"product_brand","embeddable":true,"href":"https:\/\/weinhundert.com\/da\/wp-json\/wp\/v2\/product_brand?post=12541"},{"taxonomy":"product_cat","embeddable":true,"href":"https:\/\/weinhundert.com\/da\/wp-json\/wp\/v2\/product_cat?post=12541"},{"taxonomy":"product_tag","embeddable":true,"href":"https:\/\/weinhundert.com\/da\/wp-json\/wp\/v2\/product_tag?post=12541"}],"curies":[{"name":"wp","href":"https:\/\/api.w.org\/{rel}","templated":true}]}}