{"id":12560,"date":"2026-03-31T22:19:12","date_gmt":"2026-03-31T20:19:12","guid":{"rendered":"https:\/\/weinhundert.com\/produkt\/remy-martin-xo-100-l\/"},"modified":"2026-04-02T13:38:59","modified_gmt":"2026-04-02T11:38:59","slug":"remy-martin-xo-100-l","status":"publish","type":"product","link":"https:\/\/weinhundert.com\/da\/produkt\/remy-martin-xo-100-l\/","title":{"rendered":"Remy Martin XO 1,00 l"},"content":{"rendered":"<p>Der Remy Martin XO ist ein wahrer Genuss f\u00fcr alle Liebhaber feiner Spirituosen. Dieser k\u00f6stliche Cognac stammt aus der renommierten Region Cognac in Frankreich und hat einen Alkoholgehalt von 40 %. Mit seinem facettenreichen Charakter \u00fcberrascht er jeden Gaumen und l\u00e4dt dazu ein, in die Welt des Genusses einzutauchen. Die Aromen von reifen Fr\u00fcchten, zarten Gew\u00fcrzen und einem Hauch von Eiche harmonieren wunderbar und entfalten sich wunderbar in jedem Schluck. G\u00f6nn dir diesen besonderen Tropfen am besten zu einem St\u00fcck dunkler Schokolade oder als kr\u00f6nenden Abschluss nach einem feinen Dinner. Prost auf genussvolle Momente!<\/p>\n","protected":false},"excerpt":{"rendered":"<p>Meisterlicher Cognac mit reifen Fr\u00fcchten, zarten Gew\u00fcrzen und edler Eiche \u2013 pure Eleganz in jedem Schluck.<\/p>\n","protected":false},"featured_media":12737,"comment_status":"open","ping_status":"closed","template":"","meta":{"_acf_changed":false,"_et_pb_use_builder":"","_et_pb_old_content":"","_et_gb_content_width":"","inline_featured_image":false,"_price":"169.00","_stock":"-1","_tribe_ticket_header":"","_tribe_default_ticket_provider":"","_tribe_ticket_capacity":"","_ticket_start_date":"","_ticket_end_date":"","_tribe_ticket_show_description":"","_tribe_ticket_show_not_going":false,"_tribe_ticket_use_global_stock":"","_tribe_ticket_global_stock_level":"","_global_stock_mode":"","_global_stock_cap":"","_tribe_rsvp_for_event":"","_tribe_ticket_going_count":"","_tribe_ticket_not_going_count":"","_tribe_tickets_list":"[]","_tribe_ticket_has_attendee_info_fields":false,"_tec_slr_enabled":"","_tec_slr_layout":""},"product_brand":[],"product_cat":[127],"product_tag":[],"class_list":{"0":"post-12560","1":"product","2":"type-product","3":"status-publish","4":"has-post-thumbnail","6":"product_cat-spirituosen","8":"first","9":"outofstock","10":"taxable","11":"shipping-taxable","12":"purchasable","13":"product-type-simple"},"acf":[],"_links":{"self":[{"href":"https:\/\/weinhundert.com\/da\/wp-json\/wp\/v2\/product\/12560","targetHints":{"allow":["GET"]}}],"collection":[{"href":"https:\/\/weinhundert.com\/da\/wp-json\/wp\/v2\/product"}],"about":[{"href":"https:\/\/weinhundert.com\/da\/wp-json\/wp\/v2\/types\/product"}],"replies":[{"embeddable":true,"href":"https:\/\/weinhundert.com\/da\/wp-json\/wp\/v2\/comments?post=12560"}],"wp:featuredmedia":[{"embeddable":true,"href":"https:\/\/weinhundert.com\/da\/wp-json\/wp\/v2\/media\/12737"}],"wp:attachment":[{"href":"https:\/\/weinhundert.com\/da\/wp-json\/wp\/v2\/media?parent=12560"}],"wp:term":[{"taxonomy":"product_brand","embeddable":true,"href":"https:\/\/weinhundert.com\/da\/wp-json\/wp\/v2\/product_brand?post=12560"},{"taxonomy":"product_cat","embeddable":true,"href":"https:\/\/weinhundert.com\/da\/wp-json\/wp\/v2\/product_cat?post=12560"},{"taxonomy":"product_tag","embeddable":true,"href":"https:\/\/weinhundert.com\/da\/wp-json\/wp\/v2\/product_tag?post=12560"}],"curies":[{"name":"wp","href":"https:\/\/api.w.org\/{rel}","templated":true}]}}